{"id":3715,"date":"2026-03-23T14:46:36","date_gmt":"2026-03-23T14:46:36","guid":{"rendered":"https:\/\/educaredigital.online\/loja\/produto\/500-fatos-fantasticos-sobre-ciencias\/"},"modified":"2026-04-09T14:17:19","modified_gmt":"2026-04-09T14:17:19","slug":"500-fatos-fantasticos-sobre-ciencias","status":"publish","type":"product","link":"https:\/\/educaredigital.online\/loja\/produto\/500-fatos-fantasticos-sobre-ciencias\/","title":{"rendered":"500 fatos Fant\u00e1sticos Sobre Ci\u00eancias"},"content":{"rendered":"<p data-start=\"0\" data-end=\"282\"><strong><span class=\"hover:entity-accent entity-underline inline cursor-pointer align-baseline\"><span class=\"whitespace-normal\">500 Fatos Fant\u00e1sticos Sobre Ci\u00eancias<\/span><\/span><\/strong> \u00e9 uma obra envolvente que re\u00fane informa\u00e7\u00f5es surpreendentes sobre o universo da ci\u00eancia. Com fatos curiosos e interessantes, o livro desperta a curiosidade e torna o aprendizado mais din\u00e2mico e acess\u00edvel para leitores de todas as idades.<\/p>\n<p data-start=\"284\" data-end=\"567\" data-is-last-node=\"\" data-is-only-node=\"\">Com linguagem simples e conte\u00fado variado, a obra aborda diferentes \u00e1reas cient\u00edficas, incentivando o pensamento cr\u00edtico e o interesse pelo conhecimento. Ideal para quem gosta de descobrir novas informa\u00e7\u00f5es de forma leve e divertida, \u00e9 uma excelente op\u00e7\u00e3o para aprender todos os dias.<\/p>\n<div class=\"details-table-wrapper\">\n<table class=\"product-details-table\">\n<tbody>\n<tr>\n<td>Autor<\/td>\n<td>Dan Green e P\u00e9 da Letra<\/td>\n<\/tr>\n<tr>\n<td>ISBN<\/td>\n<td>9786558885849<\/td>\n<\/tr>\n<tr>\n<td>Editora<\/td>\n<td>P\u00e9 da Letra<\/td>\n<\/tr>\n<tr>\n<td>N\u00ba de p\u00e1ginas<\/td>\n<td>304<\/td>\n<\/tr>\n<\/tbody>\n<\/table>\n<\/div>\n","protected":false},"excerpt":{"rendered":"<p>500 Fatos Fant\u00e1sticos Sobre Ci\u00eancias \u00e9 uma obra envolvente que re\u00fane informa\u00e7\u00f5es surpreendentes sobre o universo da ci\u00eancia. Com fatos curiosos e interessantes, o livro desperta a curiosidade e torna o aprendizado mais din\u00e2mico e acess\u00edvel para leitores de todas<\/p>\n","protected":false},"featured_media":3714,"comment_status":"open","ping_status":"closed","template":"","meta":[],"product_brand":[],"product_cat":[205],"product_tag":[],"class_list":{"0":"post-3715","1":"product","2":"type-product","3":"status-publish","6":"product_cat-fundamental-4-ao-5","8":"first","9":"instock","10":"shipping-taxable","11":"purchasable","12":"product-type-simple"},"_links":{"self":[{"href":"https:\/\/educaredigital.online\/loja\/wp-json\/wp\/v2\/product\/3715","targetHints":{"allow":["GET"]}}],"collection":[{"href":"https:\/\/educaredigital.online\/loja\/wp-json\/wp\/v2\/product"}],"about":[{"href":"https:\/\/educaredigital.online\/loja\/wp-json\/wp\/v2\/types\/product"}],"replies":[{"embeddable":true,"href":"https:\/\/educaredigital.online\/loja\/wp-json\/wp\/v2\/comments?post=3715"}],"wp:featuredmedia":[{"embeddable":true,"href":"https:\/\/educaredigital.online\/loja\/wp-json\/wp\/v2\/media\/3714"}],"wp:attachment":[{"href":"https:\/\/educaredigital.online\/loja\/wp-json\/wp\/v2\/media?parent=3715"}],"wp:term":[{"taxonomy":"product_brand","embeddable":true,"href":"https:\/\/educaredigital.online\/loja\/wp-json\/wp\/v2\/product_brand?post=3715"},{"taxonomy":"product_cat","embeddable":true,"href":"https:\/\/educaredigital.online\/loja\/wp-json\/wp\/v2\/product_cat?post=3715"},{"taxonomy":"product_tag","embeddable":true,"href":"https:\/\/educaredigital.online\/loja\/wp-json\/wp\/v2\/product_tag?post=3715"}],"curies":[{"name":"wp","href":"https:\/\/api.w.org\/{rel}","templated":true}]}}