{"id":3709,"date":"2026-03-23T14:46:29","date_gmt":"2026-03-23T14:46:29","guid":{"rendered":"https:\/\/educaredigital.online\/loja\/produto\/500-adesivos-novo-testamento\/"},"modified":"2026-03-24T13:03:36","modified_gmt":"2026-03-24T13:03:36","slug":"500-adesivos-novo-testamento","status":"publish","type":"product","link":"https:\/\/educaredigital.online\/loja\/produto\/500-adesivos-novo-testamento\/","title":{"rendered":"500 Adesivos &#8211; Novo Testamento"},"content":{"rendered":"<p data-start=\"0\" data-end=\"279\"><strong><span class=\"hover:entity-accent entity-underline inline cursor-pointer align-baseline\"><span class=\"whitespace-normal\">500 Adesivos &#8211; Novo Testamento<\/span><\/span><\/strong> \u00e9 uma forma divertida e interativa de apresentar as hist\u00f3rias b\u00edblicas \u00e0s crian\u00e7as. Com diversas passagens do Novo Testamento, a obra combina leitura e atividades, tornando o aprendizado mais envolvente por meio do uso de adesivos.<\/p>\n<p data-start=\"281\" data-end=\"531\" data-is-last-node=\"\" data-is-only-node=\"\">Com ilustra\u00e7\u00f5es coloridas e linguagem acess\u00edvel, o livro estimula a criatividade, a coordena\u00e7\u00e3o motora e o interesse pelos ensinamentos b\u00edblicos. Ideal para momentos em fam\u00edlia ou na escola, \u00e9 uma excelente op\u00e7\u00e3o para unir divers\u00e3o, f\u00e9 e aprendizado.<\/p>\n<div class=\"details-table-wrapper\">\n<table class=\"product-details-table\">\n<tbody>\n<tr>\n<td>Autor<\/td>\n<td>P\u00e9 da Letra<\/td>\n<\/tr>\n<tr>\n<td>ISBN<\/td>\n<td>9786558886167<\/td>\n<\/tr>\n<tr>\n<td>Editora<\/td>\n<td>P\u00e9 da Letra<\/td>\n<\/tr>\n<tr>\n<td>N\u00ba de p\u00e1ginas<\/td>\n<td>16<\/td>\n<\/tr>\n<\/tbody>\n<\/table>\n<\/div>\n","protected":false},"excerpt":{"rendered":"<p>500 Adesivos &#8211; Novo Testamento \u00e9 uma forma divertida e interativa de apresentar as hist\u00f3rias b\u00edblicas \u00e0s crian\u00e7as. Com diversas passagens do Novo Testamento, a obra combina leitura e atividades, tornando o aprendizado mais envolvente por meio do uso de<\/p>\n","protected":false},"featured_media":3708,"comment_status":"open","ping_status":"closed","template":"","meta":[],"product_brand":[],"product_cat":[201],"product_tag":[],"class_list":{"0":"post-3709","1":"product","2":"type-product","3":"status-publish","6":"product_cat-livros-4-e-5-anos","8":"first","9":"instock","10":"shipping-taxable","11":"purchasable","12":"product-type-simple"},"_links":{"self":[{"href":"https:\/\/educaredigital.online\/loja\/wp-json\/wp\/v2\/product\/3709","targetHints":{"allow":["GET"]}}],"collection":[{"href":"https:\/\/educaredigital.online\/loja\/wp-json\/wp\/v2\/product"}],"about":[{"href":"https:\/\/educaredigital.online\/loja\/wp-json\/wp\/v2\/types\/product"}],"replies":[{"embeddable":true,"href":"https:\/\/educaredigital.online\/loja\/wp-json\/wp\/v2\/comments?post=3709"}],"wp:featuredmedia":[{"embeddable":true,"href":"https:\/\/educaredigital.online\/loja\/wp-json\/wp\/v2\/media\/3708"}],"wp:attachment":[{"href":"https:\/\/educaredigital.online\/loja\/wp-json\/wp\/v2\/media?parent=3709"}],"wp:term":[{"taxonomy":"product_brand","embeddable":true,"href":"https:\/\/educaredigital.online\/loja\/wp-json\/wp\/v2\/product_brand?post=3709"},{"taxonomy":"product_cat","embeddable":true,"href":"https:\/\/educaredigital.online\/loja\/wp-json\/wp\/v2\/product_cat?post=3709"},{"taxonomy":"product_tag","embeddable":true,"href":"https:\/\/educaredigital.online\/loja\/wp-json\/wp\/v2\/product_tag?post=3709"}],"curies":[{"name":"wp","href":"https:\/\/api.w.org\/{rel}","templated":true}]}}