{"id":3705,"date":"2026-03-23T14:46:26","date_gmt":"2026-03-23T14:46:26","guid":{"rendered":"https:\/\/educaredigital.online\/loja\/produto\/365-sudokus\/"},"modified":"2026-03-24T12:39:01","modified_gmt":"2026-03-24T12:39:01","slug":"365-sudokus","status":"publish","type":"product","link":"https:\/\/educaredigital.online\/loja\/produto\/365-sudokus\/","title":{"rendered":"365 Sudokus"},"content":{"rendered":"<p data-start=\"0\" data-end=\"293\"><strong><span class=\"hover:entity-accent entity-underline inline cursor-pointer align-baseline\"><span class=\"whitespace-normal\">65 Sudokus<\/span><\/span><\/strong> \u00e9 perfeito para quem gosta de desafios que estimulam o racioc\u00ednio l\u00f3gico todos os dias do ano. Com um sudoku para cada dia, a obra oferece uma sequ\u00eancia variada de n\u00edveis, ideal tanto para iniciantes quanto para quem j\u00e1 tem experi\u00eancia com o jogo.<\/p>\n<p data-start=\"295\" data-end=\"539\" data-is-last-node=\"\" data-is-only-node=\"\">Com organiza\u00e7\u00e3o pr\u00e1tica e linguagem clara, o livro ajuda a desenvolver a concentra\u00e7\u00e3o, a mem\u00f3ria e a agilidade mental de forma divertida. \u00c9 uma excelente op\u00e7\u00e3o de passatempo educativo, ideal para manter a mente ativa em qualquer momento do dia.<\/p>\n<div class=\"details-table-wrapper\">\n<table class=\"product-details-table\">\n<tbody>\n<tr>\n<td>Autor<\/td>\n<td>James Misse e P\u00e9 da Letra<\/td>\n<\/tr>\n<tr>\n<td>ISBN<\/td>\n<td>9786558880813<\/td>\n<\/tr>\n<tr>\n<td>Editora<\/td>\n<td>P\u00e9 da Letra<\/td>\n<\/tr>\n<tr>\n<td>N\u00ba de p\u00e1ginas<\/td>\n<td>368<\/td>\n<\/tr>\n<\/tbody>\n<\/table>\n<\/div>\n","protected":false},"excerpt":{"rendered":"<p>65 Sudokus \u00e9 perfeito para quem gosta de desafios que estimulam o racioc\u00ednio l\u00f3gico todos os dias do ano. Com um sudoku para cada dia, a obra oferece uma sequ\u00eancia variada de n\u00edveis, ideal tanto para iniciantes quanto para quem<\/p>\n","protected":false},"featured_media":3704,"comment_status":"open","ping_status":"closed","template":"","meta":[],"product_brand":[],"product_cat":[205],"product_tag":[],"class_list":{"0":"post-3705","1":"product","2":"type-product","3":"status-publish","6":"product_cat-fundamental-4-ao-5","8":"first","9":"instock","10":"shipping-taxable","11":"purchasable","12":"product-type-simple"},"_links":{"self":[{"href":"https:\/\/educaredigital.online\/loja\/wp-json\/wp\/v2\/product\/3705","targetHints":{"allow":["GET"]}}],"collection":[{"href":"https:\/\/educaredigital.online\/loja\/wp-json\/wp\/v2\/product"}],"about":[{"href":"https:\/\/educaredigital.online\/loja\/wp-json\/wp\/v2\/types\/product"}],"replies":[{"embeddable":true,"href":"https:\/\/educaredigital.online\/loja\/wp-json\/wp\/v2\/comments?post=3705"}],"wp:featuredmedia":[{"embeddable":true,"href":"https:\/\/educaredigital.online\/loja\/wp-json\/wp\/v2\/media\/3704"}],"wp:attachment":[{"href":"https:\/\/educaredigital.online\/loja\/wp-json\/wp\/v2\/media?parent=3705"}],"wp:term":[{"taxonomy":"product_brand","embeddable":true,"href":"https:\/\/educaredigital.online\/loja\/wp-json\/wp\/v2\/product_brand?post=3705"},{"taxonomy":"product_cat","embeddable":true,"href":"https:\/\/educaredigital.online\/loja\/wp-json\/wp\/v2\/product_cat?post=3705"},{"taxonomy":"product_tag","embeddable":true,"href":"https:\/\/educaredigital.online\/loja\/wp-json\/wp\/v2\/product_tag?post=3705"}],"curies":[{"name":"wp","href":"https:\/\/api.w.org\/{rel}","templated":true}]}}