{"id":3703,"date":"2026-03-23T14:46:23","date_gmt":"2026-03-23T14:46:23","guid":{"rendered":"https:\/\/educaredigital.online\/loja\/produto\/365-promessas-de-deus-para-voce\/"},"modified":"2026-03-24T12:37:11","modified_gmt":"2026-03-24T12:37:11","slug":"365-promessas-de-deus-para-voce","status":"publish","type":"product","link":"https:\/\/educaredigital.online\/loja\/produto\/365-promessas-de-deus-para-voce\/","title":{"rendered":"365 Promessas de Deus para voc\u00ea"},"content":{"rendered":"<p><strong>365 Promessas de Deus para Voc\u00ea<\/strong> \u00e9 uma obra inspiradora que traz mensagens di\u00e1rias baseadas nas promessas b\u00edblicas, oferecendo conforto, f\u00e9 e esperan\u00e7a para cada dia do ano. Com trechos selecionados da B\u00edblia, o livro convida o leitor a momentos de reflex\u00e3o e conex\u00e3o espiritual.<\/p>\n<p>Com linguagem acess\u00edvel e conte\u00fado acolhedor, \u00e9 ideal para fortalecer a f\u00e9 e cultivar pensamentos positivos no dia a dia. Perfeito para leitura individual ou em fam\u00edlia, proporciona inspira\u00e7\u00e3o cont\u00ednua e incentiva uma rotina de espiritualidade e confian\u00e7a.<\/p>\n<div class=\"details-table-wrapper\">\n<table class=\"product-details-table\">\n<tbody>\n<tr>\n<td>Autor<\/td>\n<td>P\u00e9 da Letra<\/td>\n<\/tr>\n<tr>\n<td>ISBN<\/td>\n<td>9788595204980<\/td>\n<\/tr>\n<tr>\n<td>Editora<\/td>\n<td>P\u00e9 da Letra<\/td>\n<\/tr>\n<tr>\n<td>N\u00ba de p\u00e1ginas<\/td>\n<td>384<\/td>\n<\/tr>\n<\/tbody>\n<\/table>\n<\/div>\n","protected":false},"excerpt":{"rendered":"<p>365 Promessas de Deus para Voc\u00ea \u00e9 uma obra inspiradora que traz mensagens di\u00e1rias baseadas nas promessas b\u00edblicas, oferecendo conforto, f\u00e9 e esperan\u00e7a para cada dia do ano. Com trechos selecionados da B\u00edblia, o livro convida o leitor a momentos<\/p>\n","protected":false},"featured_media":3702,"comment_status":"open","ping_status":"closed","template":"","meta":[],"product_brand":[],"product_cat":[207],"product_tag":[],"class_list":{"0":"post-3703","1":"product","2":"type-product","3":"status-publish","6":"product_cat-ensino-medio-1o-ao-3o","8":"first","9":"instock","10":"shipping-taxable","11":"purchasable","12":"product-type-simple"},"_links":{"self":[{"href":"https:\/\/educaredigital.online\/loja\/wp-json\/wp\/v2\/product\/3703","targetHints":{"allow":["GET"]}}],"collection":[{"href":"https:\/\/educaredigital.online\/loja\/wp-json\/wp\/v2\/product"}],"about":[{"href":"https:\/\/educaredigital.online\/loja\/wp-json\/wp\/v2\/types\/product"}],"replies":[{"embeddable":true,"href":"https:\/\/educaredigital.online\/loja\/wp-json\/wp\/v2\/comments?post=3703"}],"wp:featuredmedia":[{"embeddable":true,"href":"https:\/\/educaredigital.online\/loja\/wp-json\/wp\/v2\/media\/3702"}],"wp:attachment":[{"href":"https:\/\/educaredigital.online\/loja\/wp-json\/wp\/v2\/media?parent=3703"}],"wp:term":[{"taxonomy":"product_brand","embeddable":true,"href":"https:\/\/educaredigital.online\/loja\/wp-json\/wp\/v2\/product_brand?post=3703"},{"taxonomy":"product_cat","embeddable":true,"href":"https:\/\/educaredigital.online\/loja\/wp-json\/wp\/v2\/product_cat?post=3703"},{"taxonomy":"product_tag","embeddable":true,"href":"https:\/\/educaredigital.online\/loja\/wp-json\/wp\/v2\/product_tag?post=3703"}],"curies":[{"name":"wp","href":"https:\/\/api.w.org\/{rel}","templated":true}]}}