{"id":3701,"date":"2026-03-23T14:46:22","date_gmt":"2026-03-23T14:46:22","guid":{"rendered":"https:\/\/educaredigital.online\/loja\/produto\/365-piadas-curiosidades-e-adivinhas-capa-verde\/"},"modified":"2026-03-24T12:34:46","modified_gmt":"2026-03-24T12:34:46","slug":"365-piadas-curiosidades-e-adivinhas-capa-verde","status":"publish","type":"product","link":"https:\/\/educaredigital.online\/loja\/produto\/365-piadas-curiosidades-e-adivinhas-capa-verde\/","title":{"rendered":"365 Piadas &#8211; Curiosidades e Adivinhas &#8211; Capa Verde"},"content":{"rendered":"<p data-start=\"0\" data-end=\"286\"><strong><span class=\"hover:entity-accent entity-underline inline cursor-pointer align-baseline\"><span class=\"whitespace-normal\">365 Piadas &#8211; Curiosidades e Adivinhas &#8211; Capa Verde<\/span><\/span> <\/strong>\u00e9 uma op\u00e7\u00e3o divertida e cheia de variedade para entreter todos os dias do ano. Com uma combina\u00e7\u00e3o de piadas, curiosidades e adivinhas, a obra proporciona momentos de descontra\u00e7\u00e3o ao mesmo tempo em que estimula o racioc\u00ednio e a criatividade.<\/p>\n<p data-start=\"288\" data-end=\"536\" data-is-last-node=\"\" data-is-only-node=\"\">Com linguagem leve e conte\u00fado din\u00e2mico, o livro \u00e9 ideal para compartilhar em fam\u00edlia ou com amigos, tornando qualquer momento mais alegre e interativo. Perfeito para todas as idades, \u00e9 uma excelente escolha para quem busca divers\u00e3o com aprendizado.<\/p>\n<div class=\"details-table-wrapper\">\n<table class=\"product-details-table\">\n<tr>\n<td>Autor<\/td>\n<td>\tJames Misse e P\u00e9 da Letra<\/td>\n<\/tr>\n<tr>\n<td>ISBN<\/td>\n<td>9788595200081<\/td>\n<\/tr>\n<tr>\n<td>Editora<\/td>\n<td>P\u00e9 da Letra<\/td>\n<\/tr>\n<tr>\n<td>N\u00ba de p\u00e1ginas<\/td>\n<td>368<\/td>\n<\/tr>\n<\/table><\/div>\n","protected":false},"excerpt":{"rendered":"<p>365 Piadas &#8211; Curiosidades e Adivinhas &#8211; Capa Verde \u00e9 uma op\u00e7\u00e3o divertida e cheia de variedade para entreter todos os dias do ano. Com uma combina\u00e7\u00e3o de piadas, curiosidades e adivinhas, a obra proporciona momentos de descontra\u00e7\u00e3o ao mesmo<\/p>\n","protected":false},"featured_media":3700,"comment_status":"open","ping_status":"closed","template":"","meta":[],"product_brand":[],"product_cat":[205],"product_tag":[],"class_list":{"0":"post-3701","1":"product","2":"type-product","3":"status-publish","6":"product_cat-fundamental-4-ao-5","8":"first","9":"instock","10":"shipping-taxable","11":"purchasable","12":"product-type-simple"},"_links":{"self":[{"href":"https:\/\/educaredigital.online\/loja\/wp-json\/wp\/v2\/product\/3701","targetHints":{"allow":["GET"]}}],"collection":[{"href":"https:\/\/educaredigital.online\/loja\/wp-json\/wp\/v2\/product"}],"about":[{"href":"https:\/\/educaredigital.online\/loja\/wp-json\/wp\/v2\/types\/product"}],"replies":[{"embeddable":true,"href":"https:\/\/educaredigital.online\/loja\/wp-json\/wp\/v2\/comments?post=3701"}],"wp:featuredmedia":[{"embeddable":true,"href":"https:\/\/educaredigital.online\/loja\/wp-json\/wp\/v2\/media\/3700"}],"wp:attachment":[{"href":"https:\/\/educaredigital.online\/loja\/wp-json\/wp\/v2\/media?parent=3701"}],"wp:term":[{"taxonomy":"product_brand","embeddable":true,"href":"https:\/\/educaredigital.online\/loja\/wp-json\/wp\/v2\/product_brand?post=3701"},{"taxonomy":"product_cat","embeddable":true,"href":"https:\/\/educaredigital.online\/loja\/wp-json\/wp\/v2\/product_cat?post=3701"},{"taxonomy":"product_tag","embeddable":true,"href":"https:\/\/educaredigital.online\/loja\/wp-json\/wp\/v2\/product_tag?post=3701"}],"curies":[{"name":"wp","href":"https:\/\/api.w.org\/{rel}","templated":true}]}}