{"id":3699,"date":"2026-03-23T14:46:21","date_gmt":"2026-03-23T14:46:21","guid":{"rendered":"https:\/\/educaredigital.online\/loja\/produto\/365-piadas\/"},"modified":"2026-03-24T12:33:18","modified_gmt":"2026-03-24T12:33:18","slug":"365-piadas","status":"publish","type":"product","link":"https:\/\/educaredigital.online\/loja\/produto\/365-piadas\/","title":{"rendered":"365 Piadas"},"content":{"rendered":"<p data-start=\"0\" data-end=\"276\"><strong><span class=\"hover:entity-accent entity-underline inline cursor-pointer align-baseline\"><span class=\"whitespace-normal\">365 Piadas<\/span><\/span><\/strong> \u00e9 garantia de divers\u00e3o para todos os dias do ano, com uma sele\u00e7\u00e3o de piadas leves e engra\u00e7adas que encantam crian\u00e7as e adultos. Cada p\u00e1gina traz uma nova oportunidade de dar boas risadas, tornando a leitura simples e descontra\u00edda.<\/p>\n<p data-start=\"278\" data-end=\"513\" data-is-last-node=\"\" data-is-only-node=\"\">Com linguagem acess\u00edvel e conte\u00fado divertido, a obra estimula a socializa\u00e7\u00e3o e o bom humor, sendo perfeita para compartilhar com amigos e familiares. Ideal para momentos de lazer, \u00e9 uma \u00f3tima escolha para alegrar o dia a qualquer hora.<\/p>\n<div class=\"details-table-wrapper\">\n<table class=\"product-details-table\">\n<tbody>\n<tr>\n<td>Autor<\/td>\n<td>James Misse e P\u00e9 da Letra<\/td>\n<\/tr>\n<tr>\n<td>ISBN<\/td>\n<td>9788561403362<\/td>\n<\/tr>\n<tr>\n<td>Editora<\/td>\n<td>P\u00e9 da Letra<\/td>\n<\/tr>\n<tr>\n<td>N\u00ba de p\u00e1ginas<\/td>\n<td>368<\/td>\n<\/tr>\n<\/tbody>\n<\/table>\n<\/div>\n","protected":false},"excerpt":{"rendered":"<p>365 Piadas \u00e9 garantia de divers\u00e3o para todos os dias do ano, com uma sele\u00e7\u00e3o de piadas leves e engra\u00e7adas que encantam crian\u00e7as e adultos. Cada p\u00e1gina traz uma nova oportunidade de dar boas risadas, tornando a leitura simples e<\/p>\n","protected":false},"featured_media":3698,"comment_status":"open","ping_status":"closed","template":"","meta":[],"product_brand":[],"product_cat":[205],"product_tag":[],"class_list":{"0":"post-3699","1":"product","2":"type-product","3":"status-publish","6":"product_cat-fundamental-4-ao-5","8":"first","9":"instock","10":"shipping-taxable","11":"purchasable","12":"product-type-simple"},"_links":{"self":[{"href":"https:\/\/educaredigital.online\/loja\/wp-json\/wp\/v2\/product\/3699","targetHints":{"allow":["GET"]}}],"collection":[{"href":"https:\/\/educaredigital.online\/loja\/wp-json\/wp\/v2\/product"}],"about":[{"href":"https:\/\/educaredigital.online\/loja\/wp-json\/wp\/v2\/types\/product"}],"replies":[{"embeddable":true,"href":"https:\/\/educaredigital.online\/loja\/wp-json\/wp\/v2\/comments?post=3699"}],"wp:featuredmedia":[{"embeddable":true,"href":"https:\/\/educaredigital.online\/loja\/wp-json\/wp\/v2\/media\/3698"}],"wp:attachment":[{"href":"https:\/\/educaredigital.online\/loja\/wp-json\/wp\/v2\/media?parent=3699"}],"wp:term":[{"taxonomy":"product_brand","embeddable":true,"href":"https:\/\/educaredigital.online\/loja\/wp-json\/wp\/v2\/product_brand?post=3699"},{"taxonomy":"product_cat","embeddable":true,"href":"https:\/\/educaredigital.online\/loja\/wp-json\/wp\/v2\/product_cat?post=3699"},{"taxonomy":"product_tag","embeddable":true,"href":"https:\/\/educaredigital.online\/loja\/wp-json\/wp\/v2\/product_tag?post=3699"}],"curies":[{"name":"wp","href":"https:\/\/api.w.org\/{rel}","templated":true}]}}