{"id":3697,"date":"2026-03-23T14:46:18","date_gmt":"2026-03-23T14:46:18","guid":{"rendered":"https:\/\/educaredigital.online\/loja\/produto\/365-passatempos-curiosidades-de-historia\/"},"modified":"2026-03-24T12:29:38","modified_gmt":"2026-03-24T12:29:38","slug":"365-passatempos-curiosidades-de-historia","status":"publish","type":"product","link":"https:\/\/educaredigital.online\/loja\/produto\/365-passatempos-curiosidades-de-historia\/","title":{"rendered":"365 Passatempos &#038; Curiosidades de Hist\u00f3ria"},"content":{"rendered":"<p data-start=\"0\" data-end=\"274\"><strong><span class=\"hover:entity-accent entity-underline inline cursor-pointer align-baseline\"><span class=\"whitespace-normal\">365 Passatempos &amp; Curiosidades de Hist\u00f3ria<\/span><\/span><\/strong> \u00e9 ideal para quem gosta de explorar o passado de forma divertida e interativa. Com uma atividade para cada dia do ano, a obra re\u00fane jogos, desafios e curiosidades que tornam o aprendizado de hist\u00f3ria leve, din\u00e2mico e envolvente.<\/p>\n<p data-start=\"276\" data-end=\"531\" data-is-last-node=\"\" data-is-only-node=\"\">Com linguagem acess\u00edvel e conte\u00fados variados, o livro estimula a mem\u00f3ria, o racioc\u00ednio e o interesse por acontecimentos hist\u00f3ricos marcantes. Perfeito para leitores de todas as idades, \u00e9 uma excelente maneira de aprender enquanto se diverte todos os dias<\/p>\n<div class=\"details-table-wrapper\">\n<table class=\"product-details-table\">\n<tbody>\n<tr>\n<td>Autor<\/td>\n<td>James Misse e P\u00e9 da Letra<\/td>\n<\/tr>\n<tr>\n<td>ISBN<\/td>\n<td>9786558884460<\/td>\n<\/tr>\n<tr>\n<td>Editora<\/td>\n<td>P\u00e9 da Letra<\/td>\n<\/tr>\n<tr>\n<td>N\u00ba de p\u00e1ginas<\/td>\n<td>368<\/td>\n<\/tr>\n<\/tbody>\n<\/table>\n<\/div>\n","protected":false},"excerpt":{"rendered":"<p>365 Passatempos &amp; Curiosidades de Hist\u00f3ria \u00e9 ideal para quem gosta de explorar o passado de forma divertida e interativa. Com uma atividade para cada dia do ano, a obra re\u00fane jogos, desafios e curiosidades que tornam o aprendizado de<\/p>\n","protected":false},"featured_media":3696,"comment_status":"open","ping_status":"closed","template":"","meta":[],"product_brand":[],"product_cat":[205],"product_tag":[],"class_list":{"0":"post-3697","1":"product","2":"type-product","3":"status-publish","6":"product_cat-fundamental-4-ao-5","8":"first","9":"instock","10":"shipping-taxable","11":"purchasable","12":"product-type-simple"},"_links":{"self":[{"href":"https:\/\/educaredigital.online\/loja\/wp-json\/wp\/v2\/product\/3697","targetHints":{"allow":["GET"]}}],"collection":[{"href":"https:\/\/educaredigital.online\/loja\/wp-json\/wp\/v2\/product"}],"about":[{"href":"https:\/\/educaredigital.online\/loja\/wp-json\/wp\/v2\/types\/product"}],"replies":[{"embeddable":true,"href":"https:\/\/educaredigital.online\/loja\/wp-json\/wp\/v2\/comments?post=3697"}],"wp:featuredmedia":[{"embeddable":true,"href":"https:\/\/educaredigital.online\/loja\/wp-json\/wp\/v2\/media\/3696"}],"wp:attachment":[{"href":"https:\/\/educaredigital.online\/loja\/wp-json\/wp\/v2\/media?parent=3697"}],"wp:term":[{"taxonomy":"product_brand","embeddable":true,"href":"https:\/\/educaredigital.online\/loja\/wp-json\/wp\/v2\/product_brand?post=3697"},{"taxonomy":"product_cat","embeddable":true,"href":"https:\/\/educaredigital.online\/loja\/wp-json\/wp\/v2\/product_cat?post=3697"},{"taxonomy":"product_tag","embeddable":true,"href":"https:\/\/educaredigital.online\/loja\/wp-json\/wp\/v2\/product_tag?post=3697"}],"curies":[{"name":"wp","href":"https:\/\/api.w.org\/{rel}","templated":true}]}}