{"id":3681,"date":"2026-03-23T14:46:01","date_gmt":"2026-03-23T14:46:01","guid":{"rendered":"https:\/\/educaredigital.online\/loja\/produto\/365-letrao-criptogramas\/"},"modified":"2026-03-24T12:07:38","modified_gmt":"2026-03-24T12:07:38","slug":"365-letrao-criptogramas","status":"publish","type":"product","link":"https:\/\/educaredigital.online\/loja\/produto\/365-letrao-criptogramas\/","title":{"rendered":"365 Letr\u00e3o &#8211; Criptogramas"},"content":{"rendered":"<p data-start=\"0\" data-end=\"316\"><strong><span class=\"hover:entity-accent entity-underline inline cursor-pointer align-baseline\"><span class=\"whitespace-normal\">365 Letr\u00e3o &#8211; Criptogramas<\/span><\/span> <\/strong>\u00e9 perfeito para quem aprecia desafios que estimulam o racioc\u00ednio e a l\u00f3gica todos os dias do ano. Com uma atividade por dia, a obra apresenta criptogramas variados que incentivam a concentra\u00e7\u00e3o, a an\u00e1lise e o desenvolvimento do pensamento estrat\u00e9gico de forma divertida.<\/p>\n<p data-start=\"318\" data-end=\"556\" data-is-last-node=\"\" data-is-only-node=\"\">Com letras em formato ampliado, o livro proporciona maior conforto visual, tornando a experi\u00eancia mais acess\u00edvel para diferentes idades. Ideal para momentos de lazer educativo, \u00e9 uma \u00f3tima op\u00e7\u00e3o para exercitar a mente enquanto se diverte.<\/p>\n<div class=\"details-table-wrapper\">\n<table class=\"product-details-table\">\n<tbody>\n<tr>\n<td>Autor<\/td>\n<td>James Misse e P\u00e9 da Letra<\/td>\n<\/tr>\n<tr>\n<td>ISBN<\/td>\n<td>9786558887669<\/td>\n<\/tr>\n<tr>\n<td>Editora<\/td>\n<td>P\u00e9 da Letra<\/td>\n<\/tr>\n<tr>\n<td>N\u00ba de p\u00e1ginas<\/td>\n<td>368<\/td>\n<\/tr>\n<\/tbody>\n<\/table>\n<\/div>\n","protected":false},"excerpt":{"rendered":"<p>365 Letr\u00e3o &#8211; Criptogramas \u00e9 perfeito para quem aprecia desafios que estimulam o racioc\u00ednio e a l\u00f3gica todos os dias do ano. Com uma atividade por dia, a obra apresenta criptogramas variados que incentivam a concentra\u00e7\u00e3o, a an\u00e1lise e o<\/p>\n","protected":false},"featured_media":3680,"comment_status":"open","ping_status":"closed","template":"","meta":[],"product_brand":[],"product_cat":[205],"product_tag":[],"class_list":{"0":"post-3681","1":"product","2":"type-product","3":"status-publish","6":"product_cat-fundamental-4-ao-5","8":"first","9":"instock","10":"shipping-taxable","11":"purchasable","12":"product-type-simple"},"_links":{"self":[{"href":"https:\/\/educaredigital.online\/loja\/wp-json\/wp\/v2\/product\/3681","targetHints":{"allow":["GET"]}}],"collection":[{"href":"https:\/\/educaredigital.online\/loja\/wp-json\/wp\/v2\/product"}],"about":[{"href":"https:\/\/educaredigital.online\/loja\/wp-json\/wp\/v2\/types\/product"}],"replies":[{"embeddable":true,"href":"https:\/\/educaredigital.online\/loja\/wp-json\/wp\/v2\/comments?post=3681"}],"wp:featuredmedia":[{"embeddable":true,"href":"https:\/\/educaredigital.online\/loja\/wp-json\/wp\/v2\/media\/3680"}],"wp:attachment":[{"href":"https:\/\/educaredigital.online\/loja\/wp-json\/wp\/v2\/media?parent=3681"}],"wp:term":[{"taxonomy":"product_brand","embeddable":true,"href":"https:\/\/educaredigital.online\/loja\/wp-json\/wp\/v2\/product_brand?post=3681"},{"taxonomy":"product_cat","embeddable":true,"href":"https:\/\/educaredigital.online\/loja\/wp-json\/wp\/v2\/product_cat?post=3681"},{"taxonomy":"product_tag","embeddable":true,"href":"https:\/\/educaredigital.online\/loja\/wp-json\/wp\/v2\/product_tag?post=3681"}],"curies":[{"name":"wp","href":"https:\/\/api.w.org\/{rel}","templated":true}]}}