{"id":3679,"date":"2026-03-23T14:46:00","date_gmt":"2026-03-23T14:46:00","guid":{"rendered":"https:\/\/educaredigital.online\/loja\/produto\/365-letrao-caca-palavras\/"},"modified":"2026-03-24T12:04:50","modified_gmt":"2026-03-24T12:04:50","slug":"365-letrao-caca-palavras","status":"publish","type":"product","link":"https:\/\/educaredigital.online\/loja\/produto\/365-letrao-caca-palavras\/","title":{"rendered":"365 Letr\u00e3o &#8211; Ca\u00e7a Palavras"},"content":{"rendered":"<p data-start=\"0\" data-end=\"264\"><strong><span class=\"hover:entity-accent entity-underline inline cursor-pointer align-baseline\"><span class=\"whitespace-normal\">365 Letr\u00e3o &#8211; Ca\u00e7a Palavras<\/span><\/span><\/strong> \u00e9 uma excelente op\u00e7\u00e3o para quem gosta de desafios e divers\u00e3o todos os dias do ano. Com uma p\u00e1gina de ca\u00e7a-palavras para cada dia, a obra estimula o racioc\u00ednio, a concentra\u00e7\u00e3o e o vocabul\u00e1rio de forma leve e envolvente.<\/p>\n<p data-start=\"266\" data-end=\"525\" data-is-last-node=\"\" data-is-only-node=\"\">Com letras em formato ampliado, o livro oferece mais conforto na leitura e facilita a visualiza\u00e7\u00e3o, sendo ideal para diferentes idades. Perfeito para momentos de lazer educativo, \u00e9 uma \u00f3tima escolha para desenvolver habilidades cognitivas enquanto se diverte.<\/p>\n<div class=\"details-table-wrapper\">\n<table class=\"product-details-table\">\n<tbody>\n<tr>\n<td>Autor<\/td>\n<td>James Misse e P\u00e9 da Letra<\/td>\n<\/tr>\n<tr>\n<td>ISBN<\/td>\n<td>9786558887638<\/td>\n<\/tr>\n<tr>\n<td>Editora<\/td>\n<td>P\u00e9 da Letra<\/td>\n<\/tr>\n<tr>\n<td>N\u00ba de p\u00e1ginas<\/td>\n<td>368<\/td>\n<\/tr>\n<\/tbody>\n<\/table>\n<\/div>\n","protected":false},"excerpt":{"rendered":"<p>365 Letr\u00e3o &#8211; Ca\u00e7a Palavras \u00e9 uma excelente op\u00e7\u00e3o para quem gosta de desafios e divers\u00e3o todos os dias do ano. Com uma p\u00e1gina de ca\u00e7a-palavras para cada dia, a obra estimula o racioc\u00ednio, a concentra\u00e7\u00e3o e o vocabul\u00e1rio de<\/p>\n","protected":false},"featured_media":3678,"comment_status":"open","ping_status":"closed","template":"","meta":[],"product_brand":[],"product_cat":[207],"product_tag":[],"class_list":{"0":"post-3679","1":"product","2":"type-product","3":"status-publish","6":"product_cat-ensino-medio-1o-ao-3o","8":"first","9":"instock","10":"shipping-taxable","11":"purchasable","12":"product-type-simple"},"_links":{"self":[{"href":"https:\/\/educaredigital.online\/loja\/wp-json\/wp\/v2\/product\/3679","targetHints":{"allow":["GET"]}}],"collection":[{"href":"https:\/\/educaredigital.online\/loja\/wp-json\/wp\/v2\/product"}],"about":[{"href":"https:\/\/educaredigital.online\/loja\/wp-json\/wp\/v2\/types\/product"}],"replies":[{"embeddable":true,"href":"https:\/\/educaredigital.online\/loja\/wp-json\/wp\/v2\/comments?post=3679"}],"wp:featuredmedia":[{"embeddable":true,"href":"https:\/\/educaredigital.online\/loja\/wp-json\/wp\/v2\/media\/3678"}],"wp:attachment":[{"href":"https:\/\/educaredigital.online\/loja\/wp-json\/wp\/v2\/media?parent=3679"}],"wp:term":[{"taxonomy":"product_brand","embeddable":true,"href":"https:\/\/educaredigital.online\/loja\/wp-json\/wp\/v2\/product_brand?post=3679"},{"taxonomy":"product_cat","embeddable":true,"href":"https:\/\/educaredigital.online\/loja\/wp-json\/wp\/v2\/product_cat?post=3679"},{"taxonomy":"product_tag","embeddable":true,"href":"https:\/\/educaredigital.online\/loja\/wp-json\/wp\/v2\/product_tag?post=3679"}],"curies":[{"name":"wp","href":"https:\/\/api.w.org\/{rel}","templated":true}]}}