{"id":3677,"date":"2026-03-23T14:45:58","date_gmt":"2026-03-23T14:45:58","guid":{"rendered":"https:\/\/educaredigital.online\/loja\/produto\/365-historias-para-dormir-formato-menor\/"},"modified":"2026-03-24T11:59:51","modified_gmt":"2026-03-24T11:59:51","slug":"365-historias-para-dormir-formato-menor","status":"publish","type":"product","link":"https:\/\/educaredigital.online\/loja\/produto\/365-historias-para-dormir-formato-menor\/","title":{"rendered":"365 Hist\u00f3rias para Dormir &#8211; Formato Menor"},"content":{"rendered":"<p data-start=\"0\" data-end=\"293\"><strong><span class=\"hover:entity-accent entity-underline inline cursor-pointer align-baseline\"><span class=\"whitespace-normal\">365 Hist\u00f3rias para Dormir <\/span><\/span><\/strong>\u00e9 perfeito para tornar o momento antes de dormir ainda mais especial. Com uma hist\u00f3ria para cada dia do ano, a obra traz narrativas curtas, leves e encantadoras que ajudam a acalmar as crian\u00e7as e criar uma rotina noturna tranquila.<\/p>\n<p data-start=\"295\" data-end=\"576\" data-is-last-node=\"\" data-is-only-node=\"\">Com linguagem simples e ilustra\u00e7\u00f5es delicadas, o livro estimula a imagina\u00e7\u00e3o ao mesmo tempo em que proporciona conforto e relaxamento. Ideal para leitura di\u00e1ria em fam\u00edlia, o formato menor \u00e9 pr\u00e1tico e f\u00e1cil de manusear, sendo perfeito para acompanhar os pequenos em qualquer lugar.<\/p>\n<div class=\"details-table-wrapper\">\n<table class=\"product-details-table\">\n<tbody>\n<tr>\n<td>ISBN<\/td>\n<td>9786558884217<\/td>\n<\/tr>\n<tr>\n<td>Editora<\/td>\n<td>P\u00e9 da Letra<\/td>\n<\/tr>\n<tr>\n<td>N\u00ba de p\u00e1ginas<\/td>\n<td>192<\/td>\n<\/tr>\n<\/tbody>\n<\/table>\n<\/div>\n","protected":false},"excerpt":{"rendered":"<p>365 Hist\u00f3rias para Dormir \u00e9 perfeito para tornar o momento antes de dormir ainda mais especial. Com uma hist\u00f3ria para cada dia do ano, a obra traz narrativas curtas, leves e encantadoras que ajudam a acalmar as crian\u00e7as e criar<\/p>\n","protected":false},"featured_media":3676,"comment_status":"open","ping_status":"closed","template":"","meta":[],"product_brand":[],"product_cat":[201],"product_tag":[],"class_list":{"0":"post-3677","1":"product","2":"type-product","3":"status-publish","6":"product_cat-livros-4-e-5-anos","8":"first","9":"instock","10":"shipping-taxable","11":"purchasable","12":"product-type-simple"},"_links":{"self":[{"href":"https:\/\/educaredigital.online\/loja\/wp-json\/wp\/v2\/product\/3677","targetHints":{"allow":["GET"]}}],"collection":[{"href":"https:\/\/educaredigital.online\/loja\/wp-json\/wp\/v2\/product"}],"about":[{"href":"https:\/\/educaredigital.online\/loja\/wp-json\/wp\/v2\/types\/product"}],"replies":[{"embeddable":true,"href":"https:\/\/educaredigital.online\/loja\/wp-json\/wp\/v2\/comments?post=3677"}],"wp:featuredmedia":[{"embeddable":true,"href":"https:\/\/educaredigital.online\/loja\/wp-json\/wp\/v2\/media\/3676"}],"wp:attachment":[{"href":"https:\/\/educaredigital.online\/loja\/wp-json\/wp\/v2\/media?parent=3677"}],"wp:term":[{"taxonomy":"product_brand","embeddable":true,"href":"https:\/\/educaredigital.online\/loja\/wp-json\/wp\/v2\/product_brand?post=3677"},{"taxonomy":"product_cat","embeddable":true,"href":"https:\/\/educaredigital.online\/loja\/wp-json\/wp\/v2\/product_cat?post=3677"},{"taxonomy":"product_tag","embeddable":true,"href":"https:\/\/educaredigital.online\/loja\/wp-json\/wp\/v2\/product_tag?post=3677"}],"curies":[{"name":"wp","href":"https:\/\/api.w.org\/{rel}","templated":true}]}}