{"id":3675,"date":"2026-03-23T14:45:57","date_gmt":"2026-03-23T14:45:57","guid":{"rendered":"https:\/\/educaredigital.online\/loja\/produto\/365-historias-de-animais\/"},"modified":"2026-03-24T11:55:51","modified_gmt":"2026-03-24T11:55:51","slug":"365-historias-de-animais","status":"publish","type":"product","link":"https:\/\/educaredigital.online\/loja\/produto\/365-historias-de-animais\/","title":{"rendered":"365 Hist\u00f3rias de Animais"},"content":{"rendered":"<p data-start=\"0\" data-end=\"313\"><strong><span class=\"hover:entity-accent entity-underline inline cursor-pointer align-baseline\"><span class=\"whitespace-normal\">365 Hist\u00f3rias de Animais<\/span><\/span><\/strong> traz uma encantadora colet\u00e2nea de hist\u00f3rias protagonizadas por animais, perfeita para acompanhar as crian\u00e7as ao longo de todo o ano. Cada dia apresenta uma nova narrativa, cheia de aventuras, li\u00e7\u00f5es e personagens cativantes que despertam a curiosidade e a imagina\u00e7\u00e3o.<\/p>\n<p data-start=\"315\" data-end=\"586\" data-is-last-node=\"\" data-is-only-node=\"\">Com linguagem simples e ilustra\u00e7\u00f5es envolventes, a obra estimula o h\u00e1bito da leitura di\u00e1ria, al\u00e9m de transmitir valores como amizade, respeito e coopera\u00e7\u00e3o. Ideal para momentos em fam\u00edlia, \u00e9 uma forma divertida e educativa de aprender com o universo animal todos os dias.<\/p>\n<div class=\"details-table-wrapper\">\n<table class=\"product-details-table\">\n<tbody>\n<tr>\n<td>ISBN<\/td>\n<td>9786558883913<\/td>\n<\/tr>\n<tr>\n<td>Editora<\/td>\n<td>P\u00e9 da Letra<\/td>\n<\/tr>\n<tr>\n<td>N\u00ba de p\u00e1ginas<\/td>\n<td>192<\/td>\n<\/tr>\n<\/tbody>\n<\/table>\n<\/div>\n","protected":false},"excerpt":{"rendered":"<p>365 Hist\u00f3rias de Animais traz uma encantadora colet\u00e2nea de hist\u00f3rias protagonizadas por animais, perfeita para acompanhar as crian\u00e7as ao longo de todo o ano. Cada dia apresenta uma nova narrativa, cheia de aventuras, li\u00e7\u00f5es e personagens cativantes que despertam a<\/p>\n","protected":false},"featured_media":3674,"comment_status":"open","ping_status":"closed","template":"","meta":[],"product_brand":[],"product_cat":[201],"product_tag":[],"class_list":{"0":"post-3675","1":"product","2":"type-product","3":"status-publish","6":"product_cat-livros-4-e-5-anos","8":"first","9":"instock","10":"shipping-taxable","11":"purchasable","12":"product-type-simple"},"_links":{"self":[{"href":"https:\/\/educaredigital.online\/loja\/wp-json\/wp\/v2\/product\/3675","targetHints":{"allow":["GET"]}}],"collection":[{"href":"https:\/\/educaredigital.online\/loja\/wp-json\/wp\/v2\/product"}],"about":[{"href":"https:\/\/educaredigital.online\/loja\/wp-json\/wp\/v2\/types\/product"}],"replies":[{"embeddable":true,"href":"https:\/\/educaredigital.online\/loja\/wp-json\/wp\/v2\/comments?post=3675"}],"wp:featuredmedia":[{"embeddable":true,"href":"https:\/\/educaredigital.online\/loja\/wp-json\/wp\/v2\/media\/3674"}],"wp:attachment":[{"href":"https:\/\/educaredigital.online\/loja\/wp-json\/wp\/v2\/media?parent=3675"}],"wp:term":[{"taxonomy":"product_brand","embeddable":true,"href":"https:\/\/educaredigital.online\/loja\/wp-json\/wp\/v2\/product_brand?post=3675"},{"taxonomy":"product_cat","embeddable":true,"href":"https:\/\/educaredigital.online\/loja\/wp-json\/wp\/v2\/product_cat?post=3675"},{"taxonomy":"product_tag","embeddable":true,"href":"https:\/\/educaredigital.online\/loja\/wp-json\/wp\/v2\/product_tag?post=3675"}],"curies":[{"name":"wp","href":"https:\/\/api.w.org\/{rel}","templated":true}]}}