{"id":3673,"date":"2026-03-23T14:45:55","date_gmt":"2026-03-23T14:45:55","guid":{"rendered":"https:\/\/educaredigital.online\/loja\/produto\/365-historias-biblicas-para-ler-e-ouvir\/"},"modified":"2026-03-24T11:52:28","modified_gmt":"2026-03-24T11:52:28","slug":"365-historias-biblicas-para-ler-e-ouvir","status":"publish","type":"product","link":"https:\/\/educaredigital.online\/loja\/produto\/365-historias-biblicas-para-ler-e-ouvir\/","title":{"rendered":"365 Hist\u00f3rias B\u00edblicas para Ler e Ouvir"},"content":{"rendered":"<p data-start=\"0\" data-end=\"357\"><strong><span class=\"hover:entity-accent entity-underline inline cursor-pointer align-baseline\"><span class=\"whitespace-normal\">365 Hist\u00f3rias B\u00edblicas para Ler e Ouvir<\/span><\/span><\/strong> re\u00fane uma sele\u00e7\u00e3o especial de hist\u00f3rias da B\u00edblia adaptadas para o p\u00fablico infantil, proporcionando momentos di\u00e1rios de aprendizado e reflex\u00e3o. Com uma proposta envolvente, a obra permite que as crian\u00e7as acompanhem as narrativas tanto pela leitura quanto pela escuta, tornando a experi\u00eancia ainda mais din\u00e2mica.<\/p>\n<p data-start=\"359\" data-end=\"665\" data-is-last-node=\"\" data-is-only-node=\"\">Com linguagem simples e ilustra\u00e7\u00f5es encantadoras, o livro facilita a compreens\u00e3o dos ensinamentos b\u00edblicos e fortalece valores como f\u00e9, amor e respeito. Ideal para a rotina em fam\u00edlia, \u00e9 uma excelente maneira de incentivar o h\u00e1bito da leitura e promover momentos de conex\u00e3o e espiritualidade todos os dias.<\/p>\n<div class=\"details-table-wrapper\">\n<table class=\"product-details-table\">\n<tbody>\n<tr>\n<td>Autor<\/td>\n<td>Beatriz Hune<\/td>\n<\/tr>\n<tr>\n<td>ISBN<\/td>\n<td>9788595200623<\/td>\n<\/tr>\n<tr>\n<td>Editora<\/td>\n<td>P\u00e9 da letra<\/td>\n<\/tr>\n<tr>\n<td>N\u00ba de p\u00e1ginas<\/td>\n<td>365<\/td>\n<\/tr>\n<\/tbody>\n<\/table>\n<\/div>\n","protected":false},"excerpt":{"rendered":"<p>365 Hist\u00f3rias B\u00edblicas para Ler e Ouvir re\u00fane uma sele\u00e7\u00e3o especial de hist\u00f3rias da B\u00edblia adaptadas para o p\u00fablico infantil, proporcionando momentos di\u00e1rios de aprendizado e reflex\u00e3o. Com uma proposta envolvente, a obra permite que as crian\u00e7as acompanhem as narrativas<\/p>\n","protected":false},"featured_media":3672,"comment_status":"open","ping_status":"closed","template":"","meta":[],"product_brand":[],"product_cat":[201],"product_tag":[],"class_list":{"0":"post-3673","1":"product","2":"type-product","3":"status-publish","6":"product_cat-livros-4-e-5-anos","8":"first","9":"instock","10":"shipping-taxable","11":"purchasable","12":"product-type-simple"},"_links":{"self":[{"href":"https:\/\/educaredigital.online\/loja\/wp-json\/wp\/v2\/product\/3673","targetHints":{"allow":["GET"]}}],"collection":[{"href":"https:\/\/educaredigital.online\/loja\/wp-json\/wp\/v2\/product"}],"about":[{"href":"https:\/\/educaredigital.online\/loja\/wp-json\/wp\/v2\/types\/product"}],"replies":[{"embeddable":true,"href":"https:\/\/educaredigital.online\/loja\/wp-json\/wp\/v2\/comments?post=3673"}],"wp:featuredmedia":[{"embeddable":true,"href":"https:\/\/educaredigital.online\/loja\/wp-json\/wp\/v2\/media\/3672"}],"wp:attachment":[{"href":"https:\/\/educaredigital.online\/loja\/wp-json\/wp\/v2\/media?parent=3673"}],"wp:term":[{"taxonomy":"product_brand","embeddable":true,"href":"https:\/\/educaredigital.online\/loja\/wp-json\/wp\/v2\/product_brand?post=3673"},{"taxonomy":"product_cat","embeddable":true,"href":"https:\/\/educaredigital.online\/loja\/wp-json\/wp\/v2\/product_cat?post=3673"},{"taxonomy":"product_tag","embeddable":true,"href":"https:\/\/educaredigital.online\/loja\/wp-json\/wp\/v2\/product_tag?post=3673"}],"curies":[{"name":"wp","href":"https:\/\/api.w.org\/{rel}","templated":true}]}}