{"id":3671,"date":"2026-03-23T14:45:54","date_gmt":"2026-03-23T14:45:54","guid":{"rendered":"https:\/\/educaredigital.online\/loja\/produto\/101-mulheres-incriveis-que-transformaram-a-ciencia\/"},"modified":"2026-04-02T11:35:28","modified_gmt":"2026-04-02T11:35:28","slug":"101-mulheres-incriveis-que-transformaram-a-ciencia","status":"publish","type":"product","link":"https:\/\/educaredigital.online\/loja\/produto\/101-mulheres-incriveis-que-transformaram-a-ciencia\/","title":{"rendered":"101 Mulheres Incr\u00edveis que Transformaram a Ci\u00eancia"},"content":{"rendered":"<p data-start=\"0\" data-end=\"304\"><strong><span class=\"hover:entity-accent entity-underline inline cursor-pointer align-baseline\"><span class=\"whitespace-normal\">101 Mulheres Incr\u00edveis que Transformaram a Ci\u00eancia<\/span><\/span><\/strong> apresenta hist\u00f3rias inspiradoras de mulheres que fizeram contribui\u00e7\u00f5es fundamentais para o avan\u00e7o da ci\u00eancia ao longo da hist\u00f3ria. De forma acess\u00edvel e envolvente, a obra destaca trajet\u00f3rias marcantes, desafios superados e descobertas que impactaram o mundo.<\/p>\n<p data-start=\"306\" data-end=\"575\" data-is-last-node=\"\" data-is-only-node=\"\">Com uma abordagem educativa e motivadora, o livro estimula a curiosidade e valoriza a import\u00e2ncia da representatividade feminina nas \u00e1reas cient\u00edficas. Ideal para leitores de todas as idades, \u00e9 uma leitura que inspira, informa e incentiva novos sonhos e possibilidades.<\/p>\n<div class=\"details-table-wrapper\">\n<table class=\"product-details-table\">\n<tbody>\n<tr>\n<td>ISBN<\/td>\n<td>9786586181456<\/td>\n<\/tr>\n<tr>\n<td>Editora<\/td>\n<td>P\u00e9 da Letra<\/td>\n<\/tr>\n<tr>\n<td>G\u00eanero do livro<\/td>\n<td>Biografia e hist\u00f3rias reais<\/td>\n<\/tr>\n<\/tbody>\n<\/table>\n<\/div>\n","protected":false},"excerpt":{"rendered":"<p>101 Mulheres Incr\u00edveis que Transformaram a Ci\u00eancia apresenta hist\u00f3rias inspiradoras de mulheres que fizeram contribui\u00e7\u00f5es fundamentais para o avan\u00e7o da ci\u00eancia ao longo da hist\u00f3ria. De forma acess\u00edvel e envolvente, a obra destaca trajet\u00f3rias marcantes, desafios superados e descobertas que<\/p>\n","protected":false},"featured_media":3670,"comment_status":"open","ping_status":"closed","template":"","meta":[],"product_brand":[],"product_cat":[205],"product_tag":[],"class_list":{"0":"post-3671","1":"product","2":"type-product","3":"status-publish","6":"product_cat-fundamental-4-ao-5","8":"first","9":"instock","10":"shipping-taxable","11":"purchasable","12":"product-type-simple"},"_links":{"self":[{"href":"https:\/\/educaredigital.online\/loja\/wp-json\/wp\/v2\/product\/3671","targetHints":{"allow":["GET"]}}],"collection":[{"href":"https:\/\/educaredigital.online\/loja\/wp-json\/wp\/v2\/product"}],"about":[{"href":"https:\/\/educaredigital.online\/loja\/wp-json\/wp\/v2\/types\/product"}],"replies":[{"embeddable":true,"href":"https:\/\/educaredigital.online\/loja\/wp-json\/wp\/v2\/comments?post=3671"}],"wp:featuredmedia":[{"embeddable":true,"href":"https:\/\/educaredigital.online\/loja\/wp-json\/wp\/v2\/media\/3670"}],"wp:attachment":[{"href":"https:\/\/educaredigital.online\/loja\/wp-json\/wp\/v2\/media?parent=3671"}],"wp:term":[{"taxonomy":"product_brand","embeddable":true,"href":"https:\/\/educaredigital.online\/loja\/wp-json\/wp\/v2\/product_brand?post=3671"},{"taxonomy":"product_cat","embeddable":true,"href":"https:\/\/educaredigital.online\/loja\/wp-json\/wp\/v2\/product_cat?post=3671"},{"taxonomy":"product_tag","embeddable":true,"href":"https:\/\/educaredigital.online\/loja\/wp-json\/wp\/v2\/product_tag?post=3671"}],"curies":[{"name":"wp","href":"https:\/\/api.w.org\/{rel}","templated":true}]}}