{"id":3669,"date":"2026-03-23T14:45:52","date_gmt":"2026-03-23T14:45:52","guid":{"rendered":"https:\/\/educaredigital.online\/loja\/produto\/colecao-para-ler-antes-de-dormir-10-livros\/"},"modified":"2026-04-09T15:04:25","modified_gmt":"2026-04-09T15:04:25","slug":"colecao-para-ler-antes-de-dormir-10-livros","status":"publish","type":"product","link":"https:\/\/educaredigital.online\/loja\/produto\/colecao-para-ler-antes-de-dormir-10-livros\/","title":{"rendered":"Cole\u00e7\u00e3o: Para Ler Antes de Dormir &#8211; 10 livros"},"content":{"rendered":"<p><strong>Cole\u00e7\u00e3o: Para Ler Antes de Dormir<\/strong> re\u00fane hist\u00f3rias encantadoras e tranquilas, perfeitas para o momento de relaxamento antes de dormir. Com narrativas leves e acolhedoras, cada livro ajuda a criar uma rotina noturna mais calma, preparando as crian\u00e7as para uma noite de sono tranquila.<\/p>\n<p>Com linguagem simples e ilustra\u00e7\u00f5es suaves, a cole\u00e7\u00e3o estimula a imagina\u00e7\u00e3o ao mesmo tempo em que transmite seguran\u00e7a e conforto. Ideal para leitura em fam\u00edlia, transforma o momento de dormir em uma experi\u00eancia especial, fortalecendo v\u00ednculos e incentivando o h\u00e1bito da leitura desde cedo.<\/p>\n<div class=\"details-table-wrapper\">\n<table class=\"product-details-table\">\n<tbody>\n<tr>\n<td>Editora<\/td>\n<td>BomBom Books<\/td>\n<\/tr>\n<\/tbody>\n<\/table>\n<\/div>\n","protected":false},"excerpt":{"rendered":"<p>Cole\u00e7\u00e3o: Para Ler Antes de Dormir re\u00fane hist\u00f3rias encantadoras e tranquilas, perfeitas para o momento de relaxamento antes de dormir. Com narrativas leves e acolhedoras, cada livro ajuda a criar uma rotina noturna mais calma, preparando as crian\u00e7as para uma<\/p>\n","protected":false},"featured_media":0,"comment_status":"open","ping_status":"closed","template":"","meta":[],"product_brand":[],"product_cat":[202],"product_tag":[],"class_list":{"1":"product","2":"type-product","3":"status-publish","5":"product_cat-fundamental1-1ao3","7":"first","8":"instock","9":"shipping-taxable","10":"purchasable","11":"product-type-simple"},"_links":{"self":[{"href":"https:\/\/educaredigital.online\/loja\/wp-json\/wp\/v2\/product\/3669","targetHints":{"allow":["GET"]}}],"collection":[{"href":"https:\/\/educaredigital.online\/loja\/wp-json\/wp\/v2\/product"}],"about":[{"href":"https:\/\/educaredigital.online\/loja\/wp-json\/wp\/v2\/types\/product"}],"replies":[{"embeddable":true,"href":"https:\/\/educaredigital.online\/loja\/wp-json\/wp\/v2\/comments?post=3669"}],"wp:attachment":[{"href":"https:\/\/educaredigital.online\/loja\/wp-json\/wp\/v2\/media?parent=3669"}],"wp:term":[{"taxonomy":"product_brand","embeddable":true,"href":"https:\/\/educaredigital.online\/loja\/wp-json\/wp\/v2\/product_brand?post=3669"},{"taxonomy":"product_cat","embeddable":true,"href":"https:\/\/educaredigital.online\/loja\/wp-json\/wp\/v2\/product_cat?post=3669"},{"taxonomy":"product_tag","embeddable":true,"href":"https:\/\/educaredigital.online\/loja\/wp-json\/wp\/v2\/product_tag?post=3669"}],"curies":[{"name":"wp","href":"https:\/\/api.w.org\/{rel}","templated":true}]}}