{"id":3668,"date":"2026-03-23T14:45:51","date_gmt":"2026-03-23T14:45:51","guid":{"rendered":"https:\/\/educaredigital.online\/loja\/produto\/colecao-sentimentos-2-10-livros\/"},"modified":"2026-04-09T15:04:25","modified_gmt":"2026-04-09T15:04:25","slug":"colecao-sentimentos-2-10-livros","status":"publish","type":"product","link":"https:\/\/educaredigital.online\/loja\/produto\/colecao-sentimentos-2-10-livros\/","title":{"rendered":"Cole\u00e7\u00e3o: Sentimentos 2- 10 livros"},"content":{"rendered":"<p><strong>Cole\u00e7\u00e3o: Sentimentos 2<\/strong> \u00e9 um conjunto de 10 livros que aprofunda o universo das emo\u00e7\u00f5es, ajudando as crian\u00e7as a lidarem com sentimentos de forma mais consciente e equilibrada. Por meio de hist\u00f3rias envolventes, a cole\u00e7\u00e3o aborda situa\u00e7\u00f5es do cotidiano que incentivam a empatia, o respeito e a compreens\u00e3o dos pr\u00f3prios sentimentos e dos outros.<\/p>\n<p>Com linguagem simples e ilustra\u00e7\u00f5es cativantes, os livros estimulam o di\u00e1logo e o desenvolvimento da intelig\u00eancia emocional. Ideal para leitura em fam\u00edlia ou na escola, a cole\u00e7\u00e3o contribui para o crescimento emocional das crian\u00e7as de maneira leve, educativa e acolhedora.<\/p>\n<div class=\"details-table-wrapper\">\n<table class=\"product-details-table\">\n<tbody>\n<tr>\n<td>Editora<\/td>\n<td>Editora BomBom Books<\/td>\n<\/tr>\n<\/tbody>\n<\/table>\n<\/div>\n","protected":false},"excerpt":{"rendered":"<p>Cole\u00e7\u00e3o: Sentimentos 2 \u00e9 um conjunto de 10 livros que aprofunda o universo das emo\u00e7\u00f5es, ajudando as crian\u00e7as a lidarem com sentimentos de forma mais consciente e equilibrada. Por meio de hist\u00f3rias envolventes, a cole\u00e7\u00e3o aborda situa\u00e7\u00f5es do cotidiano que<\/p>\n","protected":false},"featured_media":3667,"comment_status":"open","ping_status":"closed","template":"","meta":[],"product_brand":[],"product_cat":[202],"product_tag":[],"class_list":{"0":"post-3668","1":"product","2":"type-product","3":"status-publish","6":"product_cat-fundamental1-1ao3","8":"first","9":"instock","10":"shipping-taxable","11":"purchasable","12":"product-type-simple"},"_links":{"self":[{"href":"https:\/\/educaredigital.online\/loja\/wp-json\/wp\/v2\/product\/3668","targetHints":{"allow":["GET"]}}],"collection":[{"href":"https:\/\/educaredigital.online\/loja\/wp-json\/wp\/v2\/product"}],"about":[{"href":"https:\/\/educaredigital.online\/loja\/wp-json\/wp\/v2\/types\/product"}],"replies":[{"embeddable":true,"href":"https:\/\/educaredigital.online\/loja\/wp-json\/wp\/v2\/comments?post=3668"}],"wp:featuredmedia":[{"embeddable":true,"href":"https:\/\/educaredigital.online\/loja\/wp-json\/wp\/v2\/media\/3667"}],"wp:attachment":[{"href":"https:\/\/educaredigital.online\/loja\/wp-json\/wp\/v2\/media?parent=3668"}],"wp:term":[{"taxonomy":"product_brand","embeddable":true,"href":"https:\/\/educaredigital.online\/loja\/wp-json\/wp\/v2\/product_brand?post=3668"},{"taxonomy":"product_cat","embeddable":true,"href":"https:\/\/educaredigital.online\/loja\/wp-json\/wp\/v2\/product_cat?post=3668"},{"taxonomy":"product_tag","embeddable":true,"href":"https:\/\/educaredigital.online\/loja\/wp-json\/wp\/v2\/product_tag?post=3668"}],"curies":[{"name":"wp","href":"https:\/\/api.w.org\/{rel}","templated":true}]}}