{"id":3647,"date":"2026-03-23T12:55:17","date_gmt":"2026-03-23T12:55:17","guid":{"rendered":"https:\/\/educaredigital.online\/loja\/?post_type=product&#038;p=3647"},"modified":"2026-04-25T14:57:36","modified_gmt":"2026-04-25T14:57:36","slug":"troque-e-encaixe-as-cores-palhaco","status":"publish","type":"product","link":"https:\/\/educaredigital.online\/loja\/produto\/troque-e-encaixe-as-cores-palhaco\/","title":{"rendered":"Troque e Encaixe as Cores &#8211; Palha\u00e7o"},"content":{"rendered":"<div class=\"ds-message _63c77b1\">\n<div class=\"ds-markdown\">\n<p class=\"ds-markdown-paragraph\">O\u00a0<strong>Troque e Encaixe as Cores &#8211; Palha\u00e7o<\/strong> \u00e9 um brinquedo educativo da Carlu Brinquedos que apresenta um palha\u00e7o como tema central. Confeccionado em MDF, o conjunto cont\u00e9m uma base no formato do personagem e 12 pe\u00e7as coloridas nas cores verde, vermelha, amarela e azul, que devem ser encaixadas em seus respectivos lugares.<\/p>\n<p class=\"ds-markdown-paragraph\">A atividade consiste em montar a figura do palha\u00e7o encaixando as pe\u00e7as na base, estimulando a\u00a0<strong>coordena\u00e7\u00e3o motora fina<\/strong>, o\u00a0<strong>racioc\u00ednio l\u00f3gico<\/strong>\u00a0e o\u00a0<strong>reconhecimento de cores e formas<\/strong>. Pode ser utilizado\u00a0<strong>individualmente<\/strong>, oferecendo uma experi\u00eancia completa de desenvolvimento cognitivo e motor de forma l\u00fadica e aut\u00f4noma.<\/p>\n<\/div>\n<\/div>\n<div class=\"details-table-wrapper\">\n<table class=\"product-details-table\">\n<tbody>\n<tr>\n<td>Marca<\/td>\n<td>Carlu<\/td>\n<\/tr>\n<tr>\n<td>Material<\/td>\n<td>\u00a0MDF<\/td>\n<\/tr>\n<tr>\n<td>Faixa Et\u00e1ria<\/td>\n<td>A partir de 3 Anos<\/td>\n<\/tr>\n<\/tbody>\n<\/table>\n<\/div>\n","protected":false},"excerpt":{"rendered":"<p>O\u00a0Troque e Encaixe as Cores &#8211; Palha\u00e7o \u00e9 um brinquedo educativo da Carlu Brinquedos que apresenta um palha\u00e7o como tema central. Confeccionado em MDF, o conjunto cont\u00e9m uma base no formato do personagem e 12 pe\u00e7as coloridas nas cores verde,<\/p>\n","protected":false},"featured_media":3648,"comment_status":"open","ping_status":"closed","template":"","meta":[],"product_brand":[236],"product_cat":[38,211],"product_tag":[],"class_list":{"0":"post-3647","1":"product","2":"type-product","3":"status-publish","6":"product_brand-carlu","7":"product_cat-psicomotricidade","8":"product_cat-psicomotricidade-jogos-e-brinquedos","10":"first","11":"instock","12":"shipping-taxable","13":"purchasable","14":"product-type-simple"},"_links":{"self":[{"href":"https:\/\/educaredigital.online\/loja\/wp-json\/wp\/v2\/product\/3647","targetHints":{"allow":["GET"]}}],"collection":[{"href":"https:\/\/educaredigital.online\/loja\/wp-json\/wp\/v2\/product"}],"about":[{"href":"https:\/\/educaredigital.online\/loja\/wp-json\/wp\/v2\/types\/product"}],"replies":[{"embeddable":true,"href":"https:\/\/educaredigital.online\/loja\/wp-json\/wp\/v2\/comments?post=3647"}],"wp:featuredmedia":[{"embeddable":true,"href":"https:\/\/educaredigital.online\/loja\/wp-json\/wp\/v2\/media\/3648"}],"wp:attachment":[{"href":"https:\/\/educaredigital.online\/loja\/wp-json\/wp\/v2\/media?parent=3647"}],"wp:term":[{"taxonomy":"product_brand","embeddable":true,"href":"https:\/\/educaredigital.online\/loja\/wp-json\/wp\/v2\/product_brand?post=3647"},{"taxonomy":"product_cat","embeddable":true,"href":"https:\/\/educaredigital.online\/loja\/wp-json\/wp\/v2\/product_cat?post=3647"},{"taxonomy":"product_tag","embeddable":true,"href":"https:\/\/educaredigital.online\/loja\/wp-json\/wp\/v2\/product_tag?post=3647"}],"curies":[{"name":"wp","href":"https:\/\/api.w.org\/{rel}","templated":true}]}}