{"id":3640,"date":"2026-03-23T12:48:10","date_gmt":"2026-03-23T12:48:10","guid":{"rendered":"https:\/\/educaredigital.online\/loja\/produto\/quebra-cabeca-animais-e-filhotes-kit-com-10-mdf\/"},"modified":"2026-04-25T14:58:19","modified_gmt":"2026-04-25T14:58:19","slug":"quebra-cabeca-animais-e-filhotes-kit-com-10-mdf","status":"publish","type":"product","link":"https:\/\/educaredigital.online\/loja\/produto\/quebra-cabeca-animais-e-filhotes-kit-com-10-mdf\/","title":{"rendered":"Quebra-Cabe\u00e7a  Animais e Filhotes Kit Com 10 &#8211; MDF"},"content":{"rendered":"<p class=\"ds-markdown-paragraph\">\u00a0<strong>Quebra-Cabe\u00e7a Animais e Filhotes &#8211; Kit com 10 &#8211; MDF<\/strong>, \u00e9 um kit educativo completo que re\u00fane <strong>10 quebra-cabe\u00e7as individuais<\/strong>\u00a0de madeira, cada um com o tema de um animal e seu filhote. Confeccionado em\u00a0<strong>M.D.F.<\/strong>, o conjunto inclui 10 bases com fundo em baixo relevo que servem como guia para a montagem das pe\u00e7as, que s\u00e3o pintadas e serigrafadas com tinta ultravioleta at\u00f3xica e possuem cortes diferenciados.<\/p>\n<p class=\"ds-markdown-paragraph\">Este kit, que pode ser utilizado\u00a0<strong>individualmente ou em grupo<\/strong>, \u00e9 uma ferramenta pedag\u00f3gica que auxilia no desenvolvimento da\u00a0<strong>coordena\u00e7\u00e3o motora fina<\/strong>, do\u00a0<strong>racioc\u00ednio l\u00f3gico<\/strong>, da\u00a0<strong>percep\u00e7\u00e3o visual<\/strong>\u00a0e da\u00a0<strong>concentra\u00e7\u00e3o<\/strong>. Os animais abordados s\u00e3o: Vaca (4 pe\u00e7as), Coelho (5 pe\u00e7as), Cavalo (6 pe\u00e7as), Dinossauro (11 pe\u00e7as), P\u00e1ssaro (7 pe\u00e7as), Le\u00e3o (8 pe\u00e7as), Macaco (13 pe\u00e7as), Cachorro (9 pe\u00e7as), Golfinho (6 pe\u00e7as) e Cisne (12 pe\u00e7as). \u00c9 uma excelente op\u00e7\u00e3o tanto para o ambiente escolar quanto para momentos de lazer em fam\u00edlia, unindo divers\u00e3o ao desenvolvimento cognitivo e socioemocional.<\/p>\n<div class=\"details-table-wrapper\">\n<table class=\"product-details-table\">\n<tbody>\n<tr>\n<td>Marca<\/td>\n<td>Carlu<\/td>\n<\/tr>\n<tr>\n<td>Material<\/td>\n<td>\u00a0MDF<\/td>\n<\/tr>\n<tr>\n<td>Faixa Et\u00e1ria<\/td>\n<td>A partir de 3 Anos<\/td>\n<\/tr>\n<\/tbody>\n<\/table>\n<\/div>\n","protected":false},"excerpt":{"rendered":"<p>\u00a0Quebra-Cabe\u00e7a Animais e Filhotes &#8211; Kit com 10 &#8211; MDF, \u00e9 um kit educativo completo que re\u00fane 10 quebra-cabe\u00e7as individuais\u00a0de madeira, cada um com o tema de um animal e seu filhote. Confeccionado em\u00a0M.D.F., o conjunto inclui 10 bases com<\/p>\n","protected":false},"featured_media":3639,"comment_status":"open","ping_status":"closed","template":"","meta":[],"product_brand":[236],"product_cat":[38,211],"product_tag":[],"class_list":{"0":"post-3640","1":"product","2":"type-product","3":"status-publish","6":"product_brand-carlu","7":"product_cat-psicomotricidade","8":"product_cat-psicomotricidade-jogos-e-brinquedos","10":"first","11":"instock","12":"shipping-taxable","13":"purchasable","14":"product-type-simple"},"_links":{"self":[{"href":"https:\/\/educaredigital.online\/loja\/wp-json\/wp\/v2\/product\/3640","targetHints":{"allow":["GET"]}}],"collection":[{"href":"https:\/\/educaredigital.online\/loja\/wp-json\/wp\/v2\/product"}],"about":[{"href":"https:\/\/educaredigital.online\/loja\/wp-json\/wp\/v2\/types\/product"}],"replies":[{"embeddable":true,"href":"https:\/\/educaredigital.online\/loja\/wp-json\/wp\/v2\/comments?post=3640"}],"wp:featuredmedia":[{"embeddable":true,"href":"https:\/\/educaredigital.online\/loja\/wp-json\/wp\/v2\/media\/3639"}],"wp:attachment":[{"href":"https:\/\/educaredigital.online\/loja\/wp-json\/wp\/v2\/media?parent=3640"}],"wp:term":[{"taxonomy":"product_brand","embeddable":true,"href":"https:\/\/educaredigital.online\/loja\/wp-json\/wp\/v2\/product_brand?post=3640"},{"taxonomy":"product_cat","embeddable":true,"href":"https:\/\/educaredigital.online\/loja\/wp-json\/wp\/v2\/product_cat?post=3640"},{"taxonomy":"product_tag","embeddable":true,"href":"https:\/\/educaredigital.online\/loja\/wp-json\/wp\/v2\/product_tag?post=3640"}],"curies":[{"name":"wp","href":"https:\/\/api.w.org\/{rel}","templated":true}]}}