{"id":3630,"date":"2026-03-23T12:48:00","date_gmt":"2026-03-23T12:48:00","guid":{"rendered":"https:\/\/educaredigital.online\/loja\/produto\/perceptivo-visual-mdf-66-pc\/"},"modified":"2026-04-25T14:59:30","modified_gmt":"2026-04-25T14:59:30","slug":"perceptivo-visual-mdf-66-pc","status":"publish","type":"product","link":"https:\/\/educaredigital.online\/loja\/produto\/perceptivo-visual-mdf-66-pc\/","title":{"rendered":"Perceptivo Visual &#8211; MDF &#8211; 66 Pe\u00e7as"},"content":{"rendered":"<p class=\"ds-markdown-paragraph\">\u00a0<strong>Perceptivo Visual <\/strong>\u00e9 um kit pedag\u00f3gico completo, ideal para desenvolver habilidades de percep\u00e7\u00e3o e racioc\u00ednio de forma l\u00fadica. Confeccionado em M.D.F., o conjunto \u00e9 composto por\u00a0<strong>66 pe\u00e7as quadradas de 8&#215;8 cm<\/strong>, serigrafadas em policromia ultravioleta at\u00f3xica, que formam\u00a0<strong>10 jogos distintos<\/strong> de associa\u00e7\u00e3o e classifica\u00e7\u00e3o. Os temas abordados s\u00e3o variados, incluindo &#8220;Cachorro em sua casa&#8221;, &#8220;Esta\u00e7\u00f5es do ano&#8221;, &#8220;Onde moram?&#8221;, &#8220;Posi\u00e7\u00f5es corporais&#8221;, &#8220;A fazenda&#8221;, &#8220;Associa\u00e7\u00e3o de ideia&#8221;, &#8220;Express\u00f5es faciais&#8221;, &#8220;As flores&#8221;, &#8220;Bal\u00f5es&#8221; e &#8220;Posi\u00e7\u00f5es-l\u00e1pis&#8221;. \u00a0encolh\u00edvel.<\/p>\n<p class=\"ds-markdown-paragraph\">Este rico conjunto de jogos, que pode ser utilizado\u00a0<strong>individualmente ou em grupo<\/strong>, \u00e9 uma excelente ferramenta para estimular o desenvolvimento de\u00a0<strong>habilidades perceptivas visuais<\/strong>, o racioc\u00ednio l\u00f3gico, a associa\u00e7\u00e3o de ideias e a classifica\u00e7\u00e3o. Ao trabalhar com os diferentes desafios propostos, a crian\u00e7a exercita a concentra\u00e7\u00e3o, a mem\u00f3ria e a capacidade de resolver problemas de forma aut\u00f4noma e prazerosa.<\/p>\n<div class=\"details-table-wrapper\">\n<table class=\"product-details-table\">\n<tbody>\n<tr>\n<td>Marca<\/td>\n<td>Carlu<\/td>\n<\/tr>\n<tr>\n<td>Material<\/td>\n<td>\u00a0MDF<\/td>\n<\/tr>\n<tr>\n<td>Faixa Et\u00e1ria<\/td>\n<td>A partir de 4 Anos<\/td>\n<\/tr>\n<\/tbody>\n<\/table>\n<\/div>\n","protected":false},"excerpt":{"rendered":"<p>\u00a0Perceptivo Visual \u00e9 um kit pedag\u00f3gico completo, ideal para desenvolver habilidades de percep\u00e7\u00e3o e racioc\u00ednio de forma l\u00fadica. Confeccionado em M.D.F., o conjunto \u00e9 composto por\u00a066 pe\u00e7as quadradas de 8&#215;8 cm, serigrafadas em policromia ultravioleta at\u00f3xica, que formam\u00a010 jogos distintos<\/p>\n","protected":false},"featured_media":3629,"comment_status":"open","ping_status":"closed","template":"","meta":[],"product_brand":[236],"product_cat":[38,211],"product_tag":[],"class_list":{"0":"post-3630","1":"product","2":"type-product","3":"status-publish","6":"product_brand-carlu","7":"product_cat-psicomotricidade","8":"product_cat-psicomotricidade-jogos-e-brinquedos","10":"first","11":"instock","12":"shipping-taxable","13":"purchasable","14":"product-type-simple"},"_links":{"self":[{"href":"https:\/\/educaredigital.online\/loja\/wp-json\/wp\/v2\/product\/3630","targetHints":{"allow":["GET"]}}],"collection":[{"href":"https:\/\/educaredigital.online\/loja\/wp-json\/wp\/v2\/product"}],"about":[{"href":"https:\/\/educaredigital.online\/loja\/wp-json\/wp\/v2\/types\/product"}],"replies":[{"embeddable":true,"href":"https:\/\/educaredigital.online\/loja\/wp-json\/wp\/v2\/comments?post=3630"}],"wp:featuredmedia":[{"embeddable":true,"href":"https:\/\/educaredigital.online\/loja\/wp-json\/wp\/v2\/media\/3629"}],"wp:attachment":[{"href":"https:\/\/educaredigital.online\/loja\/wp-json\/wp\/v2\/media?parent=3630"}],"wp:term":[{"taxonomy":"product_brand","embeddable":true,"href":"https:\/\/educaredigital.online\/loja\/wp-json\/wp\/v2\/product_brand?post=3630"},{"taxonomy":"product_cat","embeddable":true,"href":"https:\/\/educaredigital.online\/loja\/wp-json\/wp\/v2\/product_cat?post=3630"},{"taxonomy":"product_tag","embeddable":true,"href":"https:\/\/educaredigital.online\/loja\/wp-json\/wp\/v2\/product_tag?post=3630"}],"curies":[{"name":"wp","href":"https:\/\/api.w.org\/{rel}","templated":true}]}}