{"id":3628,"date":"2026-03-23T12:47:59","date_gmt":"2026-03-23T12:47:59","guid":{"rendered":"https:\/\/educaredigital.online\/loja\/produto\/caixa-tatil-16-pecas\/"},"modified":"2026-04-25T14:59:39","modified_gmt":"2026-04-25T14:59:39","slug":"caixa-tatil-16-pecas","status":"publish","type":"product","link":"https:\/\/educaredigital.online\/loja\/produto\/caixa-tatil-16-pecas\/","title":{"rendered":"Caixa T\u00e1til- 16 Pe\u00e7as"},"content":{"rendered":"<p class=\"ds-markdown-paragraph\">A\u00a0<strong>Caixa T\u00e1til <\/strong>\u00e9 um recurso sensorial confeccionado em\u00a0<strong>M.D.F., E.V.A., feltro, lixa e espuma<\/strong>. O conjunto \u00e9 composto por uma caixa de madeira\u00a0<strong>25 x 25 x 12,5 cm<\/strong>, pintada e serigrafada com tinta ultravioleta at\u00f3xica, que possui orif\u00edcios na parte superior revestidos em\u00a0<strong>E.V.A. colorido<\/strong>. Acompanha\u00a0<strong>16 c\u00edrculos<\/strong>\u00a0formando\u00a0<strong>8 pares de pe\u00e7as<\/strong>\u00a0com\u00a0<strong>texturas contrastantes<\/strong>: lixa, feltro, E.V.A. e espuma. As pe\u00e7as redondas t\u00eam\u00a0<strong>4,5 cm<\/strong>\u00a0de di\u00e2metro (M.D.F.) e\u00a0<strong>5 cm<\/strong> (E.V.A.), sendo embaladas em pel\u00edcula de P.V.C. encolh\u00edvel.<\/p>\n<p class=\"ds-markdown-paragraph\">A proposta do brinquedo \u00e9 que a crian\u00e7a, utilizando\u00a0<strong>apenas o tato<\/strong>, identifique e fa\u00e7a a correspond\u00eancia entre as texturas sem o aux\u00edlio da vis\u00e3o, estimulando a\u00a0<strong>percep\u00e7\u00e3o sensorial, a concentra\u00e7\u00e3o e a discrimina\u00e7\u00e3o t\u00e1til<\/strong>. \u00c9 uma excelente ferramenta para o desenvolvimento do\u00a0<strong>racioc\u00ednio l\u00f3gico<\/strong>\u00a0e para\u00a0<strong>atividades inclusivas<\/strong>, pois permite a participa\u00e7\u00e3o de crian\u00e7as com diferentes n\u00edveis de habilidade visual. Pode ser utilizado\u00a0<strong>individualmente ou em grupo<\/strong>, sendo ideal para a educa\u00e7\u00e3o infantil e para momentos de explora\u00e7\u00e3o sensorial em fam\u00edlia.<\/p>\n<div class=\"details-table-wrapper\">\n<table class=\"product-details-table\">\n<tbody>\n<tr>\n<td>Marca<\/td>\n<td>Carlu<\/td>\n<\/tr>\n<tr>\n<td>Material<\/td>\n<td>\u00a0MDF<\/td>\n<\/tr>\n<tr>\n<td>Faixa Et\u00e1ria<\/td>\n<td>A partir de 2 Anos<\/td>\n<\/tr>\n<\/tbody>\n<\/table>\n<\/div>\n","protected":false},"excerpt":{"rendered":"<p>A\u00a0Caixa T\u00e1til \u00e9 um recurso sensorial confeccionado em\u00a0M.D.F., E.V.A., feltro, lixa e espuma. O conjunto \u00e9 composto por uma caixa de madeira\u00a025 x 25 x 12,5 cm, pintada e serigrafada com tinta ultravioleta at\u00f3xica, que possui orif\u00edcios na parte superior<\/p>\n","protected":false},"featured_media":3627,"comment_status":"open","ping_status":"closed","template":"","meta":[],"product_brand":[236],"product_cat":[38,211],"product_tag":[],"class_list":{"0":"post-3628","1":"product","2":"type-product","3":"status-publish","6":"product_brand-carlu","7":"product_cat-psicomotricidade","8":"product_cat-psicomotricidade-jogos-e-brinquedos","10":"first","11":"instock","12":"shipping-taxable","13":"purchasable","14":"product-type-simple"},"_links":{"self":[{"href":"https:\/\/educaredigital.online\/loja\/wp-json\/wp\/v2\/product\/3628","targetHints":{"allow":["GET"]}}],"collection":[{"href":"https:\/\/educaredigital.online\/loja\/wp-json\/wp\/v2\/product"}],"about":[{"href":"https:\/\/educaredigital.online\/loja\/wp-json\/wp\/v2\/types\/product"}],"replies":[{"embeddable":true,"href":"https:\/\/educaredigital.online\/loja\/wp-json\/wp\/v2\/comments?post=3628"}],"wp:featuredmedia":[{"embeddable":true,"href":"https:\/\/educaredigital.online\/loja\/wp-json\/wp\/v2\/media\/3627"}],"wp:attachment":[{"href":"https:\/\/educaredigital.online\/loja\/wp-json\/wp\/v2\/media?parent=3628"}],"wp:term":[{"taxonomy":"product_brand","embeddable":true,"href":"https:\/\/educaredigital.online\/loja\/wp-json\/wp\/v2\/product_brand?post=3628"},{"taxonomy":"product_cat","embeddable":true,"href":"https:\/\/educaredigital.online\/loja\/wp-json\/wp\/v2\/product_cat?post=3628"},{"taxonomy":"product_tag","embeddable":true,"href":"https:\/\/educaredigital.online\/loja\/wp-json\/wp\/v2\/product_tag?post=3628"}],"curies":[{"name":"wp","href":"https:\/\/api.w.org\/{rel}","templated":true}]}}