{"id":3624,"date":"2026-03-23T12:47:56","date_gmt":"2026-03-23T12:47:56","guid":{"rendered":"https:\/\/educaredigital.online\/loja\/produto\/caixas-coloridas-mdf-5-pc\/"},"modified":"2026-04-25T14:59:53","modified_gmt":"2026-04-25T14:59:53","slug":"caixas-coloridas-mdf-5-pc","status":"publish","type":"product","link":"https:\/\/educaredigital.online\/loja\/produto\/caixas-coloridas-mdf-5-pc\/","title":{"rendered":"Caixas Coloridas &#8211; MDF &#8211; 5 Pe\u00e7as"},"content":{"rendered":"<p class=\"ds-markdown-paragraph\">As\u00a0<strong>Caixas Coloridas <\/strong>\u00a0s\u00e3o um jogo de encaixe e empilhamento que apresenta\u00a0<strong>4 caixas pintadas nas cores vermelho, verde, amarelo e azul<\/strong>\u00a0com tinta esmalte sint\u00e9tico at\u00f3xico, mais\u00a0<strong>1 pe\u00e7a de madeira crua<\/strong>. As pe\u00e7as t\u00eam medidas variando de\u00a0<strong>3 x 3 cm a 11,5 x 11,5 x 4,5 cm<\/strong>, sendo confeccionadas em\u00a0<strong>M.D.F.<\/strong> e madeira.<\/p>\n<p class=\"ds-markdown-paragraph\">Este brinquedo educativo auxilia no desenvolvimento da\u00a0<strong>concentra\u00e7\u00e3o, das primeiras no\u00e7\u00f5es de tamanho e das no\u00e7\u00f5es espaciais (dentro\/fora)<\/strong>\u00a0das crian\u00e7as. Por meio da manipula\u00e7\u00e3o das caixas coloridas, a crian\u00e7a exercita a\u00a0<strong>coordena\u00e7\u00e3o motora, o racioc\u00ednio l\u00f3gico e a percep\u00e7\u00e3o visual<\/strong>\u00a0de forma aut\u00f4noma e l\u00fadica. Pode ser utilizado\u00a0<strong>individualmente ou em grupo<\/strong>, sendo uma excelente ferramenta tanto para o ambiente escolar quanto para momentos de lazer em fam\u00edlia, unindo divers\u00e3o ao desenvolvimento cognitivo.<\/p>\n<div class=\"details-table-wrapper\">\n<table class=\"product-details-table\">\n<tbody>\n<tr>\n<td>Marca<\/td>\n<td>Carlu<\/td>\n<\/tr>\n<tr>\n<td>Material<\/td>\n<td>\u00a0MDF<\/td>\n<\/tr>\n<tr>\n<td>Faixa Et\u00e1ria<\/td>\n<td>A partir de 1 Ano<\/td>\n<\/tr>\n<\/tbody>\n<\/table>\n<\/div>\n","protected":false},"excerpt":{"rendered":"<p>As\u00a0Caixas Coloridas \u00a0s\u00e3o um jogo de encaixe e empilhamento que apresenta\u00a04 caixas pintadas nas cores vermelho, verde, amarelo e azul\u00a0com tinta esmalte sint\u00e9tico at\u00f3xico, mais\u00a01 pe\u00e7a de madeira crua. As pe\u00e7as t\u00eam medidas variando de\u00a03 x 3 cm a 11,5<\/p>\n","protected":false},"featured_media":3623,"comment_status":"open","ping_status":"closed","template":"","meta":[],"product_brand":[236],"product_cat":[38,211],"product_tag":[],"class_list":{"0":"post-3624","1":"product","2":"type-product","3":"status-publish","6":"product_brand-carlu","7":"product_cat-psicomotricidade","8":"product_cat-psicomotricidade-jogos-e-brinquedos","10":"first","11":"instock","12":"shipping-taxable","13":"purchasable","14":"product-type-simple"},"_links":{"self":[{"href":"https:\/\/educaredigital.online\/loja\/wp-json\/wp\/v2\/product\/3624","targetHints":{"allow":["GET"]}}],"collection":[{"href":"https:\/\/educaredigital.online\/loja\/wp-json\/wp\/v2\/product"}],"about":[{"href":"https:\/\/educaredigital.online\/loja\/wp-json\/wp\/v2\/types\/product"}],"replies":[{"embeddable":true,"href":"https:\/\/educaredigital.online\/loja\/wp-json\/wp\/v2\/comments?post=3624"}],"wp:featuredmedia":[{"embeddable":true,"href":"https:\/\/educaredigital.online\/loja\/wp-json\/wp\/v2\/media\/3623"}],"wp:attachment":[{"href":"https:\/\/educaredigital.online\/loja\/wp-json\/wp\/v2\/media?parent=3624"}],"wp:term":[{"taxonomy":"product_brand","embeddable":true,"href":"https:\/\/educaredigital.online\/loja\/wp-json\/wp\/v2\/product_brand?post=3624"},{"taxonomy":"product_cat","embeddable":true,"href":"https:\/\/educaredigital.online\/loja\/wp-json\/wp\/v2\/product_cat?post=3624"},{"taxonomy":"product_tag","embeddable":true,"href":"https:\/\/educaredigital.online\/loja\/wp-json\/wp\/v2\/product_tag?post=3624"}],"curies":[{"name":"wp","href":"https:\/\/api.w.org\/{rel}","templated":true}]}}