{"id":3622,"date":"2026-03-23T12:47:55","date_gmt":"2026-03-23T12:47:55","guid":{"rendered":"https:\/\/educaredigital.online\/loja\/produto\/memoria-kit-mdf-10-jogos\/"},"modified":"2026-04-25T15:00:00","modified_gmt":"2026-04-25T15:00:00","slug":"memoria-kit-mdf-10-jogos","status":"publish","type":"product","link":"https:\/\/educaredigital.online\/loja\/produto\/memoria-kit-mdf-10-jogos\/","title":{"rendered":"Mem\u00f3ria Kit- MDF &#8211; 10 Jogos"},"content":{"rendered":"<p class=\"ds-markdown-paragraph\">O\u00a0<strong>Mem\u00f3ria Kit &#8211; MDF &#8211; 10 Jogos<\/strong> \u00e9 um kit pedag\u00f3gico composto por 10 jogos de mem\u00f3ria distintos, acondicionados individualmente em caixas de madeira com tampa serigrafada de 12,5 x 12,5 x 5 cm cada. Todo o conjunto \u00e9 fabricado em M.D.F. e madeira. Cada um dos 10 jogos \u00e9 composto por\u00a0<strong>20 pares de pe\u00e7as (totalizando 40 pe\u00e7as de 5&#215;5 cm)<\/strong>, serigrafadas em policromia, e o kit todo \u00e9 lacrado com pel\u00edcula de PVC encolh\u00edvel, garantindo a prote\u00e7\u00e3o das pe\u00e7as.<\/p>\n<p class=\"ds-markdown-paragraph\">Por abranger v\u00e1rios temas diferentes, o kit \u00e9 uma ferramenta vers\u00e1til para trabalhar com diferentes grupos em sala de aula ou em casa, estimulando a\u00a0<strong>mem\u00f3ria, a concentra\u00e7\u00e3o e a percep\u00e7\u00e3o visual<\/strong>\u00a0das crian\u00e7as. A din\u00e2mica de encontrar os pares correspondentes tamb\u00e9m favorece o desenvolvimento do\u00a0<strong>racioc\u00ednio l\u00f3gico e da no\u00e7\u00e3o espacial<\/strong>, podendo ser utilizado\u00a0<strong>individualmente ou em grupo<\/strong>. \u00c9 uma excelente op\u00e7\u00e3o para atividades pedag\u00f3gicas que aliam divers\u00e3o ao desenvolvimento cognitivo.<\/p>\n<div class=\"details-table-wrapper\">\n<table class=\"product-details-table\">\n<tbody>\n<tr>\n<td>Marca<\/td>\n<td>Carlu<\/td>\n<\/tr>\n<tr>\n<td>Material<\/td>\n<td>\u00a0MDF<\/td>\n<\/tr>\n<tr>\n<td>Faixa Et\u00e1ria<\/td>\n<td>A partir de 3 Anos<\/td>\n<\/tr>\n<\/tbody>\n<\/table>\n<\/div>\n","protected":false},"excerpt":{"rendered":"<p>O\u00a0Mem\u00f3ria Kit &#8211; MDF &#8211; 10 Jogos \u00e9 um kit pedag\u00f3gico composto por 10 jogos de mem\u00f3ria distintos, acondicionados individualmente em caixas de madeira com tampa serigrafada de 12,5 x 12,5 x 5 cm cada. Todo o conjunto \u00e9 fabricado<\/p>\n","protected":false},"featured_media":3621,"comment_status":"open","ping_status":"closed","template":"","meta":[],"product_brand":[236],"product_cat":[38,211],"product_tag":[],"class_list":{"0":"post-3622","1":"product","2":"type-product","3":"status-publish","6":"product_brand-carlu","7":"product_cat-psicomotricidade","8":"product_cat-psicomotricidade-jogos-e-brinquedos","10":"first","11":"instock","12":"shipping-taxable","13":"purchasable","14":"product-type-simple"},"_links":{"self":[{"href":"https:\/\/educaredigital.online\/loja\/wp-json\/wp\/v2\/product\/3622","targetHints":{"allow":["GET"]}}],"collection":[{"href":"https:\/\/educaredigital.online\/loja\/wp-json\/wp\/v2\/product"}],"about":[{"href":"https:\/\/educaredigital.online\/loja\/wp-json\/wp\/v2\/types\/product"}],"replies":[{"embeddable":true,"href":"https:\/\/educaredigital.online\/loja\/wp-json\/wp\/v2\/comments?post=3622"}],"wp:featuredmedia":[{"embeddable":true,"href":"https:\/\/educaredigital.online\/loja\/wp-json\/wp\/v2\/media\/3621"}],"wp:attachment":[{"href":"https:\/\/educaredigital.online\/loja\/wp-json\/wp\/v2\/media?parent=3622"}],"wp:term":[{"taxonomy":"product_brand","embeddable":true,"href":"https:\/\/educaredigital.online\/loja\/wp-json\/wp\/v2\/product_brand?post=3622"},{"taxonomy":"product_cat","embeddable":true,"href":"https:\/\/educaredigital.online\/loja\/wp-json\/wp\/v2\/product_cat?post=3622"},{"taxonomy":"product_tag","embeddable":true,"href":"https:\/\/educaredigital.online\/loja\/wp-json\/wp\/v2\/product_tag?post=3622"}],"curies":[{"name":"wp","href":"https:\/\/api.w.org\/{rel}","templated":true}]}}