{"id":3618,"date":"2026-03-23T12:47:49","date_gmt":"2026-03-23T12:47:49","guid":{"rendered":"https:\/\/educaredigital.online\/loja\/produto\/torre-de-formas-geometricas-mdf-16-pc\/"},"modified":"2026-04-25T15:00:16","modified_gmt":"2026-04-25T15:00:16","slug":"torre-de-formas-geometricas-mdf-16-pc","status":"publish","type":"product","link":"https:\/\/educaredigital.online\/loja\/produto\/torre-de-formas-geometricas-mdf-16-pc\/","title":{"rendered":"Torre de Formas Geom\u00e9tricas &#8211; MDF &#8211; 16 Pe\u00e7as"},"content":{"rendered":"<p class=\"ds-markdown-paragraph\">A\u00a0<strong>Torre de Formas Geom\u00e9tricas<\/strong>\u00a0\u00e9 um brinquedo educativo confeccionado em\u00a0<strong>M.D.F. e madeira<\/strong>, que estimula o aprendizado por meio da\u00a0<strong>empilha\u00e7\u00e3o, classifica\u00e7\u00e3o e encaixe<\/strong>. O conjunto cont\u00e9m uma base de madeira com\u00a0<strong>quatro varetas de 11 cm<\/strong>\u00a0e\u00a0<strong>16 pe\u00e7as coloridas<\/strong>\u00a0de formas geom\u00e9tricas (ret\u00e2ngulo, tri\u00e2ngulo, quadrado e c\u00edrculo), sendo quatro unidades de cada forma. Quando montada, a torre mede aproximadamente\u00a0<strong>21 x 19 x 14 cm<\/strong>.<\/p>\n<p class=\"ds-markdown-paragraph\">Esta atividade, que pode ser realizada\u00a0<strong>individualmente ou em grupo<\/strong>, \u00e9 uma excelente ferramenta para o desenvolvimento da\u00a0<strong>coordena\u00e7\u00e3o motora fina, da percep\u00e7\u00e3o espacial, do reconhecimento de cores e formas geom\u00e9tricas, da aten\u00e7\u00e3o e da concentra\u00e7\u00e3o<\/strong>. Ao interagir com o brinquedo, as crian\u00e7as s\u00e3o desafiadas a pensar na ordem e na disposi\u00e7\u00e3o correta das pe\u00e7as para formar a torre, o que estimula o racioc\u00ednio l\u00f3gico e a resolu\u00e7\u00e3o de problemas. \u00c9 uma op\u00e7\u00e3o vers\u00e1til e pedag\u00f3gica, ideal para uso em casa, escolas ou brinquedotecas, unindo divers\u00e3o ao desenvolvimento de habilidades essenciais para o crescimento infantil.<\/p>\n<div class=\"details-table-wrapper\">\n<table class=\"product-details-table\">\n<tbody>\n<tr>\n<td>Marca<\/td>\n<td>Carlu<\/td>\n<\/tr>\n<tr>\n<td>Material<\/td>\n<td>\u00a0MDF<\/td>\n<\/tr>\n<tr>\n<td>Faixa Et\u00e1ria<\/td>\n<td>A partir de 3 Anos<\/td>\n<\/tr>\n<\/tbody>\n<\/table>\n<\/div>\n","protected":false},"excerpt":{"rendered":"<p>A\u00a0Torre de Formas Geom\u00e9tricas\u00a0\u00e9 um brinquedo educativo confeccionado em\u00a0M.D.F. e madeira, que estimula o aprendizado por meio da\u00a0empilha\u00e7\u00e3o, classifica\u00e7\u00e3o e encaixe. O conjunto cont\u00e9m uma base de madeira com\u00a0quatro varetas de 11 cm\u00a0e\u00a016 pe\u00e7as coloridas\u00a0de formas geom\u00e9tricas (ret\u00e2ngulo, tri\u00e2ngulo, quadrado<\/p>\n","protected":false},"featured_media":3617,"comment_status":"open","ping_status":"closed","template":"","meta":[],"product_brand":[236],"product_cat":[38,211],"product_tag":[],"class_list":{"0":"post-3618","1":"product","2":"type-product","3":"status-publish","6":"product_brand-carlu","7":"product_cat-psicomotricidade","8":"product_cat-psicomotricidade-jogos-e-brinquedos","10":"first","11":"instock","12":"shipping-taxable","13":"purchasable","14":"product-type-simple"},"_links":{"self":[{"href":"https:\/\/educaredigital.online\/loja\/wp-json\/wp\/v2\/product\/3618","targetHints":{"allow":["GET"]}}],"collection":[{"href":"https:\/\/educaredigital.online\/loja\/wp-json\/wp\/v2\/product"}],"about":[{"href":"https:\/\/educaredigital.online\/loja\/wp-json\/wp\/v2\/types\/product"}],"replies":[{"embeddable":true,"href":"https:\/\/educaredigital.online\/loja\/wp-json\/wp\/v2\/comments?post=3618"}],"wp:featuredmedia":[{"embeddable":true,"href":"https:\/\/educaredigital.online\/loja\/wp-json\/wp\/v2\/media\/3617"}],"wp:attachment":[{"href":"https:\/\/educaredigital.online\/loja\/wp-json\/wp\/v2\/media?parent=3618"}],"wp:term":[{"taxonomy":"product_brand","embeddable":true,"href":"https:\/\/educaredigital.online\/loja\/wp-json\/wp\/v2\/product_brand?post=3618"},{"taxonomy":"product_cat","embeddable":true,"href":"https:\/\/educaredigital.online\/loja\/wp-json\/wp\/v2\/product_cat?post=3618"},{"taxonomy":"product_tag","embeddable":true,"href":"https:\/\/educaredigital.online\/loja\/wp-json\/wp\/v2\/product_tag?post=3618"}],"curies":[{"name":"wp","href":"https:\/\/api.w.org\/{rel}","templated":true}]}}