{"id":3616,"date":"2026-03-23T12:47:48","date_gmt":"2026-03-23T12:47:48","guid":{"rendered":"https:\/\/educaredigital.online\/loja\/produto\/geoplano-56-pinos-com-cadarcos-mad\/"},"modified":"2026-04-25T15:02:15","modified_gmt":"2026-04-25T15:02:15","slug":"geoplano-56-pinos-com-cadarcos-mad","status":"publish","type":"product","link":"https:\/\/educaredigital.online\/loja\/produto\/geoplano-56-pinos-com-cadarcos-mad\/","title":{"rendered":"Geoplano 56 Pinos Com Cadar\u00e7os"},"content":{"rendered":"<p class=\"ds-markdown-paragraph\">\u00a0<strong>Geoplano 56 Pinos com Cadar\u00e7os <\/strong>\u00e9 uma ferramenta educativa que transforma o aprendizado da geometria em uma atividade l\u00fadica e pr\u00e1tica. Confeccionado em\u00a0<strong>M.D.F. e madeira<\/strong>, o conjunto \u00e9 composto por uma base medindo\u00a0<strong>31 x 28 x 3,5 cm<\/strong>\u00a0com\u00a0<strong>56 pinos fixos de madeira<\/strong>, mais\u00a0<strong>6 cadar\u00e7os coloridos de poli\u00e9ster com aproximadamente 70 cm<\/strong> cada.<\/p>\n<p class=\"ds-markdown-paragraph\">Este material did\u00e1tico auxilia no desenvolvimento do\u00a0<strong>racioc\u00ednio matem\u00e1tico e da percep\u00e7\u00e3o espacial<\/strong>, possibilitando atividades com figuras e formas geom\u00e9tricas planas, suas propriedades (v\u00e9rtices, arestas, lados), amplia\u00e7\u00e3o e redu\u00e7\u00e3o de figuras, simetria, \u00e1rea e per\u00edmetro. Pode ser utilizado\u00a0<strong>individualmente ou em grupo<\/strong>, sendo ideal tanto para o ambiente escolar quanto para momentos de lazer em fam\u00edlia, unindo divers\u00e3o ao aprendizado ativo da matem\u00e1tica.<\/p>\n<div class=\"details-table-wrapper\">\n<table class=\"product-details-table\">\n<tbody>\n<tr>\n<td>Marca<\/td>\n<td>Carlu<\/td>\n<\/tr>\n<tr>\n<td>Material<\/td>\n<td>\u00a0MDF<\/td>\n<\/tr>\n<tr>\n<td>Faixa Et\u00e1ria<\/td>\n<td>A partir de 5 Anos<\/td>\n<\/tr>\n<\/tbody>\n<\/table>\n<\/div>\n","protected":false},"excerpt":{"rendered":"<p>\u00a0Geoplano 56 Pinos com Cadar\u00e7os \u00e9 uma ferramenta educativa que transforma o aprendizado da geometria em uma atividade l\u00fadica e pr\u00e1tica. Confeccionado em\u00a0M.D.F. e madeira, o conjunto \u00e9 composto por uma base medindo\u00a031 x 28 x 3,5 cm\u00a0com\u00a056 pinos fixos<\/p>\n","protected":false},"featured_media":3615,"comment_status":"open","ping_status":"closed","template":"","meta":[],"product_brand":[236],"product_cat":[38,211],"product_tag":[],"class_list":{"0":"post-3616","1":"product","2":"type-product","3":"status-publish","6":"product_brand-carlu","7":"product_cat-psicomotricidade","8":"product_cat-psicomotricidade-jogos-e-brinquedos","10":"first","11":"instock","12":"shipping-taxable","13":"purchasable","14":"product-type-simple"},"_links":{"self":[{"href":"https:\/\/educaredigital.online\/loja\/wp-json\/wp\/v2\/product\/3616","targetHints":{"allow":["GET"]}}],"collection":[{"href":"https:\/\/educaredigital.online\/loja\/wp-json\/wp\/v2\/product"}],"about":[{"href":"https:\/\/educaredigital.online\/loja\/wp-json\/wp\/v2\/types\/product"}],"replies":[{"embeddable":true,"href":"https:\/\/educaredigital.online\/loja\/wp-json\/wp\/v2\/comments?post=3616"}],"wp:featuredmedia":[{"embeddable":true,"href":"https:\/\/educaredigital.online\/loja\/wp-json\/wp\/v2\/media\/3615"}],"wp:attachment":[{"href":"https:\/\/educaredigital.online\/loja\/wp-json\/wp\/v2\/media?parent=3616"}],"wp:term":[{"taxonomy":"product_brand","embeddable":true,"href":"https:\/\/educaredigital.online\/loja\/wp-json\/wp\/v2\/product_brand?post=3616"},{"taxonomy":"product_cat","embeddable":true,"href":"https:\/\/educaredigital.online\/loja\/wp-json\/wp\/v2\/product_cat?post=3616"},{"taxonomy":"product_tag","embeddable":true,"href":"https:\/\/educaredigital.online\/loja\/wp-json\/wp\/v2\/product_tag?post=3616"}],"curies":[{"name":"wp","href":"https:\/\/api.w.org\/{rel}","templated":true}]}}