{"id":3614,"date":"2026-03-23T12:47:46","date_gmt":"2026-03-23T12:47:46","guid":{"rendered":"https:\/\/educaredigital.online\/loja\/produto\/numerais-com-pinos-eva-55-pc\/"},"modified":"2026-04-27T11:38:31","modified_gmt":"2026-04-27T11:38:31","slug":"numerais-com-pinos-eva-55-pc","status":"publish","type":"product","link":"https:\/\/educaredigital.online\/loja\/produto\/numerais-com-pinos-eva-55-pc\/","title":{"rendered":"Numerais com Pinos EVA &#8211; 55 Pe\u00e7as"},"content":{"rendered":"<p class=\"ds-markdown-paragraph\"><strong>Numerais com Pinos EVA &#8211; 55 Pe\u00e7as: <\/strong>\u00a0\u00e9 um recurso pedag\u00f3gico\u00a0 desenvolvido para auxiliar na aprendizagem dos n\u00fameros e na rela\u00e7\u00e3o entre numerais e quantidades de forma l\u00fadica e interativa\u00a0. Confeccionado em E.V.A. com tinta at\u00f3xica e material higieniz\u00e1vel, o conjunto \u00e9 composto por 10 pe\u00e7as representando os n\u00fameros de 0 a 9, cada um medindo aproximadamente 9 cm de altura, e 45 bolinhas coloridas que devem ser encaixadas nos pinos presentes em cada numeral, totalizando 55 pe\u00e7as\u00a0. A embalagem \u00e9 uma caixa de papel microondulado ilustrada, lacrada com pel\u00edcula de P.V.C. encolh\u00edvel\u00a0.<\/p>\n<p class=\"ds-markdown-paragraph\">Recomendado para crian\u00e7as a partir de 5 anos\u00a0, este material trabalha a correspond\u00eancia entre numerais e quantidades, estimulando a contagem e o aprendizado dos conceitos num\u00e9ricos iniciais. A crian\u00e7a deve escolher um n\u00famero, em ordem crescente ou decrescente, e encaixar a quantidade de pinos correspondente ao numeral, desenvolvendo o racioc\u00ednio l\u00f3gico, a coordena\u00e7\u00e3o motora fina e a compreens\u00e3o da rela\u00e7\u00e3o entre s\u00edmbolo e quantidade de forma concreta e prazerosa\u00a0.<\/p>\n<div class=\"details-table-wrapper\">\n<table class=\"product-details-table\">\n<tbody>\n<tr>\n<td>Marca<\/td>\n<td>Carlu<\/td>\n<\/tr>\n<tr>\n<td>Material<\/td>\n<td>MDF e EVA<\/td>\n<\/tr>\n<tr>\n<td>Faixa Et\u00e1ria<\/td>\n<td>A partir de 5 Anos<\/td>\n<\/tr>\n<\/tbody>\n<\/table>\n<\/div>\n","protected":false},"excerpt":{"rendered":"<p>Numerais com Pinos EVA &#8211; 55 Pe\u00e7as: \u00a0\u00e9 um recurso pedag\u00f3gico\u00a0 desenvolvido para auxiliar na aprendizagem dos n\u00fameros e na rela\u00e7\u00e3o entre numerais e quantidades de forma l\u00fadica e interativa\u00a0. Confeccionado em E.V.A. com tinta at\u00f3xica e material higieniz\u00e1vel, o<\/p>\n","protected":false},"featured_media":3613,"comment_status":"open","ping_status":"closed","template":"","meta":[],"product_brand":[236],"product_cat":[210],"product_tag":[],"class_list":{"0":"post-3614","1":"product","2":"type-product","3":"status-publish","6":"product_brand-carlu","7":"product_cat-matematica-jogos-e-brinquedos","9":"first","10":"instock","11":"shipping-taxable","12":"purchasable","13":"product-type-simple"},"_links":{"self":[{"href":"https:\/\/educaredigital.online\/loja\/wp-json\/wp\/v2\/product\/3614","targetHints":{"allow":["GET"]}}],"collection":[{"href":"https:\/\/educaredigital.online\/loja\/wp-json\/wp\/v2\/product"}],"about":[{"href":"https:\/\/educaredigital.online\/loja\/wp-json\/wp\/v2\/types\/product"}],"replies":[{"embeddable":true,"href":"https:\/\/educaredigital.online\/loja\/wp-json\/wp\/v2\/comments?post=3614"}],"wp:featuredmedia":[{"embeddable":true,"href":"https:\/\/educaredigital.online\/loja\/wp-json\/wp\/v2\/media\/3613"}],"wp:attachment":[{"href":"https:\/\/educaredigital.online\/loja\/wp-json\/wp\/v2\/media?parent=3614"}],"wp:term":[{"taxonomy":"product_brand","embeddable":true,"href":"https:\/\/educaredigital.online\/loja\/wp-json\/wp\/v2\/product_brand?post=3614"},{"taxonomy":"product_cat","embeddable":true,"href":"https:\/\/educaredigital.online\/loja\/wp-json\/wp\/v2\/product_cat?post=3614"},{"taxonomy":"product_tag","embeddable":true,"href":"https:\/\/educaredigital.online\/loja\/wp-json\/wp\/v2\/product_tag?post=3614"}],"curies":[{"name":"wp","href":"https:\/\/api.w.org\/{rel}","templated":true}]}}