{"id":3602,"date":"2026-03-23T12:47:36","date_gmt":"2026-03-23T12:47:36","guid":{"rendered":"https:\/\/educaredigital.online\/loja\/produto\/regua-de-fracoes-mdf-85-pc\/"},"modified":"2026-04-27T11:39:24","modified_gmt":"2026-04-27T11:39:24","slug":"regua-de-fracoes-mdf-85-pc","status":"publish","type":"product","link":"https:\/\/educaredigital.online\/loja\/produto\/regua-de-fracoes-mdf-85-pc\/","title":{"rendered":"R\u00e9gua de Fra\u00e7\u00f5es &#8211; MDF &#8211; 85 Pe\u00e7as"},"content":{"rendered":"<p class=\"ds-markdown-paragraph\">A\u00a0<strong>R\u00e9gua de Fra\u00e7\u00f5es <\/strong>\u00a0\u00e9 um material pedag\u00f3gico concreto que torna o aprendizado de fra\u00e7\u00f5es mais visual e intuitivo. O conjunto \u00e9 composto por\u00a0<strong>85 pe\u00e7as coloridas<\/strong>\u00a0(vermelha, azul, amarela e verde) confeccionadas em M.D.F. e pintadas com tinta ultravioleta at\u00f3xica, sendo indicado para crian\u00e7as a partir de\u00a0<strong>4 anos<\/strong>. Acompanha uma caixa de madeira serigrafada para armazenamento com dimens\u00f5es de 30 x 16 x 5 cm.<\/p>\n<p class=\"ds-markdown-paragraph\">As pe\u00e7as representam fra\u00e7\u00f5es que v\u00e3o do\u00a0<strong>inteiro at\u00e9 a d\u00e9cima parte<\/strong>, incluindo tamb\u00e9m doze avos e dezoito avos. A pe\u00e7a que representa o inteiro mede 20 x 5 cm, e as demais s\u00e3o proporcionais a ela (como 1\/2, 1\/3, 1\/4, e assim por diante). Por ser um recurso autocorretivo e manipul\u00e1vel, permite que a crian\u00e7a compreenda a rela\u00e7\u00e3o entre as partes e o todo de forma aut\u00f4noma, sendo uma excelente ferramenta tanto para o ambiente escolar quanto para o estudo em casa, podendo ser utilizado\u00a0<strong>individualmente ou em grupo<\/strong>.<\/p>\n<div class=\"details-table-wrapper\">\n<table class=\"product-details-table\">\n<tbody>\n<tr>\n<td>Marca<\/td>\n<td>Carlu<\/td>\n<\/tr>\n<tr>\n<td>Material<\/td>\n<td>\u00a0MDF<\/td>\n<\/tr>\n<tr>\n<td>Faixa Et\u00e1ria<\/td>\n<td>A partir de 4 Anos<\/td>\n<\/tr>\n<\/tbody>\n<\/table>\n<\/div>\n","protected":false},"excerpt":{"rendered":"<p>A\u00a0R\u00e9gua de Fra\u00e7\u00f5es \u00a0\u00e9 um material pedag\u00f3gico concreto que torna o aprendizado de fra\u00e7\u00f5es mais visual e intuitivo. O conjunto \u00e9 composto por\u00a085 pe\u00e7as coloridas\u00a0(vermelha, azul, amarela e verde) confeccionadas em M.D.F. e pintadas com tinta ultravioleta at\u00f3xica, sendo indicado<\/p>\n","protected":false},"featured_media":3601,"comment_status":"open","ping_status":"closed","template":"","meta":[],"product_brand":[236],"product_cat":[210,37],"product_tag":[],"class_list":{"0":"post-3602","1":"product","2":"type-product","3":"status-publish","6":"product_brand-carlu","7":"product_cat-matematica-jogos-e-brinquedos","8":"product_cat-matematica","10":"first","11":"instock","12":"shipping-taxable","13":"purchasable","14":"product-type-simple"},"_links":{"self":[{"href":"https:\/\/educaredigital.online\/loja\/wp-json\/wp\/v2\/product\/3602","targetHints":{"allow":["GET"]}}],"collection":[{"href":"https:\/\/educaredigital.online\/loja\/wp-json\/wp\/v2\/product"}],"about":[{"href":"https:\/\/educaredigital.online\/loja\/wp-json\/wp\/v2\/types\/product"}],"replies":[{"embeddable":true,"href":"https:\/\/educaredigital.online\/loja\/wp-json\/wp\/v2\/comments?post=3602"}],"wp:featuredmedia":[{"embeddable":true,"href":"https:\/\/educaredigital.online\/loja\/wp-json\/wp\/v2\/media\/3601"}],"wp:attachment":[{"href":"https:\/\/educaredigital.online\/loja\/wp-json\/wp\/v2\/media?parent=3602"}],"wp:term":[{"taxonomy":"product_brand","embeddable":true,"href":"https:\/\/educaredigital.online\/loja\/wp-json\/wp\/v2\/product_brand?post=3602"},{"taxonomy":"product_cat","embeddable":true,"href":"https:\/\/educaredigital.online\/loja\/wp-json\/wp\/v2\/product_cat?post=3602"},{"taxonomy":"product_tag","embeddable":true,"href":"https:\/\/educaredigital.online\/loja\/wp-json\/wp\/v2\/product_tag?post=3602"}],"curies":[{"name":"wp","href":"https:\/\/api.w.org\/{rel}","templated":true}]}}