{"id":3600,"date":"2026-03-23T12:47:32","date_gmt":"2026-03-23T12:47:32","guid":{"rendered":"https:\/\/educaredigital.online\/loja\/produto\/solidos-geometricos-mad-11-pc\/"},"modified":"2026-04-27T11:39:35","modified_gmt":"2026-04-27T11:39:35","slug":"solidos-geometricos-mad-11-pc","status":"publish","type":"product","link":"https:\/\/educaredigital.online\/loja\/produto\/solidos-geometricos-mad-11-pc\/","title":{"rendered":"S\u00f3lidos Geom\u00e9tricos &#8211; Madeira &#8211; 11 Pe\u00e7as"},"content":{"rendered":"<p><strong>S\u00f3lidos Geom\u00e9tricos &#8211; Madeira &#8211; 11 Pe\u00e7as<\/strong>: \u00e9 um conjunto pedag\u00f3gico da marca Carlu que proporciona o ensino pr\u00e1tico e l\u00fadico da geometria espacial . Confeccionado em madeira com tinta azul at\u00f3xica, o kit cont\u00e9m 11 formas geom\u00e9tricas: tetraedro (3 x 3 cm), pir\u00e2mide de base quadrada (3,5 x 3,5 x 8 cm), pir\u00e2mide de base retangular (3,5 x 2 x 8 cm), pir\u00e2mide de base triangular (3,5 x 8 cm), cone, esfera (4 cm de di\u00e2metro), cubo (3,5 x 3,5 cm), cilindro (3,5 x 8 cm), paralelep\u00edpedo (3,5 x 8 x 3,5 cm), prisma de base pentagonal (3,5 x 3,5 x 8 cm) e prisma de base hexagonal (3,5 x 4 x 8 cm) . As pe\u00e7as s\u00e3o armazenadas em uma caixa de madeira com tampa serigrafada medindo 18 x 18 x 6 cm, lacrada com pel\u00edcula de PVC encolh\u00edvel .<\/p>\n<p>Recomendado para crian\u00e7as a partir de 4 anos , este material permite a visualiza\u00e7\u00e3o concreta das figuras geom\u00e9tricas, desenvolvendo no\u00e7\u00f5es de espa\u00e7o, tamanho e forma, al\u00e9m da compara\u00e7\u00e3o de semelhan\u00e7as e diferen\u00e7as entre os s\u00f3lidos . Ao manipular as pe\u00e7as, a crian\u00e7a estimula a coordena\u00e7\u00e3o motora fina, a percep\u00e7\u00e3o visual e o racioc\u00ednio l\u00f3gico, favorecendo a introdu\u00e7\u00e3o aos conceitos de geometria espacial, volume e propor\u00e7\u00e3o de forma sensorial e educativa .<\/p>\n<div class=\"details-table-wrapper\">\n<table class=\"product-details-table\">\n<tbody>\n<tr>\n<td>Marca<\/td>\n<td>Carlu<\/td>\n<\/tr>\n<tr>\n<td>Material<\/td>\n<td>MDF<\/td>\n<\/tr>\n<tr>\n<td>Faixa Et\u00e1ria<\/td>\n<td>A partir de 4 Anos<\/td>\n<\/tr>\n<\/tbody>\n<\/table>\n<\/div>\n","protected":false},"excerpt":{"rendered":"<p>S\u00f3lidos Geom\u00e9tricos &#8211; Madeira &#8211; 11 Pe\u00e7as: \u00e9 um conjunto pedag\u00f3gico da marca Carlu que proporciona o ensino pr\u00e1tico e l\u00fadico da geometria espacial . Confeccionado em madeira com tinta azul at\u00f3xica, o kit cont\u00e9m 11 formas geom\u00e9tricas: tetraedro (3<\/p>\n","protected":false},"featured_media":3599,"comment_status":"open","ping_status":"closed","template":"","meta":[],"product_brand":[236],"product_cat":[210],"product_tag":[],"class_list":{"0":"post-3600","1":"product","2":"type-product","3":"status-publish","6":"product_brand-carlu","7":"product_cat-matematica-jogos-e-brinquedos","9":"first","10":"instock","11":"shipping-taxable","12":"purchasable","13":"product-type-simple"},"_links":{"self":[{"href":"https:\/\/educaredigital.online\/loja\/wp-json\/wp\/v2\/product\/3600","targetHints":{"allow":["GET"]}}],"collection":[{"href":"https:\/\/educaredigital.online\/loja\/wp-json\/wp\/v2\/product"}],"about":[{"href":"https:\/\/educaredigital.online\/loja\/wp-json\/wp\/v2\/types\/product"}],"replies":[{"embeddable":true,"href":"https:\/\/educaredigital.online\/loja\/wp-json\/wp\/v2\/comments?post=3600"}],"wp:featuredmedia":[{"embeddable":true,"href":"https:\/\/educaredigital.online\/loja\/wp-json\/wp\/v2\/media\/3599"}],"wp:attachment":[{"href":"https:\/\/educaredigital.online\/loja\/wp-json\/wp\/v2\/media?parent=3600"}],"wp:term":[{"taxonomy":"product_brand","embeddable":true,"href":"https:\/\/educaredigital.online\/loja\/wp-json\/wp\/v2\/product_brand?post=3600"},{"taxonomy":"product_cat","embeddable":true,"href":"https:\/\/educaredigital.online\/loja\/wp-json\/wp\/v2\/product_cat?post=3600"},{"taxonomy":"product_tag","embeddable":true,"href":"https:\/\/educaredigital.online\/loja\/wp-json\/wp\/v2\/product_tag?post=3600"}],"curies":[{"name":"wp","href":"https:\/\/api.w.org\/{rel}","templated":true}]}}