{"id":3590,"date":"2026-03-23T12:47:21","date_gmt":"2026-03-23T12:47:21","guid":{"rendered":"https:\/\/educaredigital.online\/loja\/produto\/abaco-aberto-50-argolas-translucidas\/"},"modified":"2026-04-27T11:41:21","modified_gmt":"2026-04-27T11:41:21","slug":"abaco-aberto-50-argolas-translucidas","status":"publish","type":"product","link":"https:\/\/educaredigital.online\/loja\/produto\/abaco-aberto-50-argolas-translucidas\/","title":{"rendered":"\u00c1baco Aberto 50 Argolas Transl\u00facidas"},"content":{"rendered":"<div class=\"ds-message _63c77b1\">\n<div class=\"ds-markdown\">\n<p class=\"ds-markdown-paragraph\"><strong>\u00c1baco Aberto 50 Argolas Transl\u00facidas: <\/strong>\u00e9 um cl\u00e1ssico recurso pedag\u00f3gico da marca Carlu, desenvolvido para auxiliar no aprendizado da matem\u00e1tica de forma visual e concreta. Recomendado para crian\u00e7as a partir de 4 anos, o produto \u00e9 confeccionado com base em MDF e 50 argolas de PVC r\u00edgido transl\u00facido e colorido\u00a0. Sua estrutura conta com 5 varetas fixas na base, medindo aproximadamente 30 x 7 x 9 cm, e a embalagem \u00e9 feita em pel\u00edcula de PVC encolh\u00edvel\u00a0.<\/p>\n<p class=\"ds-markdown-paragraph\">Este instrumento permite que a crian\u00e7a realize desde o reconhecimento de quantidades at\u00e9 c\u00e1lculos envolvendo as quatro opera\u00e7\u00f5es b\u00e1sicas (adi\u00e7\u00e3o, subtra\u00e7\u00e3o, multiplica\u00e7\u00e3o e divis\u00e3o) de maneira l\u00fadica . Ao manusear as argolas coloridas, o brinquedo estimula o racioc\u00ednio l\u00f3gico, a coordena\u00e7\u00e3o motora fina, a concentra\u00e7\u00e3o e a autonomia, tornando o aprendizado da matem\u00e1tica uma experi\u00eancia mais significativa e prazerosa tanto em ambiente escolar quanto em casa .<\/p>\n<div class=\"details-table-wrapper\">\n<table class=\"product-details-table\">\n<tbody>\n<tr>\n<td>Marca<\/td>\n<td>Carlu<\/td>\n<\/tr>\n<tr>\n<td>Material<\/td>\n<td>MDF<\/td>\n<\/tr>\n<tr>\n<td>Faixa Et\u00e1ria<\/td>\n<td>A partir de 4 Anos<\/td>\n<\/tr>\n<\/tbody>\n<\/table>\n<\/div>\n<\/div>\n<\/div>\n","protected":false},"excerpt":{"rendered":"<p>\u00c1baco Aberto 50 Argolas Transl\u00facidas: \u00e9 um cl\u00e1ssico recurso pedag\u00f3gico da marca Carlu, desenvolvido para auxiliar no aprendizado da matem\u00e1tica de forma visual e concreta. Recomendado para crian\u00e7as a partir de 4 anos, o produto \u00e9 confeccionado com base em<\/p>\n","protected":false},"featured_media":3589,"comment_status":"open","ping_status":"closed","template":"","meta":[],"product_brand":[236],"product_cat":[210],"product_tag":[],"class_list":{"0":"post-3590","1":"product","2":"type-product","3":"status-publish","6":"product_brand-carlu","7":"product_cat-matematica-jogos-e-brinquedos","9":"first","10":"instock","11":"shipping-taxable","12":"purchasable","13":"product-type-simple"},"_links":{"self":[{"href":"https:\/\/educaredigital.online\/loja\/wp-json\/wp\/v2\/product\/3590","targetHints":{"allow":["GET"]}}],"collection":[{"href":"https:\/\/educaredigital.online\/loja\/wp-json\/wp\/v2\/product"}],"about":[{"href":"https:\/\/educaredigital.online\/loja\/wp-json\/wp\/v2\/types\/product"}],"replies":[{"embeddable":true,"href":"https:\/\/educaredigital.online\/loja\/wp-json\/wp\/v2\/comments?post=3590"}],"wp:featuredmedia":[{"embeddable":true,"href":"https:\/\/educaredigital.online\/loja\/wp-json\/wp\/v2\/media\/3589"}],"wp:attachment":[{"href":"https:\/\/educaredigital.online\/loja\/wp-json\/wp\/v2\/media?parent=3590"}],"wp:term":[{"taxonomy":"product_brand","embeddable":true,"href":"https:\/\/educaredigital.online\/loja\/wp-json\/wp\/v2\/product_brand?post=3590"},{"taxonomy":"product_cat","embeddable":true,"href":"https:\/\/educaredigital.online\/loja\/wp-json\/wp\/v2\/product_cat?post=3590"},{"taxonomy":"product_tag","embeddable":true,"href":"https:\/\/educaredigital.online\/loja\/wp-json\/wp\/v2\/product_tag?post=3590"}],"curies":[{"name":"wp","href":"https:\/\/api.w.org\/{rel}","templated":true}]}}