{"id":3586,"date":"2026-03-23T12:47:18","date_gmt":"2026-03-23T12:47:18","guid":{"rendered":"https:\/\/educaredigital.online\/loja\/produto\/kit-seriacao-e-classificacao-mdf-5-jogos\/"},"modified":"2026-04-27T11:41:47","modified_gmt":"2026-04-27T11:41:47","slug":"kit-seriacao-e-classificacao-mdf-5-jogos","status":"publish","type":"product","link":"https:\/\/educaredigital.online\/loja\/produto\/kit-seriacao-e-classificacao-mdf-5-jogos\/","title":{"rendered":"Kit Seria\u00e7\u00e3o e Classifica\u00e7\u00e3o &#8211; MDF &#8211; 5 JOGOS"},"content":{"rendered":"<p class=\"ds-markdown-paragraph\">O\u00a0<strong>Kit Seria\u00e7\u00e3o e Classifica\u00e7\u00e3o &#8211; 5 Jogos<\/strong> \u00e9 um conjunto de brinquedos educativos em madeira projetado para introduzir crian\u00e7as a partir de 3 anos aos conceitos matem\u00e1ticos fundamentais de seria\u00e7\u00e3o (organizar elementos em sequ\u00eancias l\u00f3gicas) e classifica\u00e7\u00e3o (agrupar por atributos comuns). Produzido com madeira MDF e armazenado em uma pr\u00e1tica caixa de madeira que facilita a organiza\u00e7\u00e3o, o kit re\u00fane cinco jogos distintos em um s\u00f3 . Cada jogo aborda o conceito de seria\u00e7\u00e3o de forma l\u00fadica, utilizando pe\u00e7as que variam em tamanho (maior\/menor), como as 12 roupinhas do varal, as 4 casinhas ou os 6 cavalinhos, incentivando a crian\u00e7a a orden\u00e1-las corretamente.<\/p>\n<p class=\"ds-markdown-paragraph\">Ao manipular as pe\u00e7as para criar sequ\u00eancias e fazer compara\u00e7\u00f5es, a crian\u00e7a desenvolve habilidades essenciais como racioc\u00ednio l\u00f3gico, percep\u00e7\u00e3o visual e coordena\u00e7\u00e3o motora, de maneira totalmente pr\u00e1tica e divertida. A natureza concreta e aut\u00f4noma do brinquedo \u00e9 ideal para o aprendizado ativo, sendo uma ferramenta valiosa tanto para o ambiente escolar quanto para o uso dom\u00e9stico.<\/p>\n<div class=\"details-table-wrapper\">\n<table class=\"product-details-table\">\n<tbody>\n<tr>\n<td>Marca<\/td>\n<td>Carlu<\/td>\n<\/tr>\n<tr>\n<td>Material<\/td>\n<td>\u00a0Madeira<\/td>\n<\/tr>\n<tr>\n<td>Faixa Et\u00e1ria<\/td>\n<td>A partir de 3 Anos<\/td>\n<\/tr>\n<\/tbody>\n<\/table>\n<\/div>\n","protected":false},"excerpt":{"rendered":"<p>O\u00a0Kit Seria\u00e7\u00e3o e Classifica\u00e7\u00e3o &#8211; 5 Jogos \u00e9 um conjunto de brinquedos educativos em madeira projetado para introduzir crian\u00e7as a partir de 3 anos aos conceitos matem\u00e1ticos fundamentais de seria\u00e7\u00e3o (organizar elementos em sequ\u00eancias l\u00f3gicas) e classifica\u00e7\u00e3o (agrupar por atributos<\/p>\n","protected":false},"featured_media":3585,"comment_status":"open","ping_status":"closed","template":"","meta":[],"product_brand":[236],"product_cat":[211],"product_tag":[],"class_list":{"0":"post-3586","1":"product","2":"type-product","3":"status-publish","6":"product_brand-carlu","7":"product_cat-psicomotricidade-jogos-e-brinquedos","9":"first","10":"instock","11":"shipping-taxable","12":"purchasable","13":"product-type-simple"},"_links":{"self":[{"href":"https:\/\/educaredigital.online\/loja\/wp-json\/wp\/v2\/product\/3586","targetHints":{"allow":["GET"]}}],"collection":[{"href":"https:\/\/educaredigital.online\/loja\/wp-json\/wp\/v2\/product"}],"about":[{"href":"https:\/\/educaredigital.online\/loja\/wp-json\/wp\/v2\/types\/product"}],"replies":[{"embeddable":true,"href":"https:\/\/educaredigital.online\/loja\/wp-json\/wp\/v2\/comments?post=3586"}],"wp:featuredmedia":[{"embeddable":true,"href":"https:\/\/educaredigital.online\/loja\/wp-json\/wp\/v2\/media\/3585"}],"wp:attachment":[{"href":"https:\/\/educaredigital.online\/loja\/wp-json\/wp\/v2\/media?parent=3586"}],"wp:term":[{"taxonomy":"product_brand","embeddable":true,"href":"https:\/\/educaredigital.online\/loja\/wp-json\/wp\/v2\/product_brand?post=3586"},{"taxonomy":"product_cat","embeddable":true,"href":"https:\/\/educaredigital.online\/loja\/wp-json\/wp\/v2\/product_cat?post=3586"},{"taxonomy":"product_tag","embeddable":true,"href":"https:\/\/educaredigital.online\/loja\/wp-json\/wp\/v2\/product_tag?post=3586"}],"curies":[{"name":"wp","href":"https:\/\/api.w.org\/{rel}","templated":true}]}}