{"id":3584,"date":"2026-03-23T12:47:17","date_gmt":"2026-03-23T12:47:17","guid":{"rendered":"https:\/\/educaredigital.online\/loja\/produto\/jogo-de-argolas-liso-mdf-10-pc\/"},"modified":"2026-04-27T11:41:55","modified_gmt":"2026-04-27T11:41:55","slug":"jogo-de-argolas-liso-mdf-10-pc","status":"publish","type":"product","link":"https:\/\/educaredigital.online\/loja\/produto\/jogo-de-argolas-liso-mdf-10-pc\/","title":{"rendered":"Jogo de Argolas Liso &#8211; MDF &#8211; 10 Pe\u00e7as"},"content":{"rendered":"<p class=\"ds-markdown-paragraph\">O\u00a0<strong>Jogo de Argolas Liso MDF &#8211; 10 Pe\u00e7as<\/strong>\u00a0 \u00e9 um brinquedo educativo que auxilia no desenvolvimento da coordena\u00e7\u00e3o motora e da percep\u00e7\u00e3o espacial de forma l\u00fadica. Confeccionado em M.D.F. e madeira, o jogo inclui uma base resistente em formato de cruz, <strong>5 pinos coloridos de madeira<\/strong>\u00a0(com 10 cm de altura por 2 cm de di\u00e2metro) e\u00a0<strong>5 argolas de pl\u00e1stico resistente e coloridas<\/strong>.<\/p>\n<p class=\"ds-markdown-paragraph\">A din\u00e2mica do jogo consiste em encaixar ou arremessar as argolas nos pinos da base, sendo uma excelente ferramenta para estimular a concentra\u00e7\u00e3o, a no\u00e7\u00e3o de dist\u00e2ncia e a destreza manual. Com um formato cl\u00e1ssico e dur\u00e1vel, o jogo pode ser praticado individualmente ou em pequenos grupos, promovendo a integra\u00e7\u00e3o social e o respeito \u00e0s regras. Al\u00e9m de trabalhar a identifica\u00e7\u00e3o de cores e quantidades, o brinquedo \u00e9 uma op\u00e7\u00e3o vers\u00e1til tanto para o ambiente escolar quanto para momentos de lazer em fam\u00edlia.<\/p>\n<div class=\"details-table-wrapper\">\n<table class=\"product-details-table\">\n<tbody>\n<tr>\n<td>Marca<\/td>\n<td>Carlu<\/td>\n<\/tr>\n<tr>\n<td>Material<\/td>\n<td>\u00a0MDF<\/td>\n<\/tr>\n<tr>\n<td>Faixa Et\u00e1ria<\/td>\n<td>A partir de 5 Anos<\/td>\n<\/tr>\n<\/tbody>\n<\/table>\n<\/div>\n","protected":false},"excerpt":{"rendered":"<p>O\u00a0Jogo de Argolas Liso MDF &#8211; 10 Pe\u00e7as\u00a0 \u00e9 um brinquedo educativo que auxilia no desenvolvimento da coordena\u00e7\u00e3o motora e da percep\u00e7\u00e3o espacial de forma l\u00fadica. Confeccionado em M.D.F. e madeira, o jogo inclui uma base resistente em formato de<\/p>\n","protected":false},"featured_media":3583,"comment_status":"open","ping_status":"closed","template":"","meta":[],"product_brand":[236],"product_cat":[211],"product_tag":[],"class_list":{"0":"post-3584","1":"product","2":"type-product","3":"status-publish","6":"product_brand-carlu","7":"product_cat-psicomotricidade-jogos-e-brinquedos","9":"first","10":"instock","11":"shipping-taxable","12":"purchasable","13":"product-type-simple"},"_links":{"self":[{"href":"https:\/\/educaredigital.online\/loja\/wp-json\/wp\/v2\/product\/3584","targetHints":{"allow":["GET"]}}],"collection":[{"href":"https:\/\/educaredigital.online\/loja\/wp-json\/wp\/v2\/product"}],"about":[{"href":"https:\/\/educaredigital.online\/loja\/wp-json\/wp\/v2\/types\/product"}],"replies":[{"embeddable":true,"href":"https:\/\/educaredigital.online\/loja\/wp-json\/wp\/v2\/comments?post=3584"}],"wp:featuredmedia":[{"embeddable":true,"href":"https:\/\/educaredigital.online\/loja\/wp-json\/wp\/v2\/media\/3583"}],"wp:attachment":[{"href":"https:\/\/educaredigital.online\/loja\/wp-json\/wp\/v2\/media?parent=3584"}],"wp:term":[{"taxonomy":"product_brand","embeddable":true,"href":"https:\/\/educaredigital.online\/loja\/wp-json\/wp\/v2\/product_brand?post=3584"},{"taxonomy":"product_cat","embeddable":true,"href":"https:\/\/educaredigital.online\/loja\/wp-json\/wp\/v2\/product_cat?post=3584"},{"taxonomy":"product_tag","embeddable":true,"href":"https:\/\/educaredigital.online\/loja\/wp-json\/wp\/v2\/product_tag?post=3584"}],"curies":[{"name":"wp","href":"https:\/\/api.w.org\/{rel}","templated":true}]}}