{"id":3576,"date":"2026-03-23T12:47:07","date_gmt":"2026-03-23T12:47:07","guid":{"rendered":"https:\/\/educaredigital.online\/loja\/produto\/domino-kit-alfabetizacao-mdf-8-jogos-sortidos\/"},"modified":"2026-04-27T11:42:32","modified_gmt":"2026-04-27T11:42:32","slug":"domino-kit-alfabetizacao-mdf-8-jogos-sortidos","status":"publish","type":"product","link":"https:\/\/educaredigital.online\/loja\/produto\/domino-kit-alfabetizacao-mdf-8-jogos-sortidos\/","title":{"rendered":"Domin\u00f3 Kit Alfabetiza\u00e7\u00e3o &#8211; MDF &#8211; 8 Jogos Sortidos"},"content":{"rendered":"<p class=\"ds-markdown-paragraph\"><strong>Domin\u00f3 Kit Alfabetiza\u00e7\u00e3o &#8211; MDF &#8211; 8 Jogos Sortidos:<\/strong>\u00a0\u00e9 um conjunto pedag\u00f3gico da marca Carlu que re\u00fane oito jogos de domin\u00f3 em uma \u00fanica caixa, sendo ideal para crian\u00e7as a partir de 3 anos\u00a0. Confeccionado em MDF com tinta ultravioleta at\u00f3xica, cada um dos 8 jogos cont\u00e9m 28 pe\u00e7as resistentes de 7 x 3,5 cm, todas armazenadas em uma pr\u00e1tica caixa de madeira com tampa serigrafada\u00a0.<\/p>\n<p class=\"ds-markdown-paragraph\">Este kit \u00e9 uma ferramenta educativa vers\u00e1til que auxilia no desenvolvimento do racioc\u00ednio l\u00f3gico, concentra\u00e7\u00e3o e mem\u00f3ria, ao mesmo tempo que introduz os conte\u00fados fundamentais da alfabetiza\u00e7\u00e3o de forma l\u00fadica . A proposta de ter &#8220;jogos sortidos&#8221; permite que a crian\u00e7a entre em contato com diferentes associa\u00e7\u00f5es de ideias dentro do universo da alfabetiza\u00e7\u00e3o, tornando o aprendizado mais din\u00e2mico e mantendo o interesse por meio da variedade de atividades propostas pelos domin\u00f3s.<\/p>\n<div class=\"details-table-wrapper\">\n<table class=\"product-details-table\">\n<tbody>\n<tr>\n<td>Marca<\/td>\n<td>Carlu<\/td>\n<\/tr>\n<tr>\n<td>Material<\/td>\n<td>MDF<\/td>\n<\/tr>\n<tr>\n<td>Faixa Et\u00e1ria<\/td>\n<td>A partir de 3 Anos<\/td>\n<\/tr>\n<\/tbody>\n<\/table>\n<\/div>\n","protected":false},"excerpt":{"rendered":"<p>Domin\u00f3 Kit Alfabetiza\u00e7\u00e3o &#8211; MDF &#8211; 8 Jogos Sortidos:\u00a0\u00e9 um conjunto pedag\u00f3gico da marca Carlu que re\u00fane oito jogos de domin\u00f3 em uma \u00fanica caixa, sendo ideal para crian\u00e7as a partir de 3 anos\u00a0. Confeccionado em MDF com tinta ultravioleta<\/p>\n","protected":false},"featured_media":3575,"comment_status":"open","ping_status":"closed","template":"","meta":[],"product_brand":[236],"product_cat":[209],"product_tag":[],"class_list":{"0":"post-3576","1":"product","2":"type-product","3":"status-publish","6":"product_brand-carlu","7":"product_cat-letramento-jogos-e-brinquedos","9":"first","10":"instock","11":"shipping-taxable","12":"purchasable","13":"product-type-simple"},"_links":{"self":[{"href":"https:\/\/educaredigital.online\/loja\/wp-json\/wp\/v2\/product\/3576","targetHints":{"allow":["GET"]}}],"collection":[{"href":"https:\/\/educaredigital.online\/loja\/wp-json\/wp\/v2\/product"}],"about":[{"href":"https:\/\/educaredigital.online\/loja\/wp-json\/wp\/v2\/types\/product"}],"replies":[{"embeddable":true,"href":"https:\/\/educaredigital.online\/loja\/wp-json\/wp\/v2\/comments?post=3576"}],"wp:featuredmedia":[{"embeddable":true,"href":"https:\/\/educaredigital.online\/loja\/wp-json\/wp\/v2\/media\/3575"}],"wp:attachment":[{"href":"https:\/\/educaredigital.online\/loja\/wp-json\/wp\/v2\/media?parent=3576"}],"wp:term":[{"taxonomy":"product_brand","embeddable":true,"href":"https:\/\/educaredigital.online\/loja\/wp-json\/wp\/v2\/product_brand?post=3576"},{"taxonomy":"product_cat","embeddable":true,"href":"https:\/\/educaredigital.online\/loja\/wp-json\/wp\/v2\/product_cat?post=3576"},{"taxonomy":"product_tag","embeddable":true,"href":"https:\/\/educaredigital.online\/loja\/wp-json\/wp\/v2\/product_tag?post=3576"}],"curies":[{"name":"wp","href":"https:\/\/api.w.org\/{rel}","templated":true}]}}