{"id":3568,"date":"2026-03-23T12:47:00","date_gmt":"2026-03-23T12:47:00","guid":{"rendered":"https:\/\/educaredigital.online\/loja\/produto\/alfanumerico-giratorio\/"},"modified":"2026-04-27T11:43:42","modified_gmt":"2026-04-27T11:43:42","slug":"alfanumerico-giratorio","status":"publish","type":"product","link":"https:\/\/educaredigital.online\/loja\/produto\/alfanumerico-giratorio\/","title":{"rendered":"Alfanum\u00e9rico Girat\u00f3rio &#8211; MDF"},"content":{"rendered":"<p class=\"ds-markdown-paragraph\"><strong>Alfanum\u00e9rico Girat\u00f3rio &#8211; MDF<\/strong>\u00a0\u00e9 um brinquedo educativo vertical confeccionado em MDF e madeira, composto por 35 quadradinhos girat\u00f3rios de 6&#215;6 cm cada, montados sobre uma base com p\u00e9s que permitem a rota\u00e7\u00e3o das pe\u00e7as\u00a0. Cada quadradinho apresenta dupla face: em um lado, s\u00e3o exibidas letras do alfabeto e numerais; no outro lado, h\u00e1 ilustra\u00e7\u00f5es correspondentes \u00e0 letra ou ao numeral, como uma imagem que inicia com a letra apresentada\u00a0. Com dimens\u00f5es aproximadas de 57 cm de altura quando montado, o produto \u00e9 confeccionado com tinta ultravioleta at\u00f3xica e \u00e9 recomendado para crian\u00e7as a partir de 4 anos\u00a0.<\/p>\n<p class=\"ds-markdown-paragraph\">Al\u00e9m do reconhecimento de letras e n\u00fameros, este brinquedo desenvolve a coordena\u00e7\u00e3o motora fina por meio da manipula\u00e7\u00e3o das pe\u00e7as girat\u00f3rias e estimula o racioc\u00ednio l\u00f3gico e a criatividade . A versatilidade do produto permite diferentes formas de uso, podendo ser utilizado inclusive como um jogo da mem\u00f3ria, desafiando a crian\u00e7a a associar cada letra ou numeral \u00e0 sua respectiva imagem . \u00c9 uma ferramenta pedag\u00f3gica que integra aprendizado e ludicidade, promovendo habilidades de associa\u00e7\u00e3o, concentra\u00e7\u00e3o e socializa\u00e7\u00e3o quando utilizado em grupo.<\/p>\n<div class=\"details-table-wrapper\">\n<table class=\"product-details-table\">\n<tbody>\n<tr>\n<td>Marca<\/td>\n<td>Carlu<\/td>\n<\/tr>\n<tr>\n<td>Material<\/td>\n<td>MDF<\/td>\n<\/tr>\n<tr>\n<td>Faixa Et\u00e1ria<\/td>\n<td>A partir de 4 Anos<\/td>\n<\/tr>\n<\/tbody>\n<\/table>\n<\/div>\n","protected":false},"excerpt":{"rendered":"<p>Alfanum\u00e9rico Girat\u00f3rio &#8211; MDF\u00a0\u00e9 um brinquedo educativo vertical confeccionado em MDF e madeira, composto por 35 quadradinhos girat\u00f3rios de 6&#215;6 cm cada, montados sobre uma base com p\u00e9s que permitem a rota\u00e7\u00e3o das pe\u00e7as\u00a0. Cada quadradinho apresenta dupla face: em<\/p>\n","protected":false},"featured_media":3567,"comment_status":"open","ping_status":"closed","template":"","meta":[],"product_brand":[236],"product_cat":[209],"product_tag":[],"class_list":{"0":"post-3568","1":"product","2":"type-product","3":"status-publish","6":"product_brand-carlu","7":"product_cat-letramento-jogos-e-brinquedos","9":"first","10":"instock","11":"shipping-taxable","12":"purchasable","13":"product-type-simple"},"_links":{"self":[{"href":"https:\/\/educaredigital.online\/loja\/wp-json\/wp\/v2\/product\/3568","targetHints":{"allow":["GET"]}}],"collection":[{"href":"https:\/\/educaredigital.online\/loja\/wp-json\/wp\/v2\/product"}],"about":[{"href":"https:\/\/educaredigital.online\/loja\/wp-json\/wp\/v2\/types\/product"}],"replies":[{"embeddable":true,"href":"https:\/\/educaredigital.online\/loja\/wp-json\/wp\/v2\/comments?post=3568"}],"wp:featuredmedia":[{"embeddable":true,"href":"https:\/\/educaredigital.online\/loja\/wp-json\/wp\/v2\/media\/3567"}],"wp:attachment":[{"href":"https:\/\/educaredigital.online\/loja\/wp-json\/wp\/v2\/media?parent=3568"}],"wp:term":[{"taxonomy":"product_brand","embeddable":true,"href":"https:\/\/educaredigital.online\/loja\/wp-json\/wp\/v2\/product_brand?post=3568"},{"taxonomy":"product_cat","embeddable":true,"href":"https:\/\/educaredigital.online\/loja\/wp-json\/wp\/v2\/product_cat?post=3568"},{"taxonomy":"product_tag","embeddable":true,"href":"https:\/\/educaredigital.online\/loja\/wp-json\/wp\/v2\/product_tag?post=3568"}],"curies":[{"name":"wp","href":"https:\/\/api.w.org\/{rel}","templated":true}]}}