{"id":3562,"date":"2026-03-23T12:46:55","date_gmt":"2026-03-23T12:46:55","guid":{"rendered":"https:\/\/educaredigital.online\/loja\/produto\/loto-de-desenhos-e-rimas-mdf-30-pc\/"},"modified":"2026-04-27T11:44:04","modified_gmt":"2026-04-27T11:44:04","slug":"loto-de-desenhos-e-rimas-mdf-30-pc","status":"publish","type":"product","link":"https:\/\/educaredigital.online\/loja\/produto\/loto-de-desenhos-e-rimas-mdf-30-pc\/","title":{"rendered":"O Loto de Desenhos e Rimas &#8211; MDF 30 PC"},"content":{"rendered":"<div class=\"ds-message _63c77b1\">\n<div class=\"ds-markdown\">\n<p class=\"ds-markdown-paragraph\"><strong>O<\/strong> <strong>Loto de Desenhos e Rimas &#8211; MDF 30 PC:<\/strong>\u00a0\u00e9 um jogo educativo da marca Carlu que estimula a consci\u00eancia fonol\u00f3gica e o desenvolvimento da linguagem de forma l\u00fadica. Confeccionado em MDF com tinta ultravioleta at\u00f3xica, o conjunto \u00e9 composto por 30 pe\u00e7as no total: 3 cartelas grandes de 21 x 21 cm e 27 pe\u00e7as menores de 6 x 6 cm para sorteio, todas armazenadas em uma pr\u00e1tica caixa de madeira com tampa serigrafada de 24 x 24 x 3,5 cm\u00a0.<\/p>\n<p class=\"ds-markdown-paragraph\">Recomendado para crian\u00e7as a partir de 5 anos, o jogo prop\u00f5e a associa\u00e7\u00e3o entre figuras coloridas e palavras que rimam, ampliando a percep\u00e7\u00e3o sonora, o vocabul\u00e1rio e fortalecendo habilidades essenciais para a alfabetiza\u00e7\u00e3o. Al\u00e9m disso, trabalha a aten\u00e7\u00e3o, a mem\u00f3ria e a capacidade de associa\u00e7\u00e3o entre imagens e sons de maneira interativa e divertida .<\/p>\n<div class=\"details-table-wrapper\">\n<table class=\"product-details-table\">\n<tbody>\n<tr>\n<td>Marca<\/td>\n<td>Carlu<\/td>\n<\/tr>\n<tr>\n<td>Material<\/td>\n<td>MDF<\/td>\n<\/tr>\n<tr>\n<td>Faixa Et\u00e1ria<\/td>\n<td>A partir de 5 Anos<\/td>\n<\/tr>\n<\/tbody>\n<\/table>\n<\/div>\n<\/div>\n<\/div>\n","protected":false},"excerpt":{"rendered":"<p>O Loto de Desenhos e Rimas &#8211; MDF 30 PC:\u00a0\u00e9 um jogo educativo da marca Carlu que estimula a consci\u00eancia fonol\u00f3gica e o desenvolvimento da linguagem de forma l\u00fadica. Confeccionado em MDF com tinta ultravioleta at\u00f3xica, o conjunto \u00e9 composto<\/p>\n","protected":false},"featured_media":3561,"comment_status":"open","ping_status":"closed","template":"","meta":[],"product_brand":[236],"product_cat":[211],"product_tag":[],"class_list":{"0":"post-3562","1":"product","2":"type-product","3":"status-publish","6":"product_brand-carlu","7":"product_cat-psicomotricidade-jogos-e-brinquedos","9":"first","10":"instock","11":"shipping-taxable","12":"purchasable","13":"product-type-simple"},"_links":{"self":[{"href":"https:\/\/educaredigital.online\/loja\/wp-json\/wp\/v2\/product\/3562","targetHints":{"allow":["GET"]}}],"collection":[{"href":"https:\/\/educaredigital.online\/loja\/wp-json\/wp\/v2\/product"}],"about":[{"href":"https:\/\/educaredigital.online\/loja\/wp-json\/wp\/v2\/types\/product"}],"replies":[{"embeddable":true,"href":"https:\/\/educaredigital.online\/loja\/wp-json\/wp\/v2\/comments?post=3562"}],"wp:featuredmedia":[{"embeddable":true,"href":"https:\/\/educaredigital.online\/loja\/wp-json\/wp\/v2\/media\/3561"}],"wp:attachment":[{"href":"https:\/\/educaredigital.online\/loja\/wp-json\/wp\/v2\/media?parent=3562"}],"wp:term":[{"taxonomy":"product_brand","embeddable":true,"href":"https:\/\/educaredigital.online\/loja\/wp-json\/wp\/v2\/product_brand?post=3562"},{"taxonomy":"product_cat","embeddable":true,"href":"https:\/\/educaredigital.online\/loja\/wp-json\/wp\/v2\/product_cat?post=3562"},{"taxonomy":"product_tag","embeddable":true,"href":"https:\/\/educaredigital.online\/loja\/wp-json\/wp\/v2\/product_tag?post=3562"}],"curies":[{"name":"wp","href":"https:\/\/api.w.org\/{rel}","templated":true}]}}