{"id":3558,"date":"2026-03-23T12:46:50","date_gmt":"2026-03-23T12:46:50","guid":{"rendered":"https:\/\/educaredigital.online\/loja\/produto\/alfabeto-ilustrado-mdf-75-pc\/"},"modified":"2026-04-27T11:44:18","modified_gmt":"2026-04-27T11:44:18","slug":"alfabeto-ilustrado-mdf-75-pc","status":"publish","type":"product","link":"https:\/\/educaredigital.online\/loja\/produto\/alfabeto-ilustrado-mdf-75-pc\/","title":{"rendered":"Alfabeto Ilustrado &#8211; MDF &#8211; 75 Pe\u00e7as"},"content":{"rendered":"<p class=\"ds-markdown-paragraph\">O\u00a0<strong>Alfabeto Ilustrado <\/strong>\u00a0\u00e9 um jogo educativo em madeira projetado para auxiliar na alfabetiza\u00e7\u00e3o de forma l\u00fadica. O conjunto \u00e9 confeccionado em\u00a0<strong>M.D.F.<\/strong>\u00a0(Madeira de Fibra de M\u00e9dia Densidade) e cont\u00e9m\u00a0<strong>75 pe\u00e7as coloridas<\/strong>\u00a0que se encaixam como um quebra-cabe\u00e7a, compostas por\u00a0<strong>figuras, letras e palavras<\/strong>. Cada pe\u00e7a \u00e9 serigrafada em policromia ultravioleta at\u00f3xica, garantindo a seguran\u00e7a do produto. As pe\u00e7as s\u00e3o acondicionadas em uma pr\u00e1tica\u00a0<strong>caixa de M.D.F. com tampa serigrafada<\/strong>\u00a0que mede 18x18x6 cm, facilitando a organiza\u00e7\u00e3o e o armazenamento ap\u00f3s o uso.<\/p>\n<p class=\"ds-markdown-paragraph\">Esta ferramenta pedag\u00f3gica tem como objetivo principal ensinar as letras do alfabeto e suas associa\u00e7\u00f5es com palavras e imagens, facilitando o reconhecimento das letras e o desenvolvimento da linguagem. Ao manipular as pe\u00e7as para encaixar a letra inicial de cada palavra \u00e0 sua ilustra\u00e7\u00e3o correspondente, a crian\u00e7a desenvolve habilidades como\u00a0<strong>racioc\u00ednio l\u00f3gico<\/strong>,\u00a0<strong>coordena\u00e7\u00e3o motora fina<\/strong>\u00a0e\u00a0<strong>percep\u00e7\u00e3o visual<\/strong>\u00a0de maneira totalmente interativa. O jogo pode ser utilizado\u00a0<strong>individualmente ou em grupo<\/strong>, tanto em casa quanto na sala de aula, sendo um excelente recurso para estimular a intera\u00e7\u00e3o social, a criatividade e o aprendizado ativo durante a fase de alfabetiza\u00e7\u00e3o.<\/p>\n<div class=\"details-table-wrapper\">\n<table class=\"product-details-table\">\n<tbody>\n<tr>\n<td>Marca<\/td>\n<td>Carlu<\/td>\n<\/tr>\n<tr>\n<td>Material<\/td>\n<td>\u00a0MDF<\/td>\n<\/tr>\n<tr>\n<td>Faixa Et\u00e1ria<\/td>\n<td>A partir de 3 Anos<\/td>\n<\/tr>\n<\/tbody>\n<\/table>\n<\/div>\n","protected":false},"excerpt":{"rendered":"<p>O\u00a0Alfabeto Ilustrado \u00a0\u00e9 um jogo educativo em madeira projetado para auxiliar na alfabetiza\u00e7\u00e3o de forma l\u00fadica. O conjunto \u00e9 confeccionado em\u00a0M.D.F.\u00a0(Madeira de Fibra de M\u00e9dia Densidade) e cont\u00e9m\u00a075 pe\u00e7as coloridas\u00a0que se encaixam como um quebra-cabe\u00e7a, compostas por\u00a0figuras, letras e palavras.<\/p>\n","protected":false},"featured_media":3557,"comment_status":"open","ping_status":"closed","template":"","meta":[],"product_brand":[236],"product_cat":[209],"product_tag":[],"class_list":{"0":"post-3558","1":"product","2":"type-product","3":"status-publish","6":"product_brand-carlu","7":"product_cat-letramento-jogos-e-brinquedos","9":"first","10":"instock","11":"shipping-taxable","12":"purchasable","13":"product-type-simple"},"_links":{"self":[{"href":"https:\/\/educaredigital.online\/loja\/wp-json\/wp\/v2\/product\/3558","targetHints":{"allow":["GET"]}}],"collection":[{"href":"https:\/\/educaredigital.online\/loja\/wp-json\/wp\/v2\/product"}],"about":[{"href":"https:\/\/educaredigital.online\/loja\/wp-json\/wp\/v2\/types\/product"}],"replies":[{"embeddable":true,"href":"https:\/\/educaredigital.online\/loja\/wp-json\/wp\/v2\/comments?post=3558"}],"wp:featuredmedia":[{"embeddable":true,"href":"https:\/\/educaredigital.online\/loja\/wp-json\/wp\/v2\/media\/3557"}],"wp:attachment":[{"href":"https:\/\/educaredigital.online\/loja\/wp-json\/wp\/v2\/media?parent=3558"}],"wp:term":[{"taxonomy":"product_brand","embeddable":true,"href":"https:\/\/educaredigital.online\/loja\/wp-json\/wp\/v2\/product_brand?post=3558"},{"taxonomy":"product_cat","embeddable":true,"href":"https:\/\/educaredigital.online\/loja\/wp-json\/wp\/v2\/product_cat?post=3558"},{"taxonomy":"product_tag","embeddable":true,"href":"https:\/\/educaredigital.online\/loja\/wp-json\/wp\/v2\/product_tag?post=3558"}],"curies":[{"name":"wp","href":"https:\/\/api.w.org\/{rel}","templated":true}]}}