{"id":3535,"date":"2026-03-23T11:16:44","date_gmt":"2026-03-23T11:16:44","guid":{"rendered":"https:\/\/educaredigital.online\/loja\/produto\/frigideira-lunch-time\/"},"modified":"2026-04-27T11:46:07","modified_gmt":"2026-04-27T11:46:07","slug":"frigideira-lunch-time","status":"publish","type":"product","link":"https:\/\/educaredigital.online\/loja\/produto\/frigideira-lunch-time\/","title":{"rendered":"Frigideira Lunch Time"},"content":{"rendered":"<p><strong>Frigideira Lunch Time <\/strong>\u00e9 um brinquedo de cozinha, desenvolvida para complementar a linha de utens\u00edlios da marca, a frigideira permite que os pequenos simulem o preparo de alimentos de forma l\u00fadica, acompanhando outros itens como panelas, talheres e comidinhas de brinquedo. O produto faz parte da cole\u00e7\u00e3o\u00a0<strong>Lunch Time<\/strong>, que tem como objetivo incentivar a imagina\u00e7\u00e3o, a coordena\u00e7\u00e3o motora e a intera\u00e7\u00e3o social durante as brincadeiras de casinha e de chef de cozinha, proporcionando momentos de divers\u00e3o.<\/p>\n<div class=\"details-table-wrapper\">\n<table class=\"product-details-table\">\n<tbody>\n<tr>\n<td>Marca<\/td>\n<td>Pais e Filhos<\/td>\n<\/tr>\n<tr>\n<td>Material<\/td>\n<td>\u00a0Pl\u00e1stico<\/td>\n<\/tr>\n<tr>\n<td>Faixa Et\u00e1ria<\/td>\n<td>A partir de 3 Anos<\/td>\n<\/tr>\n<\/tbody>\n<\/table>\n<\/div>\n","protected":false},"excerpt":{"rendered":"<p>Frigideira Lunch Time \u00e9 um brinquedo de cozinha, desenvolvida para complementar a linha de utens\u00edlios da marca, a frigideira permite que os pequenos simulem o preparo de alimentos de forma l\u00fadica, acompanhando outros itens como panelas, talheres e comidinhas de<\/p>\n","protected":false},"featured_media":3534,"comment_status":"open","ping_status":"closed","template":"","meta":[],"product_brand":[233],"product_cat":[213],"product_tag":[],"class_list":{"0":"post-3535","1":"product","2":"type-product","3":"status-publish","6":"product_brand-pais-e-filhos","7":"product_cat-brinquedos-jogos-e-brinquedos","9":"first","10":"instock","11":"shipping-taxable","12":"purchasable","13":"product-type-simple"},"_links":{"self":[{"href":"https:\/\/educaredigital.online\/loja\/wp-json\/wp\/v2\/product\/3535","targetHints":{"allow":["GET"]}}],"collection":[{"href":"https:\/\/educaredigital.online\/loja\/wp-json\/wp\/v2\/product"}],"about":[{"href":"https:\/\/educaredigital.online\/loja\/wp-json\/wp\/v2\/types\/product"}],"replies":[{"embeddable":true,"href":"https:\/\/educaredigital.online\/loja\/wp-json\/wp\/v2\/comments?post=3535"}],"wp:featuredmedia":[{"embeddable":true,"href":"https:\/\/educaredigital.online\/loja\/wp-json\/wp\/v2\/media\/3534"}],"wp:attachment":[{"href":"https:\/\/educaredigital.online\/loja\/wp-json\/wp\/v2\/media?parent=3535"}],"wp:term":[{"taxonomy":"product_brand","embeddable":true,"href":"https:\/\/educaredigital.online\/loja\/wp-json\/wp\/v2\/product_brand?post=3535"},{"taxonomy":"product_cat","embeddable":true,"href":"https:\/\/educaredigital.online\/loja\/wp-json\/wp\/v2\/product_cat?post=3535"},{"taxonomy":"product_tag","embeddable":true,"href":"https:\/\/educaredigital.online\/loja\/wp-json\/wp\/v2\/product_tag?post=3535"}],"curies":[{"name":"wp","href":"https:\/\/api.w.org\/{rel}","templated":true}]}}