{"id":3533,"date":"2026-03-23T11:16:42","date_gmt":"2026-03-23T11:16:42","guid":{"rendered":"https:\/\/educaredigital.online\/loja\/produto\/kit-ferramentas\/"},"modified":"2026-04-27T11:45:59","modified_gmt":"2026-04-27T11:45:59","slug":"kit-ferramentas","status":"publish","type":"product","link":"https:\/\/educaredigital.online\/loja\/produto\/kit-ferramentas\/","title":{"rendered":"Kit Ferramentas"},"content":{"rendered":"<div class=\"ds-message _63c77b1\">\n<div class=\"ds-markdown\">\n<p class=\"ds-markdown-paragraph\"><strong>Kit Ferramentas<\/strong>\u00a0Desenvolvido especialmente para os &#8220;pequenos construtores&#8221;, o kit geralmente acompanha uma\u00a0<strong>maleta organizadora<\/strong>\u00a0que cont\u00e9m as principais ferramentas de brinquedo, como\u00a0<strong>martelo, chave de fenda, chave inglesa, serrote, alicate, parafusos e porcas<\/strong>, permitindo que os pequenos imitem os adultos em atividades de reparo e constru\u00e7\u00e3o\u00a0. O produto estimula a\u00a0<strong>coordena\u00e7\u00e3o motora fina, o racioc\u00ednio l\u00f3gico, a criatividade e a resolu\u00e7\u00e3o de problemas<\/strong>\u00a0de forma l\u00fadica, promovendo momentos de intera\u00e7\u00e3o entre pais e filhos durante as brincadeiras\u00a0.<\/p>\n<div class=\"details-table-wrapper\">\n<table class=\"product-details-table\">\n<tbody>\n<tr>\n<td>Marca<\/td>\n<td>Pais e Filhos<\/td>\n<\/tr>\n<tr>\n<td>Material<\/td>\n<td>Pl\u00e1stico<\/td>\n<\/tr>\n<tr>\n<td>Faixa Et\u00e1ria<\/td>\n<td>A partir de 3 Anos<\/td>\n<\/tr>\n<\/tbody>\n<\/table>\n<\/div>\n<\/div>\n<\/div>\n","protected":false},"excerpt":{"rendered":"<p>Kit Ferramentas\u00a0Desenvolvido especialmente para os &#8220;pequenos construtores&#8221;, o kit geralmente acompanha uma\u00a0maleta organizadora\u00a0que cont\u00e9m as principais ferramentas de brinquedo, como\u00a0martelo, chave de fenda, chave inglesa, serrote, alicate, parafusos e porcas, permitindo que os pequenos imitem os adultos em atividades de<\/p>\n","protected":false},"featured_media":3532,"comment_status":"open","ping_status":"closed","template":"","meta":[],"product_brand":[233],"product_cat":[213],"product_tag":[],"class_list":{"0":"post-3533","1":"product","2":"type-product","3":"status-publish","6":"product_brand-pais-e-filhos","7":"product_cat-brinquedos-jogos-e-brinquedos","9":"first","10":"instock","11":"shipping-taxable","12":"purchasable","13":"product-type-simple"},"_links":{"self":[{"href":"https:\/\/educaredigital.online\/loja\/wp-json\/wp\/v2\/product\/3533","targetHints":{"allow":["GET"]}}],"collection":[{"href":"https:\/\/educaredigital.online\/loja\/wp-json\/wp\/v2\/product"}],"about":[{"href":"https:\/\/educaredigital.online\/loja\/wp-json\/wp\/v2\/types\/product"}],"replies":[{"embeddable":true,"href":"https:\/\/educaredigital.online\/loja\/wp-json\/wp\/v2\/comments?post=3533"}],"wp:featuredmedia":[{"embeddable":true,"href":"https:\/\/educaredigital.online\/loja\/wp-json\/wp\/v2\/media\/3532"}],"wp:attachment":[{"href":"https:\/\/educaredigital.online\/loja\/wp-json\/wp\/v2\/media?parent=3533"}],"wp:term":[{"taxonomy":"product_brand","embeddable":true,"href":"https:\/\/educaredigital.online\/loja\/wp-json\/wp\/v2\/product_brand?post=3533"},{"taxonomy":"product_cat","embeddable":true,"href":"https:\/\/educaredigital.online\/loja\/wp-json\/wp\/v2\/product_cat?post=3533"},{"taxonomy":"product_tag","embeddable":true,"href":"https:\/\/educaredigital.online\/loja\/wp-json\/wp\/v2\/product_tag?post=3533"}],"curies":[{"name":"wp","href":"https:\/\/api.w.org\/{rel}","templated":true}]}}