{"id":3531,"date":"2026-03-23T11:16:38","date_gmt":"2026-03-23T11:16:38","guid":{"rendered":"https:\/\/educaredigital.online\/loja\/produto\/chapeu-voador\/"},"modified":"2026-04-27T20:19:02","modified_gmt":"2026-04-27T20:19:02","slug":"chapeu-voador","status":"publish","type":"product","link":"https:\/\/educaredigital.online\/loja\/produto\/chapeu-voador\/","title":{"rendered":"Chap\u00e9u Voador"},"content":{"rendered":"<div class=\"ds-message _63c77b1\">\n<div class=\"ds-markdown\">\n<p class=\"ds-markdown-paragraph\"><strong>O Chap\u00e9u Voador<\/strong> \u00e9 um jogo de a\u00e7\u00e3o que desafia a mira e a coordena\u00e7\u00e3o motora dos participantes. Nele, os jogadores arremessam chap\u00e9us coloridos tentando acertar a \u00e1rea do alvo que corresponde \u00e0 sua respectiva cor. A brincadeira, que exige rapidez e agilidade, ajuda a treinar a percep\u00e7\u00e3o visual e o controle dos movimentos.<\/p>\n<p class=\"ds-markdown-paragraph\">\u00a0Costuma vir com 18 chap\u00e9us em tr\u00eas cores diferentes, al\u00e9m de tr\u00eas lan\u00e7adores para os desafios de precis\u00e3o. Por estimular a coordena\u00e7\u00e3o motora fina e o foco, o Chap\u00e9u Voador \u00e9 uma op\u00e7\u00e3o divertida para desenvolver habilidades essenciais enquanto se brinca em fam\u00edlia ou com amigos.<\/p>\n<\/div>\n<\/div>\n<div class=\"details-table-wrapper\">\n<table class=\"product-details-table\">\n<tbody>\n<tr>\n<td>Marca<\/td>\n<td>Pais e Filhos<\/td>\n<\/tr>\n<tr>\n<td>Material<\/td>\n<td>\u00a0Pl\u00e1stico<\/td>\n<\/tr>\n<tr>\n<td>Faixa Et\u00e1ria<\/td>\n<td>A partir de 6 Anos<\/td>\n<\/tr>\n<tr>\n<td>Quantidade De Jogadores<\/td>\n<td>2 a 3 Jogadores<\/td>\n<\/tr>\n<\/tbody>\n<\/table>\n<\/div>\n","protected":false},"excerpt":{"rendered":"<p>O Chap\u00e9u Voador \u00e9 um jogo de a\u00e7\u00e3o que desafia a mira e a coordena\u00e7\u00e3o motora dos participantes. Nele, os jogadores arremessam chap\u00e9us coloridos tentando acertar a \u00e1rea do alvo que corresponde \u00e0 sua respectiva cor. A brincadeira, que exige<\/p>\n","protected":false},"featured_media":3530,"comment_status":"open","ping_status":"closed","template":"","meta":[],"product_brand":[233],"product_cat":[211],"product_tag":[],"class_list":{"0":"post-3531","1":"product","2":"type-product","3":"status-publish","6":"product_brand-pais-e-filhos","7":"product_cat-psicomotricidade-jogos-e-brinquedos","9":"first","10":"instock","11":"shipping-taxable","12":"purchasable","13":"product-type-simple"},"_links":{"self":[{"href":"https:\/\/educaredigital.online\/loja\/wp-json\/wp\/v2\/product\/3531","targetHints":{"allow":["GET"]}}],"collection":[{"href":"https:\/\/educaredigital.online\/loja\/wp-json\/wp\/v2\/product"}],"about":[{"href":"https:\/\/educaredigital.online\/loja\/wp-json\/wp\/v2\/types\/product"}],"replies":[{"embeddable":true,"href":"https:\/\/educaredigital.online\/loja\/wp-json\/wp\/v2\/comments?post=3531"}],"wp:featuredmedia":[{"embeddable":true,"href":"https:\/\/educaredigital.online\/loja\/wp-json\/wp\/v2\/media\/3530"}],"wp:attachment":[{"href":"https:\/\/educaredigital.online\/loja\/wp-json\/wp\/v2\/media?parent=3531"}],"wp:term":[{"taxonomy":"product_brand","embeddable":true,"href":"https:\/\/educaredigital.online\/loja\/wp-json\/wp\/v2\/product_brand?post=3531"},{"taxonomy":"product_cat","embeddable":true,"href":"https:\/\/educaredigital.online\/loja\/wp-json\/wp\/v2\/product_cat?post=3531"},{"taxonomy":"product_tag","embeddable":true,"href":"https:\/\/educaredigital.online\/loja\/wp-json\/wp\/v2\/product_tag?post=3531"}],"curies":[{"name":"wp","href":"https:\/\/api.w.org\/{rel}","templated":true}]}}