{"id":3529,"date":"2026-03-23T11:16:35","date_gmt":"2026-03-23T11:16:35","guid":{"rendered":"https:\/\/educaredigital.online\/loja\/produto\/diver-crush\/"},"modified":"2026-04-27T20:24:55","modified_gmt":"2026-04-27T20:24:55","slug":"diver-crush","status":"publish","type":"product","link":"https:\/\/educaredigital.online\/loja\/produto\/diver-crush\/","title":{"rendered":"Diver Crush"},"content":{"rendered":"<p class=\"ds-markdown-paragraph\"><strong>Diver Crush<\/strong>, uma op\u00e7\u00e3o que combina rapidez e racioc\u00ednio l\u00f3gico. Neste jogo, a miss\u00e3o \u00e9 alinhar e combinar pe\u00e7as de cores iguais para criar sequ\u00eancias estrat\u00e9gicas e somar pontos, de olho no movimento dos advers\u00e1rios.<\/p>\n<p class=\"ds-markdown-paragraph\">Diver Crush acompanha uma base pl\u00e1stica e 48 bolinhas coloridas, estimulando a concentra\u00e7\u00e3o, a percep\u00e7\u00e3o visual e o pensamento estrat\u00e9gico numa partida que promete muita divers\u00e3o. Simples de aprender e viciante de jogar, \u00e9 uma excelente pedida para um jogo em fam\u00edlia ou com os amigos, garantindo entretenimento e intera\u00e7\u00e3o entre as gera\u00e7\u00f5es.<\/p>\n<div class=\"details-table-wrapper\">\n<table class=\"product-details-table\">\n<tbody>\n<tr>\n<td>Marca<\/td>\n<td>Pais e Filhos<\/td>\n<\/tr>\n<tr>\n<td>Material<\/td>\n<td>\u00a0Pl\u00e1stico<\/td>\n<\/tr>\n<tr>\n<td>Faixa Et\u00e1ria<\/td>\n<td>A partir de 6 Anos<\/td>\n<\/tr>\n<tr>\n<td>Quantidade De Jogadores<\/td>\n<td>2 a 4 Jogadores<\/td>\n<\/tr>\n<\/tbody>\n<\/table>\n<\/div>\n","protected":false},"excerpt":{"rendered":"<p>Diver Crush, uma op\u00e7\u00e3o que combina rapidez e racioc\u00ednio l\u00f3gico. Neste jogo, a miss\u00e3o \u00e9 alinhar e combinar pe\u00e7as de cores iguais para criar sequ\u00eancias estrat\u00e9gicas e somar pontos, de olho no movimento dos advers\u00e1rios. Diver Crush acompanha uma base<\/p>\n","protected":false},"featured_media":3528,"comment_status":"open","ping_status":"closed","template":"","meta":[],"product_brand":[233],"product_cat":[211],"product_tag":[],"class_list":{"0":"post-3529","1":"product","2":"type-product","3":"status-publish","6":"product_brand-pais-e-filhos","7":"product_cat-psicomotricidade-jogos-e-brinquedos","9":"first","10":"instock","11":"shipping-taxable","12":"purchasable","13":"product-type-simple"},"_links":{"self":[{"href":"https:\/\/educaredigital.online\/loja\/wp-json\/wp\/v2\/product\/3529","targetHints":{"allow":["GET"]}}],"collection":[{"href":"https:\/\/educaredigital.online\/loja\/wp-json\/wp\/v2\/product"}],"about":[{"href":"https:\/\/educaredigital.online\/loja\/wp-json\/wp\/v2\/types\/product"}],"replies":[{"embeddable":true,"href":"https:\/\/educaredigital.online\/loja\/wp-json\/wp\/v2\/comments?post=3529"}],"wp:featuredmedia":[{"embeddable":true,"href":"https:\/\/educaredigital.online\/loja\/wp-json\/wp\/v2\/media\/3528"}],"wp:attachment":[{"href":"https:\/\/educaredigital.online\/loja\/wp-json\/wp\/v2\/media?parent=3529"}],"wp:term":[{"taxonomy":"product_brand","embeddable":true,"href":"https:\/\/educaredigital.online\/loja\/wp-json\/wp\/v2\/product_brand?post=3529"},{"taxonomy":"product_cat","embeddable":true,"href":"https:\/\/educaredigital.online\/loja\/wp-json\/wp\/v2\/product_cat?post=3529"},{"taxonomy":"product_tag","embeddable":true,"href":"https:\/\/educaredigital.online\/loja\/wp-json\/wp\/v2\/product_tag?post=3529"}],"curies":[{"name":"wp","href":"https:\/\/api.w.org\/{rel}","templated":true}]}}