{"id":3527,"date":"2026-03-23T11:16:33","date_gmt":"2026-03-23T11:16:33","guid":{"rendered":"https:\/\/educaredigital.online\/loja\/produto\/equilibra-esquilo\/"},"modified":"2026-04-27T20:28:42","modified_gmt":"2026-04-27T20:28:42","slug":"equilibra-esquilo","status":"publish","type":"product","link":"https:\/\/educaredigital.online\/loja\/produto\/equilibra-esquilo\/","title":{"rendered":"Equilibra  Esquilo"},"content":{"rendered":"<div class=\"ds-message _63c77b1\">\n<div class=\"ds-markdown\">\n<div class=\"ds-message _63c77b1\">\n<div class=\"ds-markdown\">\n<p class=\"ds-markdown-paragraph\"><strong>Equilibra Esquilo<\/strong>, \u00e9 um jogo interativo que desafia a <strong>coordena\u00e7\u00e3o motora<\/strong>\u00a0e o\u00a0<strong>equil\u00edbrio<\/strong>\u00a0dos participantes de uma forma superdivertida. A mec\u00e2nica \u00e9 simples e envolvente: ap\u00f3s montar a estrutura com os troncos e colocar o esquilo sobre ela, os jogadores giram uma roleta para descobrir qual cor de pe\u00e7a devem retirar ou quantidade de gravetos devem utilizar. Quem fizer o simp\u00e1tico esquilo cair, perde o jogo! A brincadeira estimula a\u00a0<strong>paci\u00eancia<\/strong>, a\u00a0<strong>percep\u00e7\u00e3o visual<\/strong>\u00a0e a\u00a0<strong>concentra\u00e7\u00e3o<\/strong>, garantindo altas risadas e divers\u00e3o em fam\u00edlia.<\/p>\n<p class=\"ds-markdown-paragraph\">\u00a0Ajuda a desenvolver o foco e o racioc\u00ednio l\u00f3gico de maneira l\u00fadica. Perfeito para momentos de lazer entre pais e filhos, o jogo ensina, na pr\u00e1tica, a import\u00e2ncia de tomar decis\u00f5es cuidadosas e controlar a impulsividade para n\u00e3o desmoronar toda a estrutura. Com componentes robustos e coloridos, \u00e9 uma excelente pedida para estimular habilidades essenciais enquanto todos se divertem juntos.<\/p>\n<\/div>\n<\/div>\n<\/div>\n<\/div>\n<div class=\"details-table-wrapper\">\n<table class=\"product-details-table\">\n<tbody>\n<tr>\n<td>Marca<\/td>\n<td>Pais e Filhos<\/td>\n<\/tr>\n<tr>\n<td>Material<\/td>\n<td>\u00a0Pl\u00e1stico<\/td>\n<\/tr>\n<tr>\n<td>Faixa Et\u00e1ria<\/td>\n<td>A partir de 3 Anos<\/td>\n<\/tr>\n<tr>\n<td>Quantidade De Jogadores<\/td>\n<td>2 ou mais Jogadores<\/td>\n<\/tr>\n<\/tbody>\n<\/table>\n<\/div>\n","protected":false},"excerpt":{"rendered":"<p>Equilibra Esquilo, \u00e9 um jogo interativo que desafia a coordena\u00e7\u00e3o motora\u00a0e o\u00a0equil\u00edbrio\u00a0dos participantes de uma forma superdivertida. A mec\u00e2nica \u00e9 simples e envolvente: ap\u00f3s montar a estrutura com os troncos e colocar o esquilo sobre ela, os jogadores giram uma<\/p>\n","protected":false},"featured_media":3526,"comment_status":"open","ping_status":"closed","template":"","meta":[],"product_brand":[233],"product_cat":[211],"product_tag":[],"class_list":{"0":"post-3527","1":"product","2":"type-product","3":"status-publish","6":"product_brand-pais-e-filhos","7":"product_cat-psicomotricidade-jogos-e-brinquedos","9":"first","10":"instock","11":"shipping-taxable","12":"purchasable","13":"product-type-simple"},"_links":{"self":[{"href":"https:\/\/educaredigital.online\/loja\/wp-json\/wp\/v2\/product\/3527","targetHints":{"allow":["GET"]}}],"collection":[{"href":"https:\/\/educaredigital.online\/loja\/wp-json\/wp\/v2\/product"}],"about":[{"href":"https:\/\/educaredigital.online\/loja\/wp-json\/wp\/v2\/types\/product"}],"replies":[{"embeddable":true,"href":"https:\/\/educaredigital.online\/loja\/wp-json\/wp\/v2\/comments?post=3527"}],"wp:featuredmedia":[{"embeddable":true,"href":"https:\/\/educaredigital.online\/loja\/wp-json\/wp\/v2\/media\/3526"}],"wp:attachment":[{"href":"https:\/\/educaredigital.online\/loja\/wp-json\/wp\/v2\/media?parent=3527"}],"wp:term":[{"taxonomy":"product_brand","embeddable":true,"href":"https:\/\/educaredigital.online\/loja\/wp-json\/wp\/v2\/product_brand?post=3527"},{"taxonomy":"product_cat","embeddable":true,"href":"https:\/\/educaredigital.online\/loja\/wp-json\/wp\/v2\/product_cat?post=3527"},{"taxonomy":"product_tag","embeddable":true,"href":"https:\/\/educaredigital.online\/loja\/wp-json\/wp\/v2\/product_tag?post=3527"}],"curies":[{"name":"wp","href":"https:\/\/api.w.org\/{rel}","templated":true}]}}