{"id":3525,"date":"2026-03-23T11:16:31","date_gmt":"2026-03-23T11:16:31","guid":{"rendered":"https:\/\/educaredigital.online\/loja\/produto\/pega-sapo\/"},"modified":"2026-04-27T20:31:19","modified_gmt":"2026-04-27T20:31:19","slug":"pega-sapo","status":"publish","type":"product","link":"https:\/\/educaredigital.online\/loja\/produto\/pega-sapo\/","title":{"rendered":"Pega Sapo"},"content":{"rendered":"<div class=\"ds-message _63c77b1\">\n<div class=\"ds-markdown\">\n<p class=\"ds-markdown-paragraph\"><strong>Pega Sapo<\/strong>, um jogo eletrizante que testa a agilidade e os reflexos das crian\u00e7as. O objetivo \u00e9 simples e divertido: cada participante deve usar um martelinho e dar <strong>bateduras certeiras<\/strong>\u00a0para capturar o maior n\u00famero de sapinhos poss\u00edvel. Com\u00a0<strong>regras f\u00e1ceis de entender<\/strong>, as partidas s\u00e3o ideais para animar qualquer reuni\u00e3o com amigos e primos, garantindo risadas e divers\u00e3o do come\u00e7o ao fim.<\/p>\n<p class=\"ds-markdown-paragraph\">\u00a0Ao praticar os movimentos precisos para acertar os sapinhos, os pequenos exercitam a <strong>coordena\u00e7\u00e3o motora fina<\/strong>, a\u00a0<strong>velocidade de racioc\u00ednio<\/strong>\u00a0e a\u00a0<strong>concentra\u00e7\u00e3o<\/strong>, tudo de forma l\u00fadica e envolvente. O Pega Sapo \u00e9 uma ferramenta fant\u00e1stica para canalizar energias, desenvolver habilidades essenciais enquanto todos se desafiam em partidas emocionantes e cheias de a\u00e7\u00e3o!<\/p>\n<\/div>\n<\/div>\n<div class=\"details-table-wrapper\">\n<table class=\"product-details-table\">\n<tbody>\n<tr>\n<td>Marca<\/td>\n<td>Pais e Filhos<\/td>\n<\/tr>\n<tr>\n<td>Material<\/td>\n<td>\u00a0Pl\u00e1stico<\/td>\n<\/tr>\n<tr>\n<td>Faixa Et\u00e1ria<\/td>\n<td>A partir de 3 Anos<\/td>\n<\/tr>\n<tr>\n<td>Quantidade De Jogadores<\/td>\n<td>2 a 4 Jogadores<\/td>\n<\/tr>\n<\/tbody>\n<\/table>\n<p>&nbsp;<\/p>\n<\/div>\n","protected":false},"excerpt":{"rendered":"<p>Pega Sapo, um jogo eletrizante que testa a agilidade e os reflexos das crian\u00e7as. O objetivo \u00e9 simples e divertido: cada participante deve usar um martelinho e dar bateduras certeiras\u00a0para capturar o maior n\u00famero de sapinhos poss\u00edvel. Com\u00a0regras f\u00e1ceis de<\/p>\n","protected":false},"featured_media":3524,"comment_status":"open","ping_status":"closed","template":"","meta":[],"product_brand":[233],"product_cat":[213],"product_tag":[],"class_list":{"0":"post-3525","1":"product","2":"type-product","3":"status-publish","6":"product_brand-pais-e-filhos","7":"product_cat-brinquedos-jogos-e-brinquedos","9":"first","10":"instock","11":"shipping-taxable","12":"purchasable","13":"product-type-simple"},"_links":{"self":[{"href":"https:\/\/educaredigital.online\/loja\/wp-json\/wp\/v2\/product\/3525","targetHints":{"allow":["GET"]}}],"collection":[{"href":"https:\/\/educaredigital.online\/loja\/wp-json\/wp\/v2\/product"}],"about":[{"href":"https:\/\/educaredigital.online\/loja\/wp-json\/wp\/v2\/types\/product"}],"replies":[{"embeddable":true,"href":"https:\/\/educaredigital.online\/loja\/wp-json\/wp\/v2\/comments?post=3525"}],"wp:featuredmedia":[{"embeddable":true,"href":"https:\/\/educaredigital.online\/loja\/wp-json\/wp\/v2\/media\/3524"}],"wp:attachment":[{"href":"https:\/\/educaredigital.online\/loja\/wp-json\/wp\/v2\/media?parent=3525"}],"wp:term":[{"taxonomy":"product_brand","embeddable":true,"href":"https:\/\/educaredigital.online\/loja\/wp-json\/wp\/v2\/product_brand?post=3525"},{"taxonomy":"product_cat","embeddable":true,"href":"https:\/\/educaredigital.online\/loja\/wp-json\/wp\/v2\/product_cat?post=3525"},{"taxonomy":"product_tag","embeddable":true,"href":"https:\/\/educaredigital.online\/loja\/wp-json\/wp\/v2\/product_tag?post=3525"}],"curies":[{"name":"wp","href":"https:\/\/api.w.org\/{rel}","templated":true}]}}