{"id":3523,"date":"2026-03-23T11:16:29","date_gmt":"2026-03-23T11:16:29","guid":{"rendered":"https:\/\/educaredigital.online\/loja\/produto\/caixa-registradora\/"},"modified":"2026-04-27T11:47:36","modified_gmt":"2026-04-27T11:47:36","slug":"caixa-registradora","status":"publish","type":"product","link":"https:\/\/educaredigital.online\/loja\/produto\/caixa-registradora\/","title":{"rendered":"Caixa Registradora"},"content":{"rendered":"<p><strong>Caixa Registradora<\/strong> \u00e9 um brinquedo interativo o modelo conta com <strong>calculadora funcional<\/strong>,\u00a0<strong>gaveta que abre<\/strong>,\u00a0<strong>luz e som<\/strong>\u00a0para tornar a brincadeira mais realista, al\u00e9m de vir acompanhada de acess\u00f3rios como\u00a0<strong>cart\u00e3o de cr\u00e9dito de brinquedo<\/strong>\u00a0e c\u00e9dulas de dinheiro fict\u00edcio. Com um design colorido e detalhes que simulam uma verdadeira m\u00e1quina de vendas, ela incentiva o desenvolvimento da coordena\u00e7\u00e3o motora, o aprendizado de n\u00fameros e valores, al\u00e9m de promover a criatividade e a intera\u00e7\u00e3o social em brincadeiras de com\u00e9rcio e troca de pap\u00e9is entre pais e filhos.<\/p>\n<div class=\"details-table-wrapper\">\n<table class=\"product-details-table\">\n<tbody>\n<tr>\n<td>Marca<\/td>\n<td>Pais e Filhos<\/td>\n<\/tr>\n<tr>\n<td>Material<\/td>\n<td>\u00a0Pl\u00e1stico<\/td>\n<\/tr>\n<tr>\n<td>Faixa Et\u00e1ria<\/td>\n<td>A partir de 3 Anos<\/td>\n<\/tr>\n<\/tbody>\n<\/table>\n<\/div>\n","protected":false},"excerpt":{"rendered":"<p>Caixa Registradora \u00e9 um brinquedo interativo o modelo conta com calculadora funcional,\u00a0gaveta que abre,\u00a0luz e som\u00a0para tornar a brincadeira mais realista, al\u00e9m de vir acompanhada de acess\u00f3rios como\u00a0cart\u00e3o de cr\u00e9dito de brinquedo\u00a0e c\u00e9dulas de dinheiro fict\u00edcio. Com um design colorido<\/p>\n","protected":false},"featured_media":3522,"comment_status":"open","ping_status":"closed","template":"","meta":[],"product_brand":[233],"product_cat":[213],"product_tag":[],"class_list":{"0":"post-3523","1":"product","2":"type-product","3":"status-publish","6":"product_brand-pais-e-filhos","7":"product_cat-brinquedos-jogos-e-brinquedos","9":"first","10":"instock","11":"shipping-taxable","12":"purchasable","13":"product-type-simple"},"_links":{"self":[{"href":"https:\/\/educaredigital.online\/loja\/wp-json\/wp\/v2\/product\/3523","targetHints":{"allow":["GET"]}}],"collection":[{"href":"https:\/\/educaredigital.online\/loja\/wp-json\/wp\/v2\/product"}],"about":[{"href":"https:\/\/educaredigital.online\/loja\/wp-json\/wp\/v2\/types\/product"}],"replies":[{"embeddable":true,"href":"https:\/\/educaredigital.online\/loja\/wp-json\/wp\/v2\/comments?post=3523"}],"wp:featuredmedia":[{"embeddable":true,"href":"https:\/\/educaredigital.online\/loja\/wp-json\/wp\/v2\/media\/3522"}],"wp:attachment":[{"href":"https:\/\/educaredigital.online\/loja\/wp-json\/wp\/v2\/media?parent=3523"}],"wp:term":[{"taxonomy":"product_brand","embeddable":true,"href":"https:\/\/educaredigital.online\/loja\/wp-json\/wp\/v2\/product_brand?post=3523"},{"taxonomy":"product_cat","embeddable":true,"href":"https:\/\/educaredigital.online\/loja\/wp-json\/wp\/v2\/product_cat?post=3523"},{"taxonomy":"product_tag","embeddable":true,"href":"https:\/\/educaredigital.online\/loja\/wp-json\/wp\/v2\/product_tag?post=3523"}],"curies":[{"name":"wp","href":"https:\/\/api.w.org\/{rel}","templated":true}]}}