{"id":3521,"date":"2026-03-23T11:16:27","date_gmt":"2026-03-23T11:16:27","guid":{"rendered":"https:\/\/educaredigital.online\/loja\/produto\/dr-kid-dentista\/"},"modified":"2026-04-27T11:47:43","modified_gmt":"2026-04-27T11:47:43","slug":"dr-kid-dentista","status":"publish","type":"product","link":"https:\/\/educaredigital.online\/loja\/produto\/dr-kid-dentista\/","title":{"rendered":"Dr. Kit Dentista"},"content":{"rendered":"<p><strong>Kit Dentista <\/strong>\u00a0inclui acess\u00f3rios t\u00edpicos de um consult\u00f3rio odontol\u00f3gico, como\u00a0<strong>espelho bucal, sonda exploradora, seringa de ar\/\u00e1gua, molde para dentes, escova de dentes, brocas simuladas e uma pr\u00e1tica maleta para transporte<\/strong>. O objetivo do brinquedo \u00e9 apresentar o ambiente do dentista de forma l\u00fadica e acolhedora, ajudando a desmistificar o medo de consultas odontol\u00f3gicas enquanto estimula a coordena\u00e7\u00e3o motora, a imagina\u00e7\u00e3o e o cuidado com a higiene bucal durante as brincadeiras entre pais e filhos.<\/p>\n<div class=\"details-table-wrapper\">\n<table class=\"product-details-table\">\n<tbody>\n<tr>\n<td>Marca<\/td>\n<td>Pais e Filhos<\/td>\n<\/tr>\n<tr>\n<td>Material<\/td>\n<td>Pl\u00e1stico<\/td>\n<\/tr>\n<tr>\n<td>Faixa Et\u00e1ria<\/td>\n<td>A partir de 3 Anos<\/td>\n<\/tr>\n<\/tbody>\n<\/table>\n<p>&nbsp;<\/p>\n<\/div>\n","protected":false},"excerpt":{"rendered":"<p>Kit Dentista \u00a0inclui acess\u00f3rios t\u00edpicos de um consult\u00f3rio odontol\u00f3gico, como\u00a0espelho bucal, sonda exploradora, seringa de ar\/\u00e1gua, molde para dentes, escova de dentes, brocas simuladas e uma pr\u00e1tica maleta para transporte. O objetivo do brinquedo \u00e9 apresentar o ambiente do dentista<\/p>\n","protected":false},"featured_media":3520,"comment_status":"open","ping_status":"closed","template":"","meta":[],"product_brand":[233],"product_cat":[213],"product_tag":[],"class_list":{"0":"post-3521","1":"product","2":"type-product","3":"status-publish","6":"product_brand-pais-e-filhos","7":"product_cat-brinquedos-jogos-e-brinquedos","9":"first","10":"instock","11":"shipping-taxable","12":"purchasable","13":"product-type-simple"},"_links":{"self":[{"href":"https:\/\/educaredigital.online\/loja\/wp-json\/wp\/v2\/product\/3521","targetHints":{"allow":["GET"]}}],"collection":[{"href":"https:\/\/educaredigital.online\/loja\/wp-json\/wp\/v2\/product"}],"about":[{"href":"https:\/\/educaredigital.online\/loja\/wp-json\/wp\/v2\/types\/product"}],"replies":[{"embeddable":true,"href":"https:\/\/educaredigital.online\/loja\/wp-json\/wp\/v2\/comments?post=3521"}],"wp:featuredmedia":[{"embeddable":true,"href":"https:\/\/educaredigital.online\/loja\/wp-json\/wp\/v2\/media\/3520"}],"wp:attachment":[{"href":"https:\/\/educaredigital.online\/loja\/wp-json\/wp\/v2\/media?parent=3521"}],"wp:term":[{"taxonomy":"product_brand","embeddable":true,"href":"https:\/\/educaredigital.online\/loja\/wp-json\/wp\/v2\/product_brand?post=3521"},{"taxonomy":"product_cat","embeddable":true,"href":"https:\/\/educaredigital.online\/loja\/wp-json\/wp\/v2\/product_cat?post=3521"},{"taxonomy":"product_tag","embeddable":true,"href":"https:\/\/educaredigital.online\/loja\/wp-json\/wp\/v2\/product_tag?post=3521"}],"curies":[{"name":"wp","href":"https:\/\/api.w.org\/{rel}","templated":true}]}}