{"id":3519,"date":"2026-03-23T11:16:25","date_gmt":"2026-03-23T11:16:25","guid":{"rendered":"https:\/\/educaredigital.online\/loja\/produto\/kit-medica\/"},"modified":"2026-04-27T11:47:50","modified_gmt":"2026-04-27T11:47:50","slug":"kit-medica","status":"publish","type":"product","link":"https:\/\/educaredigital.online\/loja\/produto\/kit-medica\/","title":{"rendered":"Kit M\u00e9dica"},"content":{"rendered":"<div class=\"ds-message _63c77b1\">\n<div class=\"ds-markdown\">\n<p class=\"ds-markdown-paragraph\"><strong>Kit M\u00e9dica<\/strong>\u00a0geralmente inclui acess\u00f3rios como <strong>estetosc\u00f3pio, term\u00f4metro, seringa, otosc\u00f3pio, martelo de reflexos, placa de identifica\u00e7\u00e3o e uma pr\u00e1tica maleta para transporte e organiza\u00e7\u00e3o<\/strong> . Desenvolvido para estimular a imagina\u00e7\u00e3o, a coordena\u00e7\u00e3o motora e a intera\u00e7\u00e3o social, o brinquedo permite que as crian\u00e7as assumam o papel de m\u00e9dicas, veterin\u00e1rias ou profissionais da sa\u00fade, promovendo momentos de cuidado, acolhimento e divers\u00e3o compartilhada entre pais e filhos .<\/p>\n<div class=\"details-table-wrapper\">\n<table class=\"product-details-table\">\n<tbody>\n<tr>\n<td>Marca<\/td>\n<td>Pais e Filhos<\/td>\n<\/tr>\n<tr>\n<td>Material<\/td>\n<td>\u00a0Pl\u00e1stico<\/td>\n<\/tr>\n<tr>\n<td>Faixa Et\u00e1ria<\/td>\n<td>A partir de 3 Anos<\/td>\n<\/tr>\n<\/tbody>\n<\/table>\n<\/div>\n<\/div>\n<\/div>\n","protected":false},"excerpt":{"rendered":"<p>Kit M\u00e9dica\u00a0geralmente inclui acess\u00f3rios como estetosc\u00f3pio, term\u00f4metro, seringa, otosc\u00f3pio, martelo de reflexos, placa de identifica\u00e7\u00e3o e uma pr\u00e1tica maleta para transporte e organiza\u00e7\u00e3o . Desenvolvido para estimular a imagina\u00e7\u00e3o, a coordena\u00e7\u00e3o motora e a intera\u00e7\u00e3o social, o brinquedo permite que<\/p>\n","protected":false},"featured_media":3518,"comment_status":"open","ping_status":"closed","template":"","meta":[],"product_brand":[233],"product_cat":[213],"product_tag":[],"class_list":{"0":"post-3519","1":"product","2":"type-product","3":"status-publish","6":"product_brand-pais-e-filhos","7":"product_cat-brinquedos-jogos-e-brinquedos","9":"first","10":"instock","11":"shipping-taxable","12":"purchasable","13":"product-type-simple"},"_links":{"self":[{"href":"https:\/\/educaredigital.online\/loja\/wp-json\/wp\/v2\/product\/3519","targetHints":{"allow":["GET"]}}],"collection":[{"href":"https:\/\/educaredigital.online\/loja\/wp-json\/wp\/v2\/product"}],"about":[{"href":"https:\/\/educaredigital.online\/loja\/wp-json\/wp\/v2\/types\/product"}],"replies":[{"embeddable":true,"href":"https:\/\/educaredigital.online\/loja\/wp-json\/wp\/v2\/comments?post=3519"}],"wp:featuredmedia":[{"embeddable":true,"href":"https:\/\/educaredigital.online\/loja\/wp-json\/wp\/v2\/media\/3518"}],"wp:attachment":[{"href":"https:\/\/educaredigital.online\/loja\/wp-json\/wp\/v2\/media?parent=3519"}],"wp:term":[{"taxonomy":"product_brand","embeddable":true,"href":"https:\/\/educaredigital.online\/loja\/wp-json\/wp\/v2\/product_brand?post=3519"},{"taxonomy":"product_cat","embeddable":true,"href":"https:\/\/educaredigital.online\/loja\/wp-json\/wp\/v2\/product_cat?post=3519"},{"taxonomy":"product_tag","embeddable":true,"href":"https:\/\/educaredigital.online\/loja\/wp-json\/wp\/v2\/product_tag?post=3519"}],"curies":[{"name":"wp","href":"https:\/\/api.w.org\/{rel}","templated":true}]}}