{"id":3515,"date":"2026-03-23T11:16:21","date_gmt":"2026-03-23T11:16:21","guid":{"rendered":"https:\/\/educaredigital.online\/loja\/produto\/bingo-do-desafio\/"},"modified":"2026-04-27T20:34:56","modified_gmt":"2026-04-27T20:34:56","slug":"bingo-do-desafio","status":"publish","type":"product","link":"https:\/\/educaredigital.online\/loja\/produto\/bingo-do-desafio\/","title":{"rendered":"Bingo do Desafio"},"content":{"rendered":"<div class=\"details-table-wrapper\">\n<div class=\"ds-message _63c77b1\">\n<div class=\"ds-markdown\">\n<p class=\"ds-markdown-paragraph\">Bingo do Desafio, \u00e9 uma vers\u00e3o interativa do bingo tradicional que substitui os n\u00fameros por desafios divertidos. Neste jogo din\u00e2mico e envolvente, os participantes precisam cumprir tarefas como soletrar palavras, imitar animais ou realizar a\u00e7\u00f5es engra\u00e7adas. A cada acerto, o jogador coloca uma ficha colorida em seu tabuleiro, e o vencedor \u00e9 quem primeiro preencher todas as casas ou ativar todos os &#8220;pontos da mente&#8221;.<\/p>\n<p class=\"ds-markdown-paragraph\">\u00a0O jogo vem com <strong>4 tabuleiros, 112 cartas e 80 fichas<\/strong>. Mais do que entretenimento, ele \u00e9 uma ferramenta educativa que estimula o\u00a0<strong>racioc\u00ednio l\u00f3gico, a coordena\u00e7\u00e3o motora, a mem\u00f3ria e a concentra\u00e7\u00e3o<\/strong>. Esta edi\u00e7\u00e3o faz parte da &#8220;Linha S\u00eanior&#8221; da marca, sendo especialmente desenvolvida para manter a mente ativa em todas as idades.<\/p>\n<\/div>\n<\/div>\n<table class=\"product-details-table\">\n<tbody>\n<tr>\n<td>Marca<\/td>\n<td>Pais e Filhos<\/td>\n<\/tr>\n<tr>\n<td>Material<\/td>\n<td>Papel Cart\u00e3o<\/td>\n<\/tr>\n<tr>\n<td>Faixa Et\u00e1ria<\/td>\n<td>A partir de 6 a 99 Anos<\/td>\n<\/tr>\n<tr>\n<td>Quantidade De Jogadores<\/td>\n<td>2 a 4 Jogadores<\/td>\n<\/tr>\n<\/tbody>\n<\/table>\n<\/div>\n","protected":false},"excerpt":{"rendered":"<p>Bingo do Desafio, \u00e9 uma vers\u00e3o interativa do bingo tradicional que substitui os n\u00fameros por desafios divertidos. Neste jogo din\u00e2mico e envolvente, os participantes precisam cumprir tarefas como soletrar palavras, imitar animais ou realizar a\u00e7\u00f5es engra\u00e7adas. A cada acerto, o<\/p>\n","protected":false},"featured_media":3514,"comment_status":"open","ping_status":"closed","template":"","meta":[],"product_brand":[233],"product_cat":[211],"product_tag":[],"class_list":{"0":"post-3515","1":"product","2":"type-product","3":"status-publish","6":"product_brand-pais-e-filhos","7":"product_cat-psicomotricidade-jogos-e-brinquedos","9":"first","10":"instock","11":"shipping-taxable","12":"purchasable","13":"product-type-simple"},"_links":{"self":[{"href":"https:\/\/educaredigital.online\/loja\/wp-json\/wp\/v2\/product\/3515","targetHints":{"allow":["GET"]}}],"collection":[{"href":"https:\/\/educaredigital.online\/loja\/wp-json\/wp\/v2\/product"}],"about":[{"href":"https:\/\/educaredigital.online\/loja\/wp-json\/wp\/v2\/types\/product"}],"replies":[{"embeddable":true,"href":"https:\/\/educaredigital.online\/loja\/wp-json\/wp\/v2\/comments?post=3515"}],"wp:featuredmedia":[{"embeddable":true,"href":"https:\/\/educaredigital.online\/loja\/wp-json\/wp\/v2\/media\/3514"}],"wp:attachment":[{"href":"https:\/\/educaredigital.online\/loja\/wp-json\/wp\/v2\/media?parent=3515"}],"wp:term":[{"taxonomy":"product_brand","embeddable":true,"href":"https:\/\/educaredigital.online\/loja\/wp-json\/wp\/v2\/product_brand?post=3515"},{"taxonomy":"product_cat","embeddable":true,"href":"https:\/\/educaredigital.online\/loja\/wp-json\/wp\/v2\/product_cat?post=3515"},{"taxonomy":"product_tag","embeddable":true,"href":"https:\/\/educaredigital.online\/loja\/wp-json\/wp\/v2\/product_tag?post=3515"}],"curies":[{"name":"wp","href":"https:\/\/api.w.org\/{rel}","templated":true}]}}