{"id":3513,"date":"2026-03-23T11:16:17","date_gmt":"2026-03-23T11:16:17","guid":{"rendered":"https:\/\/educaredigital.online\/loja\/produto\/ativando-a-memoria\/"},"modified":"2026-04-27T20:37:01","modified_gmt":"2026-04-27T20:37:01","slug":"ativando-a-memoria","status":"publish","type":"product","link":"https:\/\/educaredigital.online\/loja\/produto\/ativando-a-memoria\/","title":{"rendered":"Ativando a Mem\u00f3ria"},"content":{"rendered":"<p class=\"ds-markdown-paragraph\">\u00a0<strong>Ativando a Mem\u00f3ria<\/strong> \u00e9 um jogo de tabuleiro din\u00e2mico no qual os participantes devem usar a l\u00f3gica e as dicas para adivinhar palavras de cinco temas: <strong>alimentos, animais, lugares, natureza e objetos<\/strong>. Em cada rodada, um jogador tira uma carta e deve dar pistas para que os outros descubram a palavra sorteada; quanto menos dicas forem necess\u00e1rias, mais casas o time avan\u00e7a no tabuleiro.<\/p>\n<p class=\"ds-markdown-paragraph\">Este jogo trabalha habilidades como racioc\u00ednio l\u00f3gico, comunica\u00e7\u00e3o e concentra\u00e7\u00e3o. Faz parte da <strong>Linha S\u00eanior<\/strong>\u00a0da marca, sendo inclusive recomendado para manter a mente ativa tamb\u00e9m entre adultos e idosos.<\/p>\n<div class=\"details-table-wrapper\">\n<table class=\"product-details-table\">\n<tbody>\n<tr>\n<td>Marca<\/td>\n<td>Pais e Filhos<\/td>\n<\/tr>\n<tr>\n<td>Material<\/td>\n<td>\u00a0Papel Cart\u00e3o<\/td>\n<\/tr>\n<tr>\n<td>Faixa Et\u00e1ria<\/td>\n<td>A partir de 6 Anos<\/td>\n<\/tr>\n<tr>\n<td>Quantidade De Jogadores<\/td>\n<td>2 a 4 Jogadores<\/td>\n<\/tr>\n<\/tbody>\n<\/table>\n<\/div>\n","protected":false},"excerpt":{"rendered":"<p>\u00a0Ativando a Mem\u00f3ria \u00e9 um jogo de tabuleiro din\u00e2mico no qual os participantes devem usar a l\u00f3gica e as dicas para adivinhar palavras de cinco temas: alimentos, animais, lugares, natureza e objetos. Em cada rodada, um jogador tira uma carta<\/p>\n","protected":false},"featured_media":3512,"comment_status":"open","ping_status":"closed","template":"","meta":[],"product_brand":[233],"product_cat":[212],"product_tag":[],"class_list":{"0":"post-3513","1":"product","2":"type-product","3":"status-publish","6":"product_brand-pais-e-filhos","7":"product_cat-tabuleiros-jogos-e-brinquedos","9":"first","10":"instock","11":"shipping-taxable","12":"purchasable","13":"product-type-simple"},"_links":{"self":[{"href":"https:\/\/educaredigital.online\/loja\/wp-json\/wp\/v2\/product\/3513","targetHints":{"allow":["GET"]}}],"collection":[{"href":"https:\/\/educaredigital.online\/loja\/wp-json\/wp\/v2\/product"}],"about":[{"href":"https:\/\/educaredigital.online\/loja\/wp-json\/wp\/v2\/types\/product"}],"replies":[{"embeddable":true,"href":"https:\/\/educaredigital.online\/loja\/wp-json\/wp\/v2\/comments?post=3513"}],"wp:featuredmedia":[{"embeddable":true,"href":"https:\/\/educaredigital.online\/loja\/wp-json\/wp\/v2\/media\/3512"}],"wp:attachment":[{"href":"https:\/\/educaredigital.online\/loja\/wp-json\/wp\/v2\/media?parent=3513"}],"wp:term":[{"taxonomy":"product_brand","embeddable":true,"href":"https:\/\/educaredigital.online\/loja\/wp-json\/wp\/v2\/product_brand?post=3513"},{"taxonomy":"product_cat","embeddable":true,"href":"https:\/\/educaredigital.online\/loja\/wp-json\/wp\/v2\/product_cat?post=3513"},{"taxonomy":"product_tag","embeddable":true,"href":"https:\/\/educaredigital.online\/loja\/wp-json\/wp\/v2\/product_tag?post=3513"}],"curies":[{"name":"wp","href":"https:\/\/api.w.org\/{rel}","templated":true}]}}