{"id":3509,"date":"2026-03-23T11:16:13","date_gmt":"2026-03-23T11:16:13","guid":{"rendered":"https:\/\/educaredigital.online\/loja\/produto\/show-do-milhao\/"},"modified":"2026-04-27T20:51:22","modified_gmt":"2026-04-27T20:51:22","slug":"show-do-milhao","status":"publish","type":"product","link":"https:\/\/educaredigital.online\/loja\/produto\/show-do-milhao\/","title":{"rendered":"Show do Milh\u00e3o"},"content":{"rendered":"<p class=\"ds-markdown-paragraph\"><strong>Show do Milh\u00e3o<\/strong>\u00a0traz para a sua casa toda a emo\u00e7\u00e3o do famoso programa de perguntas e respostas da televis\u00e3o brasileira. Em um tabuleiro colorido e interativo, os jogadores devem responder corretamente a\u00a0<strong>mais de 800 perguntas<\/strong>\u00a0sobre conhecimentos gerais, matem\u00e1tica, ci\u00eancias e cultura, avan\u00e7ando no caminho da sorte at\u00e9 se tornarem milion\u00e1rios. Com\u00a0<strong>duas formas de jogar<\/strong>\u00a0(individualmente ou todos ao mesmo tempo), o jogo simula a tens\u00e3o do programa e estimula o racioc\u00ednio r\u00e1pido, a mem\u00f3ria e o esp\u00edrito competitivo de forma saud\u00e1vel.<\/p>\n<p class=\"ds-markdown-paragraph\">O jogo acompanha um conjunto completo de componentes:\u00a0<strong>168 cartas de perguntas<\/strong>,\u00a0<strong>36 fichas de ajuda<\/strong>,\u00a0<strong>24 fichas de respostas<\/strong>,\u00a0<strong>6 pe\u00f5es<\/strong>,\u00a0<strong>4 cartas auxiliares<\/strong>, um tabuleiro e um manual de regras. O\u00a0Show do Milh\u00e3o \u00e9 uma ferramenta did\u00e1tica e emocionante que promove intera\u00e7\u00e3o entre familiares e amigos, transformando cada partida em uma oportunidade de testar e ampliar conhecimentos enquanto se diverte.<\/p>\n<div class=\"details-table-wrapper\">\n<table class=\"product-details-table\">\n<tbody>\n<tr>\n<td>Marca<\/td>\n<td>Pais e Filhos<\/td>\n<\/tr>\n<tr>\n<td>Material<\/td>\n<td>Papel Cart\u00e3o e Pl\u00e1stico<\/td>\n<\/tr>\n<tr>\n<td>Faixa Et\u00e1ria<\/td>\n<td>A partir de 7 Anos<\/td>\n<\/tr>\n<tr>\n<td>Quantidade De Jogadores<\/td>\n<td>\u00a03 a 7 Jogadores<\/td>\n<\/tr>\n<\/tbody>\n<\/table>\n<\/div>\n","protected":false},"excerpt":{"rendered":"<p>Show do Milh\u00e3o\u00a0traz para a sua casa toda a emo\u00e7\u00e3o do famoso programa de perguntas e respostas da televis\u00e3o brasileira. Em um tabuleiro colorido e interativo, os jogadores devem responder corretamente a\u00a0mais de 800 perguntas\u00a0sobre conhecimentos gerais, matem\u00e1tica, ci\u00eancias e<\/p>\n","protected":false},"featured_media":3508,"comment_status":"open","ping_status":"closed","template":"","meta":[],"product_brand":[233],"product_cat":[212],"product_tag":[],"class_list":{"0":"post-3509","1":"product","2":"type-product","3":"status-publish","6":"product_brand-pais-e-filhos","7":"product_cat-tabuleiros-jogos-e-brinquedos","9":"first","10":"instock","11":"shipping-taxable","12":"purchasable","13":"product-type-simple"},"_links":{"self":[{"href":"https:\/\/educaredigital.online\/loja\/wp-json\/wp\/v2\/product\/3509","targetHints":{"allow":["GET"]}}],"collection":[{"href":"https:\/\/educaredigital.online\/loja\/wp-json\/wp\/v2\/product"}],"about":[{"href":"https:\/\/educaredigital.online\/loja\/wp-json\/wp\/v2\/types\/product"}],"replies":[{"embeddable":true,"href":"https:\/\/educaredigital.online\/loja\/wp-json\/wp\/v2\/comments?post=3509"}],"wp:featuredmedia":[{"embeddable":true,"href":"https:\/\/educaredigital.online\/loja\/wp-json\/wp\/v2\/media\/3508"}],"wp:attachment":[{"href":"https:\/\/educaredigital.online\/loja\/wp-json\/wp\/v2\/media?parent=3509"}],"wp:term":[{"taxonomy":"product_brand","embeddable":true,"href":"https:\/\/educaredigital.online\/loja\/wp-json\/wp\/v2\/product_brand?post=3509"},{"taxonomy":"product_cat","embeddable":true,"href":"https:\/\/educaredigital.online\/loja\/wp-json\/wp\/v2\/product_cat?post=3509"},{"taxonomy":"product_tag","embeddable":true,"href":"https:\/\/educaredigital.online\/loja\/wp-json\/wp\/v2\/product_tag?post=3509"}],"curies":[{"name":"wp","href":"https:\/\/api.w.org\/{rel}","templated":true}]}}