{"id":3507,"date":"2026-03-23T11:16:12","date_gmt":"2026-03-23T11:16:12","guid":{"rendered":"https:\/\/educaredigital.online\/loja\/produto\/jogo-da-velha-e-domino\/"},"modified":"2026-04-27T20:53:55","modified_gmt":"2026-04-27T20:53:55","slug":"jogo-da-velha-e-domino","status":"publish","type":"product","link":"https:\/\/educaredigital.online\/loja\/produto\/jogo-da-velha-e-domino\/","title":{"rendered":"Jogo da Velha e Domin\u00f3"},"content":{"rendered":"<div class=\"ds-message _63c77b1\">\n<div class=\"ds-markdown\">\n<p class=\"ds-markdown-paragraph\"><strong>Jogo da Velha e Domin\u00f3<\/strong>, \u00e9 um kit <strong>2 em 1 com pe\u00e7as grandes e coloridas<\/strong>\u00a0que re\u00fane dois cl\u00e1ssicos universais em um \u00fanico produto. O conjunto \u00e9 composto por\u00a0<strong>28 pe\u00e7as de domin\u00f3 e 1 tabuleiro de jogo da velha com 5 pe\u00e7as para cada s\u00edmbolo<\/strong>, proporcionando divers\u00e3o dupla e estimulando diferentes habilidades, ele auxilia no desenvolvimento do racioc\u00ednio l\u00f3gico, da percep\u00e7\u00e3o visual, da coordena\u00e7\u00e3o motora, da fala e da concentra\u00e7\u00e3o.<\/p>\n<p class=\"ds-markdown-paragraph\">O produto faz parte da\u00a0<strong>Linha S\u00eanior da marca<\/strong>, sendo uma ferramenta vers\u00e1til para manter a mente ativa em todas as idades. Seja para uma partida r\u00e1pida e estrat\u00e9gica que exige antecipar movimentos, ou para uma jogada mais calma que trabalha a associa\u00e7\u00e3o de pe\u00e7as, este jogo oferece uma experi\u00eancia educativa de alto valor. Perfeito para momentos em fam\u00edlia, na escola ou at\u00e9 em atividades terap\u00eauticas, ele garante entretenimento de qualidade e aprendizado cont\u00ednuo.<\/p>\n<\/div>\n<\/div>\n<div class=\"details-table-wrapper\">\n<table class=\"product-details-table\">\n<tbody>\n<tr>\n<td>Marca<\/td>\n<td>Pais e Filhos<\/td>\n<\/tr>\n<tr>\n<td>Material<\/td>\n<td>Papel Cart\u00e3o e MDF<\/td>\n<\/tr>\n<tr>\n<td>Faixa Et\u00e1ria<\/td>\n<td>A partir de 4 Anos<\/td>\n<\/tr>\n<tr>\n<td>Quantidade De Jogadores<\/td>\n<td>2 Jogadores<\/td>\n<\/tr>\n<\/tbody>\n<\/table>\n<\/div>\n","protected":false},"excerpt":{"rendered":"<p>Jogo da Velha e Domin\u00f3, \u00e9 um kit 2 em 1 com pe\u00e7as grandes e coloridas\u00a0que re\u00fane dois cl\u00e1ssicos universais em um \u00fanico produto. O conjunto \u00e9 composto por\u00a028 pe\u00e7as de domin\u00f3 e 1 tabuleiro de jogo da velha com<\/p>\n","protected":false},"featured_media":3506,"comment_status":"open","ping_status":"closed","template":"","meta":[],"product_brand":[233],"product_cat":[211],"product_tag":[],"class_list":{"0":"post-3507","1":"product","2":"type-product","3":"status-publish","6":"product_brand-pais-e-filhos","7":"product_cat-psicomotricidade-jogos-e-brinquedos","9":"first","10":"instock","11":"shipping-taxable","12":"purchasable","13":"product-type-simple"},"_links":{"self":[{"href":"https:\/\/educaredigital.online\/loja\/wp-json\/wp\/v2\/product\/3507","targetHints":{"allow":["GET"]}}],"collection":[{"href":"https:\/\/educaredigital.online\/loja\/wp-json\/wp\/v2\/product"}],"about":[{"href":"https:\/\/educaredigital.online\/loja\/wp-json\/wp\/v2\/types\/product"}],"replies":[{"embeddable":true,"href":"https:\/\/educaredigital.online\/loja\/wp-json\/wp\/v2\/comments?post=3507"}],"wp:featuredmedia":[{"embeddable":true,"href":"https:\/\/educaredigital.online\/loja\/wp-json\/wp\/v2\/media\/3506"}],"wp:attachment":[{"href":"https:\/\/educaredigital.online\/loja\/wp-json\/wp\/v2\/media?parent=3507"}],"wp:term":[{"taxonomy":"product_brand","embeddable":true,"href":"https:\/\/educaredigital.online\/loja\/wp-json\/wp\/v2\/product_brand?post=3507"},{"taxonomy":"product_cat","embeddable":true,"href":"https:\/\/educaredigital.online\/loja\/wp-json\/wp\/v2\/product_cat?post=3507"},{"taxonomy":"product_tag","embeddable":true,"href":"https:\/\/educaredigital.online\/loja\/wp-json\/wp\/v2\/product_tag?post=3507"}],"curies":[{"name":"wp","href":"https:\/\/api.w.org\/{rel}","templated":true}]}}