{"id":3505,"date":"2026-03-23T11:16:10","date_gmt":"2026-03-23T11:16:10","guid":{"rendered":"https:\/\/educaredigital.online\/loja\/produto\/vegetais-crecrec-madeira\/"},"modified":"2026-04-27T11:48:50","modified_gmt":"2026-04-27T11:48:50","slug":"vegetais-crecrec-madeira","status":"publish","type":"product","link":"https:\/\/educaredigital.online\/loja\/produto\/vegetais-crecrec-madeira\/","title":{"rendered":"Vegetais Crec Crec &#8211; Madeira"},"content":{"rendered":"<div class=\"ds-message _63c77b1\">\n<div class=\"ds-markdown\">\n<p class=\"ds-markdown-paragraph\">O\u00a0<strong>Vegetais Crec Crec &#8211; Madeira<\/strong>\u00a0\u00e9 um brinquedo educativo da Brinqmutti que simula o ato de cortar legumes de forma l\u00fadica e segura. Composto por pe\u00e7as de madeira unidas por velcro, o conjunto inclui uma faca de madeira que permite \u00e0 crian\u00e7a &#8220;cortar&#8221; os vegetais ao meio, produzindo um divertido efeito sonoro de &#8220;crec-crec&#8221;. Ideal para crian\u00e7as a partir de 3 anos, o brinquedo estimula a coordena\u00e7\u00e3o motora fina, o faz de conta e a familiariza\u00e7\u00e3o com alimentos saud\u00e1veis, sendo perfeito para brincadeiras de cozinha ou feirinha.<\/p>\n<div class=\"details-table-wrapper\">\n<table class=\"product-details-table\">\n<tbody>\n<tr>\n<td>Marca<\/td>\n<td>Pais e Filhos<\/td>\n<\/tr>\n<tr>\n<td>Material<\/td>\n<td>MDF<\/td>\n<\/tr>\n<tr>\n<td>Faixa Et\u00e1ria<\/td>\n<td>A partir de 3 Anos<\/td>\n<\/tr>\n<\/tbody>\n<\/table>\n<\/div>\n<\/div>\n<\/div>\n","protected":false},"excerpt":{"rendered":"<p>O\u00a0Vegetais Crec Crec &#8211; Madeira\u00a0\u00e9 um brinquedo educativo da Brinqmutti que simula o ato de cortar legumes de forma l\u00fadica e segura. Composto por pe\u00e7as de madeira unidas por velcro, o conjunto inclui uma faca de madeira que permite \u00e0<\/p>\n","protected":false},"featured_media":3504,"comment_status":"open","ping_status":"closed","template":"","meta":[],"product_brand":[233],"product_cat":[213],"product_tag":[],"class_list":{"0":"post-3505","1":"product","2":"type-product","3":"status-publish","6":"product_brand-pais-e-filhos","7":"product_cat-brinquedos-jogos-e-brinquedos","9":"first","10":"instock","11":"shipping-taxable","12":"purchasable","13":"product-type-simple"},"_links":{"self":[{"href":"https:\/\/educaredigital.online\/loja\/wp-json\/wp\/v2\/product\/3505","targetHints":{"allow":["GET"]}}],"collection":[{"href":"https:\/\/educaredigital.online\/loja\/wp-json\/wp\/v2\/product"}],"about":[{"href":"https:\/\/educaredigital.online\/loja\/wp-json\/wp\/v2\/types\/product"}],"replies":[{"embeddable":true,"href":"https:\/\/educaredigital.online\/loja\/wp-json\/wp\/v2\/comments?post=3505"}],"wp:featuredmedia":[{"embeddable":true,"href":"https:\/\/educaredigital.online\/loja\/wp-json\/wp\/v2\/media\/3504"}],"wp:attachment":[{"href":"https:\/\/educaredigital.online\/loja\/wp-json\/wp\/v2\/media?parent=3505"}],"wp:term":[{"taxonomy":"product_brand","embeddable":true,"href":"https:\/\/educaredigital.online\/loja\/wp-json\/wp\/v2\/product_brand?post=3505"},{"taxonomy":"product_cat","embeddable":true,"href":"https:\/\/educaredigital.online\/loja\/wp-json\/wp\/v2\/product_cat?post=3505"},{"taxonomy":"product_tag","embeddable":true,"href":"https:\/\/educaredigital.online\/loja\/wp-json\/wp\/v2\/product_tag?post=3505"}],"curies":[{"name":"wp","href":"https:\/\/api.w.org\/{rel}","templated":true}]}}