{"id":3503,"date":"2026-03-23T11:16:09","date_gmt":"2026-03-23T11:16:09","guid":{"rendered":"https:\/\/educaredigital.online\/loja\/produto\/desafio-tetris\/"},"modified":"2026-04-27T20:56:47","modified_gmt":"2026-04-27T20:56:47","slug":"desafio-tetris","status":"publish","type":"product","link":"https:\/\/educaredigital.online\/loja\/produto\/desafio-tetris\/","title":{"rendered":"\u00a0Desafio Tetris"},"content":{"rendered":"<div class=\"ds-message _63c77b1\">\n<div class=\"ds-markdown\">\n<p class=\"ds-markdown-paragraph\">Desafio Tetris, coloca \u00e0 prova o equil\u00edbrio, a coordena\u00e7\u00e3o motora e o racioc\u00ednio l\u00f3gico em partidas din\u00e2micas .A mec\u00e2nica central pode variar conforme a vers\u00e3o do jogo, mas o desafio principal geralmente envolve manusear as pe\u00e7as sobre uma estrutura oscilante para que ela n\u00e3o desabe, ou em outras edi\u00e7\u00f5es, a miss\u00e3o \u00e9 encaixar pe\u00e7as nos espa\u00e7os de fichas de diferentes n\u00edveis de dificuldade.<\/p>\n<p class=\"ds-markdown-paragraph\">Al\u00e9m da divers\u00e3o, o jogo \u00e9 uma ferramenta educativa que trabalha a\u00a0<strong>concentra\u00e7\u00e3o, a percep\u00e7\u00e3o espacial e at\u00e9 mesmo o autocontrole<\/strong>. Contando com\u00a0<strong>16 pe\u00e7as coloridas, uma torre, um suporte e cartas<\/strong>\u00a0que determinam os movimentos, o Desafio Tetris promove a intera\u00e7\u00e3o e momentos de tens\u00e3o positiva entre todos os participantes, sendo uma excelente op\u00e7\u00e3o para entreter e desenvolver habilidades.<\/p>\n<\/div>\n<\/div>\n<div class=\"ds-theme\"><\/div>\n<div class=\"ds-flex _0a3d93b\">\n<div class=\"ds-flex _965abe9 _54866f7\">\n<div class=\"db183363 ds-icon-button ds-icon-button--m ds-icon-button--sizing-container\" tabindex=\"0\" role=\"button\" aria-disabled=\"false\"><\/div>\n<\/div>\n<\/div>\n<div class=\"details-table-wrapper\">\n<table class=\"product-details-table\">\n<tbody>\n<tr>\n<td>Marca<\/td>\n<td>Pais e Filhos<\/td>\n<\/tr>\n<tr>\n<td>Material<\/td>\n<td>\u00a0Resina Termopl\u00e1stica e Papel Cart\u00e3o<\/td>\n<\/tr>\n<tr>\n<td>Faixa Et\u00e1ria<\/td>\n<td>A partir de 4 Anos<\/td>\n<\/tr>\n<tr>\n<td>Quantidade De Jogadores<\/td>\n<td>2 a 4 Jogadores<\/td>\n<\/tr>\n<\/tbody>\n<\/table>\n<\/div>\n","protected":false},"excerpt":{"rendered":"<p>Desafio Tetris, coloca \u00e0 prova o equil\u00edbrio, a coordena\u00e7\u00e3o motora e o racioc\u00ednio l\u00f3gico em partidas din\u00e2micas .A mec\u00e2nica central pode variar conforme a vers\u00e3o do jogo, mas o desafio principal geralmente envolve manusear as pe\u00e7as sobre uma estrutura oscilante<\/p>\n","protected":false},"featured_media":3502,"comment_status":"open","ping_status":"closed","template":"","meta":[],"product_brand":[233],"product_cat":[211],"product_tag":[],"class_list":{"0":"post-3503","1":"product","2":"type-product","3":"status-publish","6":"product_brand-pais-e-filhos","7":"product_cat-psicomotricidade-jogos-e-brinquedos","9":"first","10":"instock","11":"shipping-taxable","12":"purchasable","13":"product-type-simple"},"_links":{"self":[{"href":"https:\/\/educaredigital.online\/loja\/wp-json\/wp\/v2\/product\/3503","targetHints":{"allow":["GET"]}}],"collection":[{"href":"https:\/\/educaredigital.online\/loja\/wp-json\/wp\/v2\/product"}],"about":[{"href":"https:\/\/educaredigital.online\/loja\/wp-json\/wp\/v2\/types\/product"}],"replies":[{"embeddable":true,"href":"https:\/\/educaredigital.online\/loja\/wp-json\/wp\/v2\/comments?post=3503"}],"wp:featuredmedia":[{"embeddable":true,"href":"https:\/\/educaredigital.online\/loja\/wp-json\/wp\/v2\/media\/3502"}],"wp:attachment":[{"href":"https:\/\/educaredigital.online\/loja\/wp-json\/wp\/v2\/media?parent=3503"}],"wp:term":[{"taxonomy":"product_brand","embeddable":true,"href":"https:\/\/educaredigital.online\/loja\/wp-json\/wp\/v2\/product_brand?post=3503"},{"taxonomy":"product_cat","embeddable":true,"href":"https:\/\/educaredigital.online\/loja\/wp-json\/wp\/v2\/product_cat?post=3503"},{"taxonomy":"product_tag","embeddable":true,"href":"https:\/\/educaredigital.online\/loja\/wp-json\/wp\/v2\/product_tag?post=3503"}],"curies":[{"name":"wp","href":"https:\/\/api.w.org\/{rel}","templated":true}]}}