{"id":3501,"date":"2026-03-23T11:16:07","date_gmt":"2026-03-23T11:16:07","guid":{"rendered":"https:\/\/educaredigital.online\/loja\/produto\/pula-dino\/"},"modified":"2026-04-27T11:49:02","modified_gmt":"2026-04-27T11:49:02","slug":"pula-dino","status":"publish","type":"product","link":"https:\/\/educaredigital.online\/loja\/produto\/pula-dino\/","title":{"rendered":"Pula Dino"},"content":{"rendered":"<p><strong>Pula Dino<\/strong>\u00a0\u00e9 um jogo de a\u00e7\u00e3o e suspense que testa a sorte e a concentra\u00e7\u00e3o dos participantes\u00a0. O jogo \u00e9 composto por um barril, um dinossauro de borracha e 16 adagas coloridas que s\u00e3o inseridas nos orif\u00edcios do barril\u00a0. Para iniciar, o Dino \u00e9 colocado no topo do barril e pressionado enquanto se gira no sentido hor\u00e1rio at\u00e9 ouvir o clique da trava ativada\u00a0.<\/p>\n<p>Cada participante, em sua vez, espeta uma adaga em qualquer buraco do barril . A emo\u00e7\u00e3o fica por conta da imprevisibilidade: o jogador que fizer o dinossauro saltar perde a rodada . Fabricado em <strong>resina termopl\u00e1stica<\/strong>, o jogo desenvolve a\u00a0<strong>aten\u00e7\u00e3o<\/strong>, a\u00a0<strong>coordena\u00e7\u00e3o motora<\/strong>, a\u00a0<strong>socializa\u00e7\u00e3o<\/strong>\u00a0e a\u00a0<strong>competi\u00e7\u00e3o saud\u00e1vel<\/strong>, garantindo momentos de divers\u00e3o e risadas para toda a fam\u00edlia\u00a0.<\/p>\n<div class=\"details-table-wrapper\">\n<table class=\"product-details-table\">\n<tbody>\n<tr>\n<td>Marca<\/td>\n<td>Pais e Filhos<\/td>\n<\/tr>\n<tr>\n<td>Material<\/td>\n<td>Pl\u00e1stico<\/td>\n<\/tr>\n<tr>\n<td>Faixa Et\u00e1ria<\/td>\n<td>A partir de 3 Anos<\/td>\n<\/tr>\n<tr>\n<td>Quantidade De Jogadores<\/td>\n<td>2 a 4 Jogadores<\/td>\n<\/tr>\n<\/tbody>\n<\/table>\n<\/div>\n","protected":false},"excerpt":{"rendered":"<p>Pula Dino\u00a0\u00e9 um jogo de a\u00e7\u00e3o e suspense que testa a sorte e a concentra\u00e7\u00e3o dos participantes\u00a0. O jogo \u00e9 composto por um barril, um dinossauro de borracha e 16 adagas coloridas que s\u00e3o inseridas nos orif\u00edcios do barril\u00a0. Para<\/p>\n","protected":false},"featured_media":3500,"comment_status":"open","ping_status":"closed","template":"","meta":[],"product_brand":[233],"product_cat":[213],"product_tag":[],"class_list":{"0":"post-3501","1":"product","2":"type-product","3":"status-publish","6":"product_brand-pais-e-filhos","7":"product_cat-brinquedos-jogos-e-brinquedos","9":"first","10":"instock","11":"shipping-taxable","12":"purchasable","13":"product-type-simple"},"_links":{"self":[{"href":"https:\/\/educaredigital.online\/loja\/wp-json\/wp\/v2\/product\/3501","targetHints":{"allow":["GET"]}}],"collection":[{"href":"https:\/\/educaredigital.online\/loja\/wp-json\/wp\/v2\/product"}],"about":[{"href":"https:\/\/educaredigital.online\/loja\/wp-json\/wp\/v2\/types\/product"}],"replies":[{"embeddable":true,"href":"https:\/\/educaredigital.online\/loja\/wp-json\/wp\/v2\/comments?post=3501"}],"wp:featuredmedia":[{"embeddable":true,"href":"https:\/\/educaredigital.online\/loja\/wp-json\/wp\/v2\/media\/3500"}],"wp:attachment":[{"href":"https:\/\/educaredigital.online\/loja\/wp-json\/wp\/v2\/media?parent=3501"}],"wp:term":[{"taxonomy":"product_brand","embeddable":true,"href":"https:\/\/educaredigital.online\/loja\/wp-json\/wp\/v2\/product_brand?post=3501"},{"taxonomy":"product_cat","embeddable":true,"href":"https:\/\/educaredigital.online\/loja\/wp-json\/wp\/v2\/product_cat?post=3501"},{"taxonomy":"product_tag","embeddable":true,"href":"https:\/\/educaredigital.online\/loja\/wp-json\/wp\/v2\/product_tag?post=3501"}],"curies":[{"name":"wp","href":"https:\/\/api.w.org\/{rel}","templated":true}]}}