{"id":3499,"date":"2026-03-23T11:16:03","date_gmt":"2026-03-23T11:16:03","guid":{"rendered":"https:\/\/educaredigital.online\/loja\/produto\/armadilha-do-pinguim\/"},"modified":"2026-04-27T11:49:08","modified_gmt":"2026-04-27T11:49:08","slug":"armadilha-do-pinguim","status":"publish","type":"product","link":"https:\/\/educaredigital.online\/loja\/produto\/armadilha-do-pinguim\/","title":{"rendered":"Armadilha Do Pinguim"},"content":{"rendered":"<p><strong>Jogo Armadilha do Pinguim<\/strong> \u00e9 um jogo de habilidade e estrat\u00e9gia que promete risadas e suspense para toda a fam\u00edlia. O objetivo \u00e9 girar a roleta, remover os blocos de gelo com o martelinho e evitar que o pinguim caia da plataforma . O jogo desenvolve a <strong>coordena\u00e7\u00e3o motora, a concentra\u00e7\u00e3o e o pensamento estrat\u00e9gico<\/strong>\u00a0de forma l\u00fadica .<\/p>\n<div class=\"details-table-wrapper\">\n<table class=\"product-details-table\">\n<tbody>\n<tr>\n<td>Marca<\/td>\n<td>Pais e Filhos<\/td>\n<\/tr>\n<tr>\n<td>Material<\/td>\n<td>Pl\u00e1tico<\/td>\n<\/tr>\n<tr>\n<td>Faixa Et\u00e1ria<\/td>\n<td>A partir de 5 Anos<\/td>\n<\/tr>\n<\/tbody>\n<\/table>\n<\/div>\n","protected":false},"excerpt":{"rendered":"<p>Jogo Armadilha do Pinguim \u00e9 um jogo de habilidade e estrat\u00e9gia que promete risadas e suspense para toda a fam\u00edlia. O objetivo \u00e9 girar a roleta, remover os blocos de gelo com o martelinho e evitar que o pinguim caia<\/p>\n","protected":false},"featured_media":3498,"comment_status":"open","ping_status":"closed","template":"","meta":[],"product_brand":[233],"product_cat":[213],"product_tag":[],"class_list":{"0":"post-3499","1":"product","2":"type-product","3":"status-publish","6":"product_brand-pais-e-filhos","7":"product_cat-brinquedos-jogos-e-brinquedos","9":"first","10":"instock","11":"shipping-taxable","12":"purchasable","13":"product-type-simple"},"_links":{"self":[{"href":"https:\/\/educaredigital.online\/loja\/wp-json\/wp\/v2\/product\/3499","targetHints":{"allow":["GET"]}}],"collection":[{"href":"https:\/\/educaredigital.online\/loja\/wp-json\/wp\/v2\/product"}],"about":[{"href":"https:\/\/educaredigital.online\/loja\/wp-json\/wp\/v2\/types\/product"}],"replies":[{"embeddable":true,"href":"https:\/\/educaredigital.online\/loja\/wp-json\/wp\/v2\/comments?post=3499"}],"wp:featuredmedia":[{"embeddable":true,"href":"https:\/\/educaredigital.online\/loja\/wp-json\/wp\/v2\/media\/3498"}],"wp:attachment":[{"href":"https:\/\/educaredigital.online\/loja\/wp-json\/wp\/v2\/media?parent=3499"}],"wp:term":[{"taxonomy":"product_brand","embeddable":true,"href":"https:\/\/educaredigital.online\/loja\/wp-json\/wp\/v2\/product_brand?post=3499"},{"taxonomy":"product_cat","embeddable":true,"href":"https:\/\/educaredigital.online\/loja\/wp-json\/wp\/v2\/product_cat?post=3499"},{"taxonomy":"product_tag","embeddable":true,"href":"https:\/\/educaredigital.online\/loja\/wp-json\/wp\/v2\/product_tag?post=3499"}],"curies":[{"name":"wp","href":"https:\/\/api.w.org\/{rel}","templated":true}]}}